{"id":21463,"date":"2025-05-12T10:58:01","date_gmt":"2025-05-12T07:58:01","guid":{"rendered":"https:\/\/theneweducator.com\/cookie-%e6%94%bf%e7%ad%96\/"},"modified":"2025-12-24T17:25:17","modified_gmt":"2025-12-24T14:25:17","slug":"cookie-%e6%94%bf%e7%ad%96","status":"publish","type":"page","link":"https:\/\/theneweducator.com\/zh-hant\/cookie-%E6%94%BF%E7%AD%96\/","title":{"rendered":"Cookie \u653f\u7b56"},"content":{"rendered":"\n<p class=\"has-text-align-center has-medium-font-size\"><strong>\u65b0\u6559\u80b2\u8005\u300cCookies\u300d\u539f\u5247<\/strong><\/p>\n\n<h1 class=\"wp-block-heading\"><strong>Cookies \u653f\u7b56<\/strong><\/h1>\n\n<p>\u70ba\u6709\u6548\u63d0\u4f9b\u670d\u52d9\u4e26\u63d0\u5347\u60a8\u7684\u6d88\u8cbb\u9ad4\u9a57\uff0c\u6211\u5011\u5728\u7db2\u7ad9\u53ca\u96fb\u5b50\u90f5\u4ef6\u901a\u8a0a\u4e2d\u4f7f\u7528\u591a\u7a2e\u7528\u9014\u7684cookies\u3002\u6b64\u5916\uff0c\u6211\u5011\u6b63\u5728\u958b\u767c\u4e00\u7a2e\u6a5f\u5236\uff0c\u8b93\u503c\u5f97\u4fe1\u8cf4\u7684\u5408\u4f5c\u5925\u4f34\u80fd\u5920\u5206\u4eab\u4ed6\u5011\u7684\u7d93\u9a57\uff0c\u4e26\u63d0\u5347\u5176\u7db2\u7ad9\u4e0a\u7684\u5ba2\u6236\u9ad4\u9a57\u54c1\u8cea\u3002\u672c\u653f\u7b56\u8aaa\u660e\u6211\u5011\uff08\u53ca\u5408\u4f5c\u5925\u4f34\uff09\u4f7f\u7528\u7684Cookies\u985e\u5225\u3001\u9019\u4e9bCookies\u7684\u4f7f\u7528\u76ee\u7684\uff0c\u4ee5\u53ca\u60a8\u5982\u4f55\u66f4\u6539\u60a8\u7684\u504f\u597d\u8a2d\u5b9a\u3002  <\/p>\n\n<h1 class=\"wp-block-heading\">\u4ec0\u9ebc\u662f\u300cCookies\u300d\uff1f<\/h1>\n\n<p>Cookies \u662f\u7531\u60a8\u7684\u700f\u89bd\u5668\u5132\u5b58\u65bc\u96fb\u8166\u786c\u789f\u4e2d\u7684\u5c0f\u578b\u8cc7\u8a0a\u7247\u6bb5\u3002\u6bcf\u7576\u60a8\u91cd\u65b0\u9020\u8a2a\u6211\u5011\u7684\u7db2\u7ad9\u6642\uff0c\u60a8\u7684\u7db2\u8def\u700f\u89bd\u5668\u6703\u5c07 Cookies \u50b3\u9001\u7d66\u6211\u5011\uff0c\u4ee5\u4fbf\u6211\u5011\u80fd\u66f4\u7cbe\u6e96\u5730\u5339\u914d\u60a8\u7684\u8208\u8da3\u8207\u504f\u597d\uff0c\u6216\u8b93\u60a8\u767b\u5165\u5e33\u6236\u4ee5\u4f7f\u7528\u6211\u5011\u7684\u670d\u52d9\uff0c\u5f9e\u800c\u70ba\u60a8\u63d0\u4f9b\u500b\u4eba\u5316\u7684\u4f7f\u7528\u8005\u9ad4\u9a57\u3002 <\/p>\n\n<h1 class=\"wp-block-heading\">\u6211\u5011\u4f7f\u7528\u54ea\u4e9bcookies\uff1f<\/h1>\n\n<p>\u6211\u5011\u4f7f\u7528\u7684Cookies\u80fd\u8b58\u5225\u518d\u6b21\u9020\u8a2a\u7db2\u7ad9\u7684\u6bcf\u4f4d\u6d88\u8cbb\u8005\uff0c\u8b93\u60a8\u7121\u9700\u91cd\u8907\u8f38\u5165\u76f8\u540c\u8cc7\u8a0a\u3002Cookies\u540c\u6642\u5354\u52a9\u6211\u5011\u7406\u89e3\u7db2\u7ad9\u8a2a\u5ba2\u7684\u6d41\u91cf\u6a21\u5f0f\uff0c\u5f9e\u800c\u63d0\u5347\u7db2\u7ad9\u7684\u5be6\u7528\u6027\u3002 <\/p>\n\n<h1 class=\"wp-block-heading\">\u6211\u5011\u7db2\u7ad9\u4e0a\u4f7f\u7528\u7684\u4e00\u4e9bCookie\u985e\u578b\u5982\u4e0b\uff1a<\/h1>\n\n<p>\u57fa\u790e\u9905\u4e7e<\/p>\n\n<p>\u57fa\u672cCookie\u7528\u65bc\u78ba\u4fdd\u60a8\u80fd\u5f9e\u6211\u5011\u7684\u7db2\u7ad9\u7372\u53d6\u6240\u9700\u670d\u52d9\u3002\u82e5\u7121\u9019\u4e9bCookie\uff0c\u6211\u5011\u5c07\u7121\u6cd5\u63d0\u4f9b\u60a8\u6240\u8acb\u6c42\u7684\u670d\u52d9\u3002\u4f8b\u5982\uff0c\u9019\u4e9bCookie\u53ef\u7528\u65bc\u4ee5\u4e0b\u76ee\u7684\uff1a  <\/p>\n\n<ul class=\"wp-block-list\">\n<li>\u78ba\u4fdd\u60a8\u7121\u9700\u6301\u7e8c\u767b\u5165\u670d\u52d9\u5373\u53ef\u5b58\u53d6\u6211\u5011\u7db2\u7ad9\u7684\u5b89\u5168\u5340\u57df<\/li>\n\n\n\n<li>\u5728\u540c\u4e00\u6703\u8a71\u4e2d\uff0c\u7576\u60a8\u8fd4\u56de\u5148\u524d\u700f\u89bd\u7684\u9801\u9762\u6642\uff0c\u7cfb\u7d71\u6703\u8a18\u4f4f\u60a8\u5148\u524d\u57f7\u884c\u7684\u64cd\u4f5c\uff08\u4f8b\u5982\u586b\u5beb\u7dda\u4e0a\u8868\u55ae\uff09\u3002<\/li>\n<\/ul>\n\n<h1 class=\"wp-block-heading\">\u6548\u80fd Cookie \u6a21\u7d44<\/h1>\n\n<p>\u6548\u80fd\u578bCookie\u53ef\u7528\u65bc\u6536\u96c6\u6709\u95dc\u7db2\u7ad9\u3001\u5ee3\u544a\u53ca\u96fb\u5b50\u90f5\u4ef6\u901a\u8a0a\u4f7f\u7528\u65b9\u5f0f\u7684\u8cc7\u8a0a\uff0c\u4e26\u5728\u767c\u751f\u932f\u8aa4\u6642\u901a\u77e5\u6211\u5011\u3002\u9019\u4e9b Cookie \u53ef\u7528\u65bc\u6536\u96c6\u76f8\u7576\u8a73\u7d30\u7684\u6280\u8853\u8cc7\u8a0a\uff0c\u4f8b\u5982\u6700\u8fd1\u700f\u89bd\u7684\u9801\u9762\u3001\u700f\u89bd\u7684\u9801\u9762\u6578\u91cf\u3001\u96fb\u5b50\u90f5\u4ef6\u662f\u5426\u88ab\u958b\u555f\u3001\u7db2\u7ad9\u6216\u96fb\u5b50\u90f5\u4ef6\u4e2d\u54ea\u4e9b\u90e8\u5206\u88ab\u9ede\u64ca\uff0c\u4ee5\u53ca\u9ede\u64ca\u4e4b\u9593\u7684\u6642\u9593\u9593\u9694\u3002\u96d6\u7136\u9019\u4e9b\u8cc7\u8a0a\u53ef\u80fd\u8207\u60a8\u7684IP\u4f4d\u5740\u3001\u7db2\u57df\u540d\u7a31\u6216\u700f\u89bd\u5668\u8cc7\u8a0a\u7b49\u7d30\u7bc0\u76f8\u95dc\u806f\uff0c\u4f46\u4e0d\u6703\u76f4\u63a5\u8b58\u5225\u60a8\u7684\u8eab\u4efd\uff0c\u50c5\u6703\u8207\u5176\u4ed6\u7528\u6236\u7684\u8cc7\u8a0a\u5408\u4f75\u9032\u884c\u5206\u6790\u3002  <\/p>\n\n<h1 class=\"wp-block-heading\">\u4f8b\u5982\uff0c\u9019\u4e9bCookie\u53ef\u5728\u6211\u5011\u7684\u7db2\u7ad9\u4e0a\u7528\u65bc\u4ee5\u4e0b\u76ee\u7684\uff1a<\/h1>\n\n<ul class=\"wp-block-list\">\n<li>\u5206\u6790\u4e26\u63d0\u5347\u6211\u5011\u7db2\u7ad9\u3001\u5ee3\u544a\u53ca\u96fb\u5b50\u90f5\u4ef6\u8a0a\u606f\u7684\u6548\u80fd\u8207\u8a2d\u8a08<\/li>\n\n\n\n<li>\u70ba\u63d0\u5347\u5ee3\u544a\u6210\u6548\uff0c\u8a08\u7b97\u5ee3\u544a\u7684\u9ede\u64ca\u6b21\u6578<\/li>\n<\/ul>\n\n<ul class=\"wp-block-list\">\n<li>\u70ba\u63d0\u5347\u670d\u52d9\u54c1\u8cea\u4e26\u8655\u7406\u76f8\u95dc\u6295\u8a34\uff0c\u6211\u5011\u5c07\u8a55\u4f30\u7db2\u7ad9\u4e0a\u51fa\u73fe\u7684\u932f\u8aa4\u3002<\/li>\n<\/ul>\n\n<h1 class=\"wp-block-heading\">\u5c0e\u5411 Cookie<\/h1>\n\n<p>\u6211\u5011\u53ef\u80fd\u5b58\u53d6\u5408\u4f5c\u5925\u4f34\u7db2\u7ad9\u767c\u9001\u81f3\u60a8\u88dd\u7f6e\u7684\u8f49\u4ecbcookies\u3002\u9019\u4e9bcookies\u7528\u65bc\u8b58\u5225\u7531\u5408\u4f5c\u5925\u4f34\u5f15\u5c0e\u81f3\u6211\u5011\u7db2\u7ad9\u7684\u6bcf\u4f4d\u8a2a\u5ba2\uff0c\u4e26\u4e86\u89e3\u9019\u4e9b\u8a2a\u5ba2\u662f\u5426\u66fe\u4f7f\u7528\u904e\u4efb\u4f55THE NEW EDUCATOR\u7684\u7522\u54c1\u6216\u670d\u52d9\u3002\u5728\u78ba\u4fdd\u8cc7\u8a0a\u4fdd\u6301\u533f\u540d\u4e14\u4e0d\u6703\u76f4\u63a5\u63ed\u9732\u60a8\u8eab\u4efd\u7684\u524d\u63d0\u4e0b\uff0c\u6211\u5011\u53ef\u80fd\u6703\u8207\u5408\u4f5c\u5925\u4f34\u5171\u4eab\u6b64\u985e\u8cc7\u8a0a\u3002  <\/p>\n\n<p>\u6211\u5011\u5c07\u4f7f\u7528\u9019\u4e9b\u8cc7\u8a0a\uff0c\u4ee5\u5c65\u884c\u5408\u7d04\u898f\u5b9a\u5c0d\u5408\u4f5c\u5925\u4f34\u6240\u8ca0\u7684\u7fa9\u52d9\uff0c\u4e26\u5354\u52a9\u5408\u4f5c\u5925\u4f34\u63d0\u5347\u5176\u7db2\u7ad9\u7684\u6548\u80fd\u3002<\/p>\n\n<h1 class=\"wp-block-heading\">\u529f\u80fd\u6027Cookie<\/h1>\n\n<p>\u70ba\u555f\u7528\u6211\u5011\u7db2\u7ad9\u4e0a\u7684\u5404\u7a2e\u8f14\u52a9\u529f\u80fd\uff0c\u6211\u5011\u53ef\u80fd\u6703\u4f7f\u7528\u975e\u5fc5\u8981\u7684\u529f\u80fd\u6027Cookie\u3002<\/p>\n\n<p>\u4f8b\u5982\uff0c\u9019\u4e9bCookie\u53ef\u5728\u6211\u5011\u7684\u7db2\u7ad9\u4e0a\u7528\u65bc\u4ee5\u4e0b\u76ee\u7684\uff1a<\/p>\n\n<ul class=\"wp-block-list\">\n<li>\u70ba\u514d\u60a8\u6bcf\u6b21\u90fd\u9700\u91cd\u65b0\u8f38\u5165\u9019\u4e9b\u8cc7\u8a0a\uff0c\u6211\u5011\u5c07\u8a18\u4f4f\u60a8\u4e0a\u6b21\u9020\u8a2a\u7db2\u7ad9\u6642\u6240\u9078\u64c7\u7684\u570b\u5bb6\/\u8a9e\u8a00\u3001\u8208\u8da3\u9818\u57df\uff0c\u4ee5\u53ca\u7db2\u7ad9\u5448\u73fe\u65b9\u5f0f\uff08\u7db2\u9801\u7248\u9762\u914d\u7f6e\u3001\u5b57\u9ad4\u5927\u5c0f\u3001\u8272\u5f69\u7b49\uff09\u7b49\u504f\u597d\u8a2d\u5b9a\u3002<\/li>\n\n\n\n<li>\u60a8\u4e0d\u9858\u53c3\u8207\u5ba2\u6236\u6eff\u610f\u5ea6\u8abf\u67e5\uff0c\u540c\u6642\u70ba\u907f\u514d\u60a8\u9700\u518d\u6b21\u56de\u7b54\u7db2\u7ad9\u63d0\u51fa\u7684\u554f\u984c\uff0c\u8acb\u8a18\u4f4f\u9019\u4e9b\u56de\u7b54\u3002<\/li>\n\n\n\n<li>\u8acb\u60a8\u78ba\u8a8d\u662f\u5426\u66fe\u63d0\u4f9b\u904e\u985e\u4f3c\u5373\u6642\u7dda\u4e0a\u5354\u52a9\u7684\u670d\u52d9<\/li>\n\n\n\n<li>\u63d0\u4f9b\u8cc7\u8a0a\u4ee5\u5141\u8a31\u53ef\u9078\u670d\u52d9\uff08\u4f8b\u5982\u89c0\u770b\u7dda\u4e0a\u5f71\u7247\u6216\u5728\u90e8\u843d\u683c\u767c\u8868\u8a55\u8ad6\uff09\u7684\u904b\u4f5c<\/li>\n<\/ul>\n\n<h1 class=\"wp-block-heading\">\u91dd\u5c0d\u76ee\u6a19\u53d7\u773e\u6216\u5ee3\u544a\u7528\u9014\u7684Cookies<\/h1>\n\n<p>\u91dd\u5c0d\u76ee\u6a19\u53d7\u773e\u6216\u5ee3\u544a\u7528\u9014\u7684Cookie\uff0c\u53ef\u7528\u65bc\u5728\u6211\u5011\u7684\u7db2\u7ad9\u4e0a\u5411\u60a8\u5c55\u793a\u6700\u7b26\u5408\u60a8\u8208\u8da3\u9818\u57df\u7684\u5ee3\u544a\u3002\u9019\u4e9bCookie\u53ef\u80fd\u5728\u60a8\u700f\u89bd\u7db2\u7ad9\u671f\u9593\uff0c\u6536\u96c6\u60a8\u700f\u89bd\u7fd2\u6163\u7684\u8a73\u7d30\u8cc7\u8a0a\uff08\u4f8b\u5982\u60a8\u66fe\u9ede\u64ca\u54ea\u4e9b\u7522\u54c1\u8207\u670d\u52d9\uff09\u3002\u6b64\u5916\uff0c\u7576\u60a8\u518d\u6b21\u9020\u8a2a\u6211\u5011\u7684\u7db2\u7ad9\u548c\/\u6216\u5ee3\u544a\u5408\u4f5c\u5925\u4f34\u7684\u7db2\u7ad9\u6642\uff0c\u9019\u4e9bcookies\u4e5f\u53ef\u7528\u65bc\u8b58\u5225\u60a8\u7684\u8eab\u4efd\u3002  <\/p>\n\n<p>\u4f8b\u5982\uff0c\u9019\u4e9bCookie\u53ef\u7528\u65bc\u6536\u96c6\u60a8\u5728\u6211\u5011\u7db2\u7ad9\u700f\u89bd\u6216\u67e5\u770b\u7684THE NEW EDUCATOR\u7522\u54c1\u8207\u670d\u52d9\u76f8\u95dc\u8cc7\u8a0a\uff0c\u4ee5\u4fbf\uff1a<\/p>\n\n<ul class=\"wp-block-list\">\n<li>\u60a8\u6b63\u5728\u700f\u89bd\u7684THE NEW EDUCATOR\u7522\u54c1\u8207\u670d\u52d9\uff0c\u53ef\u80fd\u6703\u5728\u7db2\u7ad9\u4e0a\u5411\u60a8\u5c55\u793a\u5ee3\u544a\u3002<\/li>\n\n\n\n<li>\u60a8\u53ef\u4ee5\u81ea\u8a02\u60a8\u6536\u5230\u7684\u96fb\u5b50\u90f5\u4ef6\u53ca\u5176\u4ed6\u76f4\u63a5\u884c\u92b7\u8a0a\u606f\u3002<\/li>\n\n\n\n<li>\u6211\u5011\u7684\u5ee3\u544a\u5408\u4f5c\u5925\u4f34\u53ef\u8b93\u60a8\u900f\u904e\u5176\u5ee3\u544a\u7db2\u7d61\u4e2d\u7684\u5176\u4ed6\u7db2\u7ad9\uff0c\u63a5\u89f8\u60a8\u6b63\u5728\u700f\u89bd\u7684THE NEW EDUCATOR\u7522\u54c1\u8207\u670d\u52d9\u76f8\u95dc\u5ee3\u544a\u3002<\/li>\n\n\n\n<li>\u9664\u4e86\u80fd\u5920\u8861\u91cf\u5ee3\u544a\u6d3b\u52d5\u7684\u6210\u6548\u4e4b\u5916\uff0c\u6211\u5011\u9084\u80fd\u9650\u5236\u60a8\u89c0\u770b\u540c\u4e00\u5247\u5ee3\u544a\u7684\u6b21\u6578\u3002<\/li>\n<\/ul>\n\n<p>THE NEW EDUCATOR \u53ca\/\u6216\u6211\u5011\u7684\u5ee3\u544a\u5408\u4f5c\u5925\u4f34\u53ef\u80fd\u6703\u5132\u5b58\u9019\u4e9b Cookie \u4e26\u5b58\u53d6\u5b83\u5011\u3002<\/p>\n\n<h1 class=\"wp-block-heading\">\u7b2c\u4e09\u65b9Cookie<\/h1>\n\n<p>\u4f7f\u7528\u6211\u5011\u7684\u7db2\u7ad9\u6642\uff0c\u60a8\u7684\u96fb\u8166\u53ef\u80fd\u6703\u5132\u5b58\u67d0\u4e9b\u4e0d\u53d7THE NEW EDUCATOR\u63a7\u5236\u7684cookies\u3002\u6b64\u60c5\u6cc1\u767c\u751f\u65bc\u60a8\u700f\u89bd\u7684\u9801\u9762\u5305\u542b\u7b2c\u4e09\u65b9\u7db2\u7ad9\u4f86\u6e90\u7684\u5167\u5bb9\u6642\uff0c\u8a72\u7b2c\u4e09\u65b9\u670d\u52d9\u6703\u5c0e\u81f4cookies\u5132\u5b58\u81f3\u60a8\u7684\u96fb\u8166\u3002\u7136\u800c\uff0c\u53ea\u8981\u60a8\u672a\u767b\u5165\u5e33\u6236\uff0c\u9019\u4e9bcookies\u5c07\u4e0d\u6703\u5132\u5b58\u4efb\u4f55\u500b\u4eba\u8cc7\u8a0a\u3002  <\/p>\n\n<p>\u4f8b\u5982\uff0c\u9019\u4e9bCookie\u7684\u4f86\u6e90\u53ef\u80fd\u5305\u62ec\uff1a<\/p>\n\n<ul class=\"wp-block-list\">\n<li>YouTube\u3001Instagram\u3001Google \u6216 Facebook<\/li>\n\n\n\n<li>\u53ef\u9760\u7684\u71df\u904b\u5546<\/li>\n\n\n\n<li>\u4ed8\u8cbb\u5a92\u9ad4\u6a5f\u69cb<\/li>\n\n\n\n<li>THE NEW EDUCATOR \u7684\u884c\u92b7\u6d3b\u52d5<\/li>\n<\/ul>\n\n<p>THE NEW EDUCATOR \u4e26\u4e0d\u63a7\u5236\u6b64\u985e Cookie \u7684\u5132\u5b58\u6216\u5c0d\u6b64\u985e Cookie \u7684\u5b58\u53d6\u3002\u82e5\u8981\u77ad\u89e3\u76f8\u95dc\u7b2c\u4e09\u65b9\u5982\u4f55\u4f7f\u7528 Cookie\uff0c\u60a8\u61c9\u67e5\u95b1\u9019\u4e9b\u670d\u52d9\u7684\u96b1\u79c1\u6b0a\u8207 Cookie \u653f\u7b56\u3002 <\/p>\n\n<h1 class=\"wp-block-heading\">\u8b8a\u66f4\u60a8\u7684Cookies\u8a2d\u5b9a<\/h1>\n\n<p>\u5927\u591a\u6578\u700f\u89bd\u5668\u5141\u8a31\u60a8\u5f9e\u96fb\u8166\u786c\u789f\u4e2d\u522a\u9664\u8b58\u5225\u78bc\u3001\u963b\u6b62\u63a5\u53d7\u8b58\u5225\u78bc\uff0c\u6216\u5728\u8b58\u5225\u78bc\u5132\u5b58\u524d\u6536\u5230\u8b66\u544a\u3002<\/p>\n\n<h1 class=\"wp-block-heading\">\u82e5\u505c\u7528Cookies\u6703\u767c\u751f\u4ec0\u9ebc\u60c5\u6cc1\uff1f<\/h1>\n\n<p>\u82e5\u60a8\u5c01\u9396\u6216\u522a\u9664Cookies\uff0c\u6211\u5011\u53ef\u80fd\u7121\u6cd5\u6062\u5fa9\u60a8\u5148\u524d\u8a2d\u5b9a\u7684\u504f\u597d\u6216\u81ea\u8a02\u8a2d\u5b9a\uff0c\u4e14\u5c07\u9650\u5236\u6211\u5011\u70ba\u60a8\u63d0\u4f9b\u500b\u4eba\u5316\u7dda\u4e0a\u4f7f\u7528\u9ad4\u9a57\u7684\u80fd\u529b\u3002<\/p>\n","protected":false},"excerpt":{"rendered":"<p>\u65b0\u6559\u80b2\u8005\u300cCookies\u300d\u539f\u5247 Cook [&hellip;]<\/p>\n","protected":false},"author":1,"featured_media":0,"parent":0,"menu_order":0,"comment_status":"closed","ping_status":"closed","template":"","meta":{"_acf_changed":false,"inline_featured_image":false,"footnotes":""},"class_list":["post-21463","page","type-page","status-publish","hentry"],"acf":[],"yoast_head":"<!-- This site is optimized with the Yoast SEO plugin v27.5 - https:\/\/yoast.com\/product\/yoast-seo-wordpress\/ -->\n<title>Cookie \u653f\u7b56 - OSSD - The New Educator<\/title>\n<meta name=\"robots\" content=\"index, follow, max-snippet:-1, max-image-preview:large, max-video-preview:-1\" \/>\n<link rel=\"canonical\" href=\"https:\/\/theneweducator.com\/zh-hant\/cookie-%E6%94%BF%E7%AD%96\/\" \/>\n<meta property=\"og:locale\" content=\"zh_TW\" \/>\n<meta property=\"og:type\" content=\"article\" \/>\n<meta property=\"og:title\" content=\"Cookie \u653f\u7b56 - OSSD - The New Educator\" \/>\n<meta property=\"og:description\" content=\"\u65b0\u6559\u80b2\u8005\u300cCookies\u300d\u539f\u5247 Cook [&hellip;]\" \/>\n<meta property=\"og:url\" content=\"https:\/\/theneweducator.com\/zh-hant\/cookie-%E6%94%BF%E7%AD%96\/\" \/>\n<meta property=\"og:site_name\" content=\"OSSD - The New Educator\" \/>\n<meta property=\"article:modified_time\" content=\"2025-12-24T14:25:17+00:00\" \/>\n<meta name=\"twitter:card\" content=\"summary_large_image\" \/>\n<script type=\"application\/ld+json\" class=\"yoast-schema-graph\">{\"@context\":\"https:\\\/\\\/schema.org\",\"@graph\":[{\"@type\":\"WebPage\",\"@id\":\"https:\\\/\\\/theneweducator.com\\\/zh-hant\\\/cookie-%E6%94%BF%E7%AD%96\\\/\",\"url\":\"https:\\\/\\\/theneweducator.com\\\/zh-hant\\\/cookie-%E6%94%BF%E7%AD%96\\\/\",\"name\":\"Cookie \u653f\u7b56 - OSSD - The New Educator\",\"isPartOf\":{\"@id\":\"https:\\\/\\\/theneweducator.com\\\/zh-hant\\\/#website\"},\"datePublished\":\"2025-05-12T07:58:01+00:00\",\"dateModified\":\"2025-12-24T14:25:17+00:00\",\"breadcrumb\":{\"@id\":\"https:\\\/\\\/theneweducator.com\\\/zh-hant\\\/cookie-%E6%94%BF%E7%AD%96\\\/#breadcrumb\"},\"inLanguage\":\"zh-TW\",\"potentialAction\":[{\"@type\":\"ReadAction\",\"target\":[\"https:\\\/\\\/theneweducator.com\\\/zh-hant\\\/cookie-%E6%94%BF%E7%AD%96\\\/\"]}]},{\"@type\":\"BreadcrumbList\",\"@id\":\"https:\\\/\\\/theneweducator.com\\\/zh-hant\\\/cookie-%E6%94%BF%E7%AD%96\\\/#breadcrumb\",\"itemListElement\":[{\"@type\":\"ListItem\",\"position\":1,\"name\":\"Anasayfa\",\"item\":\"https:\\\/\\\/theneweducator.com\\\/zh-hant\\\/\"},{\"@type\":\"ListItem\",\"position\":2,\"name\":\"Cookie \u653f\u7b56\"}]},{\"@type\":\"WebSite\",\"@id\":\"https:\\\/\\\/theneweducator.com\\\/zh-hant\\\/#website\",\"url\":\"https:\\\/\\\/theneweducator.com\\\/zh-hant\\\/\",\"name\":\"Ontario Secondary School Diploma - The New Educator\",\"description\":\"\u00dcniversitelere S\u0131navs\u0131z &amp; Direkt Ba\u015fvuru Hakk\u0131n\u0131z Olsun\",\"publisher\":{\"@id\":\"https:\\\/\\\/theneweducator.com\\\/zh-hant\\\/#organization\"},\"alternateName\":\"OSSD Kanada Lise Diplomas\u0131\",\"potentialAction\":[{\"@type\":\"SearchAction\",\"target\":{\"@type\":\"EntryPoint\",\"urlTemplate\":\"https:\\\/\\\/theneweducator.com\\\/zh-hant\\\/?s={search_term_string}\"},\"query-input\":{\"@type\":\"PropertyValueSpecification\",\"valueRequired\":true,\"valueName\":\"search_term_string\"}}],\"inLanguage\":\"zh-TW\"},{\"@type\":\"Organization\",\"@id\":\"https:\\\/\\\/theneweducator.com\\\/zh-hant\\\/#organization\",\"name\":\"OSSD Ontario Secondary School Diploma - The New Educator\",\"url\":\"https:\\\/\\\/theneweducator.com\\\/zh-hant\\\/\",\"logo\":{\"@type\":\"ImageObject\",\"inLanguage\":\"zh-TW\",\"@id\":\"https:\\\/\\\/theneweducator.com\\\/zh-hant\\\/#\\\/schema\\\/logo\\\/image\\\/\",\"url\":\"https:\\\/\\\/theneweducator.com\\\/wp-content\\\/uploads\\\/2025\\\/01\\\/logo-new-1.png\",\"contentUrl\":\"https:\\\/\\\/theneweducator.com\\\/wp-content\\\/uploads\\\/2025\\\/01\\\/logo-new-1.png\",\"width\":1128,\"height\":318,\"caption\":\"OSSD Ontario Secondary School Diploma - The New Educator\"},\"image\":{\"@id\":\"https:\\\/\\\/theneweducator.com\\\/zh-hant\\\/#\\\/schema\\\/logo\\\/image\\\/\"}}]}<\/script>\n<!-- \/ Yoast SEO plugin. -->","yoast_head_json":{"title":"Cookie \u653f\u7b56 - OSSD - The New Educator","robots":{"index":"index","follow":"follow","max-snippet":"max-snippet:-1","max-image-preview":"max-image-preview:large","max-video-preview":"max-video-preview:-1"},"canonical":"https:\/\/theneweducator.com\/zh-hant\/cookie-%E6%94%BF%E7%AD%96\/","og_locale":"zh_TW","og_type":"article","og_title":"Cookie \u653f\u7b56 - OSSD - The New Educator","og_description":"\u65b0\u6559\u80b2\u8005\u300cCookies\u300d\u539f\u5247 Cook [&hellip;]","og_url":"https:\/\/theneweducator.com\/zh-hant\/cookie-%E6%94%BF%E7%AD%96\/","og_site_name":"OSSD - The New Educator","article_modified_time":"2025-12-24T14:25:17+00:00","twitter_card":"summary_large_image","schema":{"@context":"https:\/\/schema.org","@graph":[{"@type":"WebPage","@id":"https:\/\/theneweducator.com\/zh-hant\/cookie-%E6%94%BF%E7%AD%96\/","url":"https:\/\/theneweducator.com\/zh-hant\/cookie-%E6%94%BF%E7%AD%96\/","name":"Cookie \u653f\u7b56 - OSSD - The New Educator","isPartOf":{"@id":"https:\/\/theneweducator.com\/zh-hant\/#website"},"datePublished":"2025-05-12T07:58:01+00:00","dateModified":"2025-12-24T14:25:17+00:00","breadcrumb":{"@id":"https:\/\/theneweducator.com\/zh-hant\/cookie-%E6%94%BF%E7%AD%96\/#breadcrumb"},"inLanguage":"zh-TW","potentialAction":[{"@type":"ReadAction","target":["https:\/\/theneweducator.com\/zh-hant\/cookie-%E6%94%BF%E7%AD%96\/"]}]},{"@type":"BreadcrumbList","@id":"https:\/\/theneweducator.com\/zh-hant\/cookie-%E6%94%BF%E7%AD%96\/#breadcrumb","itemListElement":[{"@type":"ListItem","position":1,"name":"Anasayfa","item":"https:\/\/theneweducator.com\/zh-hant\/"},{"@type":"ListItem","position":2,"name":"Cookie \u653f\u7b56"}]},{"@type":"WebSite","@id":"https:\/\/theneweducator.com\/zh-hant\/#website","url":"https:\/\/theneweducator.com\/zh-hant\/","name":"Ontario Secondary School Diploma - The New Educator","description":"\u00dcniversitelere S\u0131navs\u0131z &amp; Direkt Ba\u015fvuru Hakk\u0131n\u0131z Olsun","publisher":{"@id":"https:\/\/theneweducator.com\/zh-hant\/#organization"},"alternateName":"OSSD Kanada Lise Diplomas\u0131","potentialAction":[{"@type":"SearchAction","target":{"@type":"EntryPoint","urlTemplate":"https:\/\/theneweducator.com\/zh-hant\/?s={search_term_string}"},"query-input":{"@type":"PropertyValueSpecification","valueRequired":true,"valueName":"search_term_string"}}],"inLanguage":"zh-TW"},{"@type":"Organization","@id":"https:\/\/theneweducator.com\/zh-hant\/#organization","name":"OSSD Ontario Secondary School Diploma - The New Educator","url":"https:\/\/theneweducator.com\/zh-hant\/","logo":{"@type":"ImageObject","inLanguage":"zh-TW","@id":"https:\/\/theneweducator.com\/zh-hant\/#\/schema\/logo\/image\/","url":"https:\/\/theneweducator.com\/wp-content\/uploads\/2025\/01\/logo-new-1.png","contentUrl":"https:\/\/theneweducator.com\/wp-content\/uploads\/2025\/01\/logo-new-1.png","width":1128,"height":318,"caption":"OSSD Ontario Secondary School Diploma - The New Educator"},"image":{"@id":"https:\/\/theneweducator.com\/zh-hant\/#\/schema\/logo\/image\/"}}]}},"_links":{"self":[{"href":"https:\/\/theneweducator.com\/zh-hant\/wp-json\/wp\/v2\/pages\/21463","targetHints":{"allow":["GET"]}}],"collection":[{"href":"https:\/\/theneweducator.com\/zh-hant\/wp-json\/wp\/v2\/pages"}],"about":[{"href":"https:\/\/theneweducator.com\/zh-hant\/wp-json\/wp\/v2\/types\/page"}],"author":[{"embeddable":true,"href":"https:\/\/theneweducator.com\/zh-hant\/wp-json\/wp\/v2\/users\/1"}],"replies":[{"embeddable":true,"href":"https:\/\/theneweducator.com\/zh-hant\/wp-json\/wp\/v2\/comments?post=21463"}],"version-history":[{"count":1,"href":"https:\/\/theneweducator.com\/zh-hant\/wp-json\/wp\/v2\/pages\/21463\/revisions"}],"predecessor-version":[{"id":21464,"href":"https:\/\/theneweducator.com\/zh-hant\/wp-json\/wp\/v2\/pages\/21463\/revisions\/21464"}],"wp:attachment":[{"href":"https:\/\/theneweducator.com\/zh-hant\/wp-json\/wp\/v2\/media?parent=21463"}],"curies":[{"name":"wp","href":"https:\/\/api.w.org\/{rel}","templated":true}]}}