{"id":21461,"date":"2025-05-12T10:53:57","date_gmt":"2025-05-12T07:53:57","guid":{"rendered":"https:\/\/theneweducator.com\/%e8%aa%aa%e6%98%8e%e6%96%87%e6%9c%ac\/"},"modified":"2025-12-24T17:19:07","modified_gmt":"2025-12-24T14:19:07","slug":"%e8%aa%aa%e6%98%8e%e6%96%87%e6%9c%ac","status":"publish","type":"page","link":"https:\/\/theneweducator.com\/zh-hant\/%E8%AA%AA%E6%98%8E%E6%96%87%E6%9C%AC\/","title":{"rendered":"\u8aaa\u660e\u6587\u672c"},"content":{"rendered":"\n<p class=\"has-text-align-center has-medium-font-size\">\u7b97\u8853\u6559\u80b2\u8207\u6559\u5b78\u8aee\u8a62\u53ca\u51fa\u7248\u80a1\u4efd\u6709\u9650\u516c\u53f8<br\/>\u500b\u4eba\u8cc7\u6599\u8655\u7406\u76f8\u95dc\u544a\u77e5\u66f8<\/p>\n\n<p>\u672c\u8aaa\u660e\u6587\u4ef6\u4fc2\u4f9d\u64da\u300a\u500b\u4eba\u8cc7\u6599\u4fdd\u8b77\u6cd5\u300b\uff08\u7b2c6698\u865f\u6cd5\u5f8b\uff09 \u7b2c10\u689d\uff0c\u4ee5\u53ca\u300a\u95dc\u65bc\u5c65\u884c\u544a\u77e5\u7fa9\u52d9\u61c9\u9075\u5faa\u4e4b\u7a0b\u5e8f\u8207\u539f\u5247\u4e4b\u516c\u544a\u300b\u898f\u5b9a\uff0c\u7531\u8eab\u70ba\u300c\u8cc7\u6599\u8ca0\u8cac\u4eba\u300d\u4e4b\u7b97\u8853\u6559\u80b2\u8207\u6559\u5b78\u8aee\u8a62\u53ca\u51fa\u7248\u80a1\u4efd\u6709\u9650\u516c\u53f8 \uff08\u4ee5\u4e0b\u7c21\u7a31\u300c\u672c\u516c\u53f8\u300d\uff09\u70ba\u63d0\u4f9b\u6709\u95dc\u5728\u57f7\u884c\u6240\u63d0\u4f9b\u6d3b\u52d5\u53ca\u670d\u52d9\u904e\u7a0b\u4e2d\u53ef\u80fd\u53d6\u5f97\u53ca\u8655\u7406\u4e4b\u500b\u4eba\u8cc7\u6599\u4e4b\u8cc7\u8a0a\u800c\u5236\u5b9a\u3002<\/p>\n\n<p>\u672c\u516c\u53f8\u4ee5\u8cc7\u6599\u63a7\u5236\u8005\u8eab\u5206\u884c\u4e8b\uff0c\u4e26\u5728\u500b\u4eba\u8cc7\u6599\u4fdd\u8b77\u65b9\u9762\u5c55\u73fe\u61c9\u6709\u7684\u8b39\u614e\u8207\u5468\u5168\u3002<\/p>\n\n<p>\u672c\u516c\u53f8\u65bc\u8655\u7406\u500b\u4eba\u8cc7\u6599\u6642\uff0c\u5747\u9075\u5faa\u7b2c6698\u865f\u6cd5\u5f8b\u6240\u8a02\u5b9a\u4e4b\u57fa\u672c\u539f\u5247\u3002<\/p>\n\n<p><strong>\u500b\u4eba\u8cc7\u6599\u4e4b\u8655\u7406\u76ee\u7684<\/strong><\/p>\n\n<p>\u500b\u4eba\u8cc7\u6599\u4e4b\u8655\u7406\uff0c\u4fc2\u6307\u5c0d\u500b\u4eba\u8cc7\u6599\u6240\u9032\u884c\u4e4b\u4efb\u4f55\u64cd\u4f5c\uff0c\u5305\u62ec\u4f46\u4e0d\u9650\u65bc\uff1a\u900f\u904e\u5b8c\u5168\u6216\u90e8\u5206\u81ea\u52d5\u5316\u65b9\u5f0f\uff0c\u6216\u900f\u904e\u975e\u81ea\u52d5\u5316\u65b9\u5f0f\uff08\u60df\u9808\u4f5c\u70ba\u4efb\u4f55\u8cc7\u6599\u8a18\u9304\u7cfb\u7d71\u4e4b\u7d44\u6210\u90e8\u5206\uff09\u53d6\u5f97\u3001\u8a18\u9304\u3001\u5132\u5b58\u3001\u4fdd\u5b58\u3001\u4fee\u6539\u3001\u91cd\u65b0\u7de8\u6392\u3001\u63ed\u9732\u3001\u50b3\u8f38\u3001\u79fb\u8f49\u3001\u53d6\u5f97\u3001\u4f7f\u53ef\u53d6\u5f97\u3001\u5206\u985e\u6216\u7981\u6b62\u4f7f\u7528\u8a72\u7b49\u8cc7\u6599\u3002<\/p>\n\n<p>\u7576\u60a8\u70ba\u4f7f\u7528\u672c\u516c\u53f8\u7522\u54c1\u53ca\u670d\u52d9\u3001\u7372\u53d6\u76f8\u95dc\u8cc7\u8a0a\u4e4b\u76ee\u7684\uff0c\u900f\u904e\u4ee5\u4e0b\u65b9\u5f0f\u8207\u6211\u5011\u4e92\u52d5\u6642\uff0c\u60a8\u7684\u500b\u4eba\u8cc7\u6599\u53ef\u80fd\u88ab\u8655\u7406\uff1a\u2022 \u81f4\u96fb\u6211\u5011\u7684\u5ba2\u670d\u4e2d\u5fc3\u2022 \u700f\u89bd\u6211\u5011\u7684\u5b98\u65b9\u7db2\u7ad9\u2022 \u4f7f\u7528\u6211\u5011\u7684\u6578\u4f4d\u61c9\u7528\u7a0b\u5f0f\u2022 \u53c3\u8207\u672c\u516c\u53f8\u8209\u8fa6\u4e4b\u57f9\u8a13\u8ab2\u7a0b\u3001\u7814\u8a0e\u6703\u3001\u6d3b\u52d5\u53ca\u6703\u8b70<\/p>\n\n<p>\u672c\u516c\u53f8\u6240\u8655\u7406\u4e4b\u500b\u4eba\u8cc7\u6599\uff1b<\/p>\n\n<ul class=\"wp-block-list\">\n<li>\u6539\u5584\u6240\u63d0\u4f9b\u4e4b\u670d\u52d9\u3001\u958b\u767c\u65b0\u670d\u52d9\u53ca\u76f8\u95dc\u8cc7\u8a0a\u4e4b\u767c\u5e03\uff0c<\/li>\n\n\n\n<li>\u5546\u696d\u96fb\u5b50\u901a\u8a0a\u7684\u6279\u51c6\uff0c\u65e8\u5728\u5411\u73fe\u6709\u53ca\u6f5b\u5728\u5ba2\u6236\u63a8\u5ee3\u6d3b\u52d5\u8207\u670d\u52d9\uff0c\u4e26\u9032\u884c\u76f8\u95dc\u884c\u92b7\u6d3b\u52d5\u3002<\/li>\n\n\n\n<li>\u70ba\u4fbf\u65bc\u5c31\u60a8\u5df2\u8cfc\u8cb7\u6216\u5373\u5c07\u8cfc\u8cb7\u4e4b\u7522\u54c1\u6216\u670d\u52d9\u8207\u60a8\u806f\u7e6b\uff0c<\/li>\n\n\n\n<li>\u5ba2\u6236\u554f\u984c\u8207\u6295\u8a34\u7684\u89e3\u6c7a<\/li>\n\n\n\n<li>\u5ba2\u6236\u8cc7\u6599\u66f4\u65b0<\/li>\n\n\n\n<li>\u898f\u5283\u8207\u57f7\u884c\u5ba2\u6236\u6eff\u610f\u5ea6\u6d3b\u52d5\uff0c\u4e26\u63a8\u52d5\u63d0\u5347\u5ba2\u6236\u9ad4\u9a57\u4e4b\u76f8\u95dc\u63aa\u65bd\u3002<\/li>\n\n\n\n<li>\u9032\u884c\u7d71\u8a08\u8a55\u4f30\u8207\u5e02\u5834\u7814\u7a76\uff0c<\/li>\n\n\n\n<li>\u516c\u53f8\u5546\u696d\u8207\u696d\u52d9\u7b56\u7565\u4e4b\u5236\u5b9a\u8207\u57f7\u884c\uff0c<\/li>\n\n\n\n<li>\u7ba1\u7406\u6703\u54e1\u4f01\u696d\u8207\u5408\u4f5c\u5925\u4f34\u7684\u95dc\u4fc2\uff0c<\/li>\n\n\n\n<li>\u6703\u8a08\u8207\u4ed8\u6b3e\u6d41\u7a0b\u7684\u8ffd\u8e64<\/li>\n\n\n\n<li>\u78ba\u4fdd\u7b26\u5408\u6cd5\u898f\u898f\u5b9a\u7684\u4fdd\u5b58\u7fa9\u52d9\uff0c<\/li>\n\n\n\n<li>\u56de\u8986\u4f86\u81ea\u884c\u653f\u6a5f\u95dc\u53ca\u53f8\u6cd5\u6a5f\u95dc\u4e4b\u8cc7\u8a0a\u8acb\u6c42\uff0c<\/li>\n\n\n\n<li>\u516c\u53f8\u5167\u90e8\u5831\u544a\u8207\u696d\u52d9\u767c\u5c55\u6d3b\u52d5\u4e4b\u898f\u5283\uff0c<\/li>\n\n\n\n<li>\u57f7\u884c\u8ca1\u52d9\u63a7\u5236\u8207\u5831\u544a\uff0c\u4e26\u5b8c\u6210\u6cd5\u5b9a\u7533\u5831\u7a0b\u5e8f\u3002<\/li>\n\n\n\n<li>\u5167\u90e8\u63a7\u5236\u8207\u7a3d\u6838\u6d3b\u52d5\u4e4b\u7ba1\u7406\uff0c<\/li>\n\n\n\n<li>\u78ba\u4fdd\u8cc7\u8a0a\u8207\u4ea4\u6613\u5b89\u5168\uff0c\u9632\u6b62\u60e1\u610f\u4f7f\u7528\u53ca\u8a50\u6b3a\u884c\u70ba\u3002<\/li>\n\n\n\n<li>\u5c65\u884c\u60a8\u8207\u672c\u516c\u53f8\u9032\u884c\u4e4b\u4ea4\u6613\u76f8\u95dc\u4e4b\u76f8\u4e92\u6b0a\u5229\u8207\u7fa9\u52d9\uff0c<\/li>\n\n\n\n<li>\u672c\u516c\u53f8\u3001\u696d\u52d9\u5925\u4f34\u53ca\u570b\u5167\u5916\u5b50\u516c\u53f8\u4e4b\u73fe\u6709\u6216\u65b0\u7522\u54c1\u958b\u767c\u3001\u5e02\u5834\u7814\u7a76\u8207\u76ee\u6a19\u5ba2\u7fa4\u5206\u6790\u3002<\/li>\n\n\n\n<li>\u70ba\u78ba\u4fdd\u8655\u7406\u4e4b\u8cc7\u6599\u5177\u6642\u6548\u6027\u8207\u6b63\u78ba\u6027\uff0c\u61c9\u5be6\u65bd\u5fc5\u8981\u4e4b\u898f\u7bc4\u63aa\u65bd<\/li>\n<\/ul>\n\n<p>\u4e26\u7528\u65bc\u57f7\u884c\u8207\u4e0a\u8ff0\u6240\u6709\u6d41\u7a0b\u76f8\u95dc\u7684\u5404\u9805\u6d3b\u52d5\u3002<\/p>\n\n<p><strong>\u500b\u4eba\u8cc7\u6599\u8490\u96c6\u4e4b\u65b9\u6cd5\u8207\u6cd5\u5f8b\u4f9d\u64da<\/strong><\/p>\n\n<p>\u60a8\u7684\u500b\u4eba\u8cc7\u6599\uff0c\u4fc2\u900f\u904e\u4efb\u4f55\u53e3\u982d\u3001\u66f8\u9762\u3001\u9304\u97f3\u3001\u5ba2\u670d\u4e2d\u5fc3\u7b49\u5be6\u9ad4\u6216\u96fb\u5b50\u5a92\u4ecb\uff0c\u57fa\u65bc\u4e0a\u8ff0\u76ee\u7684\uff0c\u70ba\u4f7f\u672c\u516c\u53f8\u5f97\u4ee5\u5728\u6cd5\u5b9a\u6846\u67b6\u5167\u63d0\u4f9b\u7522\u54c1\u8207\u670d\u52d9\uff0c\u4e26\u5728\u6b64\u7bc4\u570d\u5167\u5b8c\u6574\u4e14\u6b63\u78ba\u5730\u5c65\u884c\u5951\u7d04\u53ca\u6cd5\u5f8b\u898f\u5b9a\u4e4b\u8cac\u4efb\u800c\u8490\u96c6\u3002\u57fa\u65bc\u6cd5\u5f8b\u7fa9\u52d9\u6240\u6536\u96c6\u4e4b\u500b\u4eba\u8cc7\u6599\uff0c\u5f97\u4f9d\u6cd5\u5f8b\u7b2c5\u689d\u53ca\u7b2c6\u689d\u898f\u5b9a\u4e4b\u500b\u4eba\u8cc7\u6599\u8655\u7406\u689d\u4ef6\u9032\u884c\u8655\u7406\u3002   <\/p>\n\n<p>\u9664\u4e0a\u8ff0\u5167\u5bb9\u5916\uff0c\u7576\u60a8\u4f7f\u7528\u6211\u5011\u7684\u7db2\u7ad9\u3001\u6578\u4f4d\u61c9\u7528\u7a0b\u5f0f\u53ca\u793e\u7fa4\u5a92\u9ad4\u5e33\u865f\u6642\uff0c\u4f9d\u64da\u6cd5\u898f\u6240\u8a18\u9304\u7684\u9023\u7dda\u8cc7\u8a0a\u3001\u60a8\u4ee5\u96fb\u5b50\u65b9\u5f0f\u586b\u5beb\u7684\u806f\u7d61\u8868\u55ae\u3001\u65bc\u5de5\u4f5c\u5834\u6240\u3001\u8fa6\u516c\u5ba4\u53ca\u4ee3\u8868\u8655\u586b\u5beb\u7684\u5176\u4ed6\u8868\u55ae\u3001 \u900f\u904e\u7dda\u4e0a\u7ba1\u9053\u8207\u672c\u516c\u53f8\u9032\u884c\u7684\u66f8\u9762\u6216\u53e3\u982d\u6e9d\u901a\u3001\u900f\u904e\u96fb\u5b50\u90f5\u4ef6\u7cfb\u7d71\u767c\u9001\u7d66\u672c\u516c\u53f8\u7684\u96fb\u5b50\u90f5\u4ef6\u3001\u900f\u904e\u50b3\u771f\u6216\u4fe1\u4ef6\u7b49\u5de5\u5177\u767c\u9001\u7d66\u672c\u516c\u53f8\u7684\u8cc7\u8a0a\u8207\u6587\u4ef6\u3001\u900f\u904e\u96fb\u8a71\u7ba1\u9053\u6216\u76f4\u63a5\u8207\u672c\u516c\u53f8\u6216\u672c\u516c\u53f8\u5408\u4f5c\u7d44\u7e54\u9032\u884c\u7684\u8ac7\u8a71\u4e2d\u5206\u4eab\u7684\u8cc7\u8a0a\u8207\u6587\u4ef6\u3001 \u900f\u904e\u672c\u516c\u53f8\u8209\u8fa6\u4e4b\u6703\u8b70\u53ca\u6d3b\u52d5\u6240\u63d0\u4f9b\u4e4b\u8cc7\u8a0a\u3001\u554f\u5377\u53ca\u6587\u4ef6\u3001\u8207\u672c\u516c\u53f8\u7c3d\u8a02\u4e4b\u5408\u7d04\uff0c\u4ee5\u53ca\u900f\u904e\u4efb\u4f55\u5176\u4ed6\u65b9\u5f0f\u4ee5\u53e3\u982d\u3001\u66f8\u9762\u6216\u96fb\u5b50\u5f62\u5f0f\u63d0\u4f9b\u4e4b\u500b\u4eba\u8cc7\u6599\uff0c\u5747\u7531\u672c\u516c\u53f8\u4f9d\u7167\u6cd5\u5f8b\u898f\u5b9a\uff0c\u900f\u904e\u90e8\u5206\u6216\u5b8c\u5168\u81ea\u52d5\u5316\u4e4b\u65b9\u5f0f\u9032\u884c\u8490\u96c6\u3002<\/p>\n\n<p><strong>\u5df2\u8655\u7406\u500b\u4eba\u8cc7\u6599\u4e4b\u79fb\u8f49<\/strong><\/p>\n\n<p>\u672c\u516c\u53f8\u6240\u6536\u96c6\u4e4b\u500b\u4eba\u8cc7\u6599\uff0c\u5c07\u7531\u76f8\u95dc\u696d\u52d9\u55ae\u4f4d\u4f9d\u64da\u524d\u8ff0\u8cc7\u6599\u8655\u7406\u76ee\u7684\uff0c\u70ba\u57f7\u884c\u672c\u516c\u53f8\u6240\u9032\u884c\u4e4b\u5546\u696d\u6d3b\u52d5\u800c\u4f7f\u7528\uff1b\u5305\u62ec\u672c\u516c\u53f8\u4e4b\u5b50\u516c\u53f8\u3001\u80a1\u6771\u3001\u696d\u52d9\u5925\u4f34\u3001\u4f9b\u61c9\u5546\u3001\u7a3d\u6838\u55ae\u4f4d\u3001\u670d\u52d9\u4f9b\u61c9\u5546\u3001 \u4f9d\u6cd5\u6388\u6b0a\u4e4b\u516c\u79c1\u90e8\u9580\u6a5f\u69cb\u3001\u5c08\u696d\u7d44\u7e54\u53ca\u985e\u4f3c\u6a5f\u69cb\u3001\u76e3\u7ba1\u8207\u898f\u7bc4\u6a5f\u95dc\u3001\u6cd5\u898f\u5141\u8a31\u4e4b\u7279\u5b9a\u500b\u4eba\u53ca\u5176\u4ed6\u500b\u4eba\u8207\u7d44\u7e54\uff0c\u4f9d\u64da\u300a\u6cd5\u5f8b\u300b\u7b2c8\u689d\u53ca\u7b2c9\u689d\u6240\u898f\u5b9a\u4e4b\u500b\u4eba\u8cc7\u6599\u50b3\u8f38\u689d\u4ef6\u8207\u76ee\u7684\uff0c\u9032\u884c\u5206\u4eab\u8207\u50b3\u8f38\u3002  <\/p>\n\n<p><strong>\u500b\u4eba\u8cc7\u6599\u8655\u7406\u671f\u9650<\/strong><\/p>\n\n<p>\u60a8\u7684\u500b\u4eba\u8cc7\u6599\u5c07\u6839\u64da\u672c\u6587\u4ef6\u6240\u8ff0\u4e4b\u500b\u4eba\u8cc7\u6599\u8655\u7406\u76ee\u7684\u6240\u9700\u4e4b\u671f\u9593\u9032\u884c\u8655\u7406\u3002\u82e5\u65bc\u524d\u8ff0\u671f\u9593\u5c46\u6eff\u5f8c\uff0c\u5b58\u5728\u4efb\u4f55\u6cd5\u898f\u689d\u6587\u6216\u6cd5\u5f8b\u4e8b\u7531\u5141\u8a31\u76f8\u95dc\u8cc7\u6599\u7e7c\u7e8c\u8655\u7406\u66f4\u9577\u6642\u9593\uff0c\u5247\u5728\u6b64\u671f\u9593\u5167\u60a8\u7684\u500b\u4eba\u8cc7\u6599\u4ecd\u5c07\u6301\u7e8c\u8655\u7406\u3002\u5728\u4e0a\u8ff0\u671f\u9650\u5c46\u6eff\u5f8c\uff0c\u60a8\u7684\u500b\u4eba\u8cc7\u6599\u5c07\u7acb\u5373\u522a\u9664\u3001\u92b7\u6bc0\u6216\u533f\u540d\u5316\u8655\u7406\u3002  <\/p>\n\n<p><strong>\u95dc\u65bc\u60a8\u7684\u500b\u4eba\u8cc7\u6599\u6240\u63a1\u53d6\u7684\u5b89\u5168\u63aa\u65bd<\/strong><\/p>\n\n<p>\u70ba\u9632\u6b62\u60a8\u7684\u500b\u4eba\u8cc7\u6599\u906d\u9055\u6cd5\u8655\u7406\u3001\u9632\u6b62\u4ed6\u4eba\u975e\u6cd5\u5b58\u53d6\u60a8\u7684\u500b\u4eba\u8cc7\u6599\uff0c\u4ee5\u53ca\u78ba\u4fdd\u60a8\u7684\u500b\u4eba\u8cc7\u6599\u7372\u5f97\u59a5\u5584\u4fdd\u7ba1\uff0c\u672c\u516c\u53f8\u5df2\u63a1\u53d6\u4e00\u5207\u5fc5\u8981\u4e4b\u6280\u8853\u8207\u884c\u653f\u63aa\u65bd\uff0c\u4ee5\u78ba\u4fdd\u9054\u5230\u9069\u7576\u7684\u5b89\u5168\u9632\u8b77\u6c34\u6e96\u3002<\/p>\n\n<p><strong>\u60a8\u5c0d\u500b\u4eba\u8cc7\u6599\u7684\u6b0a\u5229<\/strong><\/p>\n\n<p>\u6839\u64da\u6cd5\u5f8b\u7b2c11\u689d\u898f\u5b9a\uff0c\u500b\u4eba\u8cc7\u6599\u7576\u4e8b\u4eba\uff1a <\/p>\n\n<ol class=\"wp-block-list\">\n<li>\u67e5\u8a62\u500b\u4eba\u8cc7\u6599\u662f\u5426\u88ab\u8655\u7406<\/li>\n\n\n\n<li>\u82e5\u500b\u4eba\u8cc7\u6599\u5df2\u88ab\u8655\u7406\uff0c\u5247\u6709\u6b0a\u8981\u6c42\u76f8\u95dc\u8cc7\u8a0a\u3002<\/li>\n\n\n\n<li>\u4e86\u89e3\u500b\u4eba\u8cc7\u6599\u4e4b\u8655\u7406\u76ee\u7684\uff0c\u4ee5\u53ca\u8a72\u7b49\u8cc7\u6599\u662f\u5426\u7b26\u5408\u5176\u8655\u7406\u76ee\u7684\u800c\u88ab\u4f7f\u7528\uff0c<\/li>\n\n\n\n<li>\u77e5\u6089\u500b\u4eba\u8cc7\u6599\u5728\u570b\u5167\u6216\u570b\u5916\u88ab\u50b3\u8f38\u4e4b\u7b2c\u4e09\u65b9\uff0c<\/li>\n\n\n\n<li>\u7576\u500b\u4eba\u8cc7\u6599\u8655\u7406\u4e0d\u5b8c\u6574\u6216\u6709\u8aa4\u6642\uff0c\u8981\u6c42\u66f4\u6b63\u8a72\u7b49\u8cc7\u6599\uff0c<\/li>\n\n\n\n<li>\u5373\u4f7f\u500b\u4eba\u8cc7\u6599\u5df2\u4f9d\u7167\u672c\u6cd5\u53ca\u5176\u4ed6\u76f8\u95dc\u6cd5\u5f8b\u898f\u5b9a\u9032\u884c\u8655\u7406\uff0c\u7576\u8655\u7406\u8a72\u8cc7\u6599\u4e4b\u539f\u56e0\u5df2\u4e0d\u5b58\u5728\u6642\uff0c\u5f97\u8981\u6c42\u522a\u9664\u6216\u92b7\u6bc0\u8a72\u500b\u4eba\u8cc7\u6599\u3002<\/li>\n\n\n\n<li>\u6839\u64da(e)\u53ca(f)\u6b3e\u898f\u5b9a\u6240\u9032\u884c\u4e4b\u8655\u7406\u4f5c\u696d\uff0c\u5f97\u8981\u6c42\u5c07\u500b\u4eba\u8cc7\u6599\u79fb\u8f49\u4e4b\u7b2c\u4e09\u65b9\u77e5\u6089\u3002 <\/li>\n\n\n\n<li>\u5c0d\u900f\u904e\u81ea\u52d5\u5316\u7cfb\u7d71\u5206\u6790\u6240\u8655\u7406\u4e4b\u8cc7\u6599\uff0c\u5c0e\u81f4\u5c0d\u500b\u4eba\u4e0d\u5229\u4e4b\u7d50\u679c\u7522\u751f\u6642\uff0c\u6709\u6b0a\u63d0\u51fa\u7570\u8b70\u3002<\/li>\n\n\n\n<li>\u56e0\u500b\u4eba\u8cc7\u6599\u906d\u9055\u6cd5\u8655\u7406\u800c\u906d\u53d7\u640d\u5bb3\u6642\uff0c\u5f97\u8acb\u6c42\u8ce0\u511f\u640d\u5bb3<\/li>\n<\/ol>\n\n<p>\u4eab\u6709\u5176\u6b0a\u5229\u3002<\/p>\n\n<p>\u672c\u516c\u53f8\u5c07\u91dd\u5c0d\u60a8\u4ee5\u66f8\u9762\u5f62\u5f0f\u6216\u7406\u4e8b\u6703\u6307\u5b9a\u4e4b\u5176\u4ed6\u65b9\u5f0f\u63d0\u51fa\u3001\u6d89\u53ca\u4e0a\u8ff0\u6b0a\u5229\u4e4b\u8acb\u6c42\uff0c\u65bc\u6536\u5230\u8acb\u6c42\u4e4b\u65e5\u8d77\u4e09\u5341\u65e5\u5167\u5b8c\u6210\u8655\u7406\u3002\u6839\u64da\u7406\u4e8b\u6703\u516c\u5e03\u4e4b\u6536\u8cbb\u6a19\u6e96\uff0c\u60a8\u7684\u7533\u8acb\u53ef\u80fd\u9700\u652f\u4ed8\u76f8\u95dc\u8cbb\u7528\u3002 <\/p>\n\n<p>\u70ba\u56de\u61c9\u60a8\u63d0\u4ea4\u7684\u7533\u8acb\uff0c\u672c\u516c\u53f8\u53ef\u80fd\u8981\u6c42\u60a8\u63d0\u4f9b\u984d\u5916\u8cc7\u8a0a\u53ca\u6587\u4ef6\uff0c\u4ee5\u6838\u5be6\u60a8\u7684\u8eab\u4efd\u4e26\u91d0\u6e05\u60a8\u7684\u8acb\u6c42\u3002\u82e5\u672a\u80fd\u63d0\u4f9b\u4e0a\u8ff0\u8cc7\u8a0a\u53ca\u6587\u4ef6\uff0c\u70ba\u78ba\u4fdd\u60a8\u7684\u8cc7\u6599\u5b89\u5168\uff0c\u60a8\u7684\u7533\u8acb\u53ef\u80fd\u7121\u6cd5\u7372\u5f97\u56de\u8986\u3002 <\/p>\n\n<p>\u70ba\u884c\u4f7f\u4e0a\u8ff0\u6b0a\u5229\uff0c\u8acb\u4f9d\u7167\u300a\u500b\u4eba\u8cc7\u6599\u4fdd\u8b77\u6cd5\u300b\u7b2c13\u689d\u300c\u5411\u8cc7\u6599\u63a7\u5236\u8005\u63d0\u51fa\u7533\u8acb\u300d\u6240\u8f09\u4e4b\u65b9\u5f0f\u8207\u689d\u4ef6\uff0c\u900f\u904e\u672c\u516c\u53f8\u7db2\u7ad9\u63d0\u4ea4\u60a8\u7684\u7591\u554f\u8207\u8acb\u6c42\u3002 <a href=\"https:\/\/www.elekse.com\/ElekseFiles\/Documents\/veri-sahibi-basvuru-formu2.pdf\"> <\/a>\u60a8\u53ef\u586b\u5beb\u500b\u4eba\u8cc7\u6599\u4fdd\u8b77\u6cd5\u7533\u8acb\u8868\uff0c\u4e26\u900f\u904e\u4ee5\u4e0b\u65b9\u5f0f\u63d0\u4ea4\u7d66\u672c\u516c\u53f8\uff1a<\/p>\n\n<p>\u90f5\u5bc4\u5730\u5740\uff1a <strong> \u79d1\u8332\u4e9e\u5854\u5409\u8857\u5340\uff0c\u5df4\u4e9e\u723e\u5927\u905374-1\u865f\uff0c\u5361\u5fb7\u79d1\u4f0a\uff0c\u4f0a\u65af\u5766\u5821  <\/strong>\u96fb\u5b50\u90f5\u4ef6\u5730\u5740\uff1a<strong><a href=\"mailto:turkiye@theneweducator.com\">turkiye@theneweducator.com<\/a><\/strong><\/p>\n","protected":false},"excerpt":{"rendered":"<p>\u7b97\u8853\u6559\u80b2\u8207\u6559\u5b78\u8aee\u8a62\u53ca\u51fa\u7248\u80a1\u4efd\u6709\u9650\u516c\u53f8\u500b\u4eba [&hellip;]<\/p>\n","protected":false},"author":1,"featured_media":0,"parent":0,"menu_order":0,"comment_status":"closed","ping_status":"closed","template":"","meta":{"_acf_changed":false,"inline_featured_image":false,"footnotes":""},"class_list":["post-21461","page","type-page","status-publish","hentry"],"acf":[],"yoast_head":"<!-- This site is optimized with the Yoast SEO plugin v27.5 - https:\/\/yoast.com\/product\/yoast-seo-wordpress\/ -->\n<title>\u8aaa\u660e\u6587\u672c - OSSD - The New Educator<\/title>\n<meta name=\"robots\" content=\"index, follow, max-snippet:-1, max-image-preview:large, max-video-preview:-1\" \/>\n<link rel=\"canonical\" href=\"https:\/\/theneweducator.com\/zh-hant\/%E8%AA%AA%E6%98%8E%E6%96%87%E6%9C%AC\/\" \/>\n<meta property=\"og:locale\" content=\"zh_TW\" \/>\n<meta property=\"og:type\" content=\"article\" \/>\n<meta property=\"og:title\" content=\"\u8aaa\u660e\u6587\u672c - OSSD - The New Educator\" \/>\n<meta property=\"og:description\" content=\"\u7b97\u8853\u6559\u80b2\u8207\u6559\u5b78\u8aee\u8a62\u53ca\u51fa\u7248\u80a1\u4efd\u6709\u9650\u516c\u53f8\u500b\u4eba [&hellip;]\" \/>\n<meta property=\"og:url\" content=\"https:\/\/theneweducator.com\/zh-hant\/%E8%AA%AA%E6%98%8E%E6%96%87%E6%9C%AC\/\" \/>\n<meta property=\"og:site_name\" content=\"OSSD - The New Educator\" \/>\n<meta property=\"article:modified_time\" content=\"2025-12-24T14:19:07+00:00\" \/>\n<meta name=\"twitter:card\" content=\"summary_large_image\" \/>\n<script type=\"application\/ld+json\" class=\"yoast-schema-graph\">{\"@context\":\"https:\\\/\\\/schema.org\",\"@graph\":[{\"@type\":\"WebPage\",\"@id\":\"https:\\\/\\\/theneweducator.com\\\/zh-hant\\\/%E8%AA%AA%E6%98%8E%E6%96%87%E6%9C%AC\\\/\",\"url\":\"https:\\\/\\\/theneweducator.com\\\/zh-hant\\\/%E8%AA%AA%E6%98%8E%E6%96%87%E6%9C%AC\\\/\",\"name\":\"\u8aaa\u660e\u6587\u672c - OSSD - The New Educator\",\"isPartOf\":{\"@id\":\"https:\\\/\\\/theneweducator.com\\\/zh-hant\\\/#website\"},\"datePublished\":\"2025-05-12T07:53:57+00:00\",\"dateModified\":\"2025-12-24T14:19:07+00:00\",\"breadcrumb\":{\"@id\":\"https:\\\/\\\/theneweducator.com\\\/zh-hant\\\/%E8%AA%AA%E6%98%8E%E6%96%87%E6%9C%AC\\\/#breadcrumb\"},\"inLanguage\":\"zh-TW\",\"potentialAction\":[{\"@type\":\"ReadAction\",\"target\":[\"https:\\\/\\\/theneweducator.com\\\/zh-hant\\\/%E8%AA%AA%E6%98%8E%E6%96%87%E6%9C%AC\\\/\"]}]},{\"@type\":\"BreadcrumbList\",\"@id\":\"https:\\\/\\\/theneweducator.com\\\/zh-hant\\\/%E8%AA%AA%E6%98%8E%E6%96%87%E6%9C%AC\\\/#breadcrumb\",\"itemListElement\":[{\"@type\":\"ListItem\",\"position\":1,\"name\":\"Anasayfa\",\"item\":\"https:\\\/\\\/theneweducator.com\\\/zh-hant\\\/\"},{\"@type\":\"ListItem\",\"position\":2,\"name\":\"\u8aaa\u660e\u6587\u672c\"}]},{\"@type\":\"WebSite\",\"@id\":\"https:\\\/\\\/theneweducator.com\\\/zh-hant\\\/#website\",\"url\":\"https:\\\/\\\/theneweducator.com\\\/zh-hant\\\/\",\"name\":\"Ontario Secondary School Diploma - The New Educator\",\"description\":\"\u00dcniversitelere S\u0131navs\u0131z &amp; Direkt Ba\u015fvuru Hakk\u0131n\u0131z Olsun\",\"publisher\":{\"@id\":\"https:\\\/\\\/theneweducator.com\\\/zh-hant\\\/#organization\"},\"alternateName\":\"OSSD Kanada Lise Diplomas\u0131\",\"potentialAction\":[{\"@type\":\"SearchAction\",\"target\":{\"@type\":\"EntryPoint\",\"urlTemplate\":\"https:\\\/\\\/theneweducator.com\\\/zh-hant\\\/?s={search_term_string}\"},\"query-input\":{\"@type\":\"PropertyValueSpecification\",\"valueRequired\":true,\"valueName\":\"search_term_string\"}}],\"inLanguage\":\"zh-TW\"},{\"@type\":\"Organization\",\"@id\":\"https:\\\/\\\/theneweducator.com\\\/zh-hant\\\/#organization\",\"name\":\"OSSD Ontario Secondary School Diploma - The New Educator\",\"url\":\"https:\\\/\\\/theneweducator.com\\\/zh-hant\\\/\",\"logo\":{\"@type\":\"ImageObject\",\"inLanguage\":\"zh-TW\",\"@id\":\"https:\\\/\\\/theneweducator.com\\\/zh-hant\\\/#\\\/schema\\\/logo\\\/image\\\/\",\"url\":\"https:\\\/\\\/theneweducator.com\\\/wp-content\\\/uploads\\\/2025\\\/01\\\/logo-new-1.png\",\"contentUrl\":\"https:\\\/\\\/theneweducator.com\\\/wp-content\\\/uploads\\\/2025\\\/01\\\/logo-new-1.png\",\"width\":1128,\"height\":318,\"caption\":\"OSSD Ontario Secondary School Diploma - The New Educator\"},\"image\":{\"@id\":\"https:\\\/\\\/theneweducator.com\\\/zh-hant\\\/#\\\/schema\\\/logo\\\/image\\\/\"}}]}<\/script>\n<!-- \/ Yoast SEO plugin. -->","yoast_head_json":{"title":"\u8aaa\u660e\u6587\u672c - OSSD - The New Educator","robots":{"index":"index","follow":"follow","max-snippet":"max-snippet:-1","max-image-preview":"max-image-preview:large","max-video-preview":"max-video-preview:-1"},"canonical":"https:\/\/theneweducator.com\/zh-hant\/%E8%AA%AA%E6%98%8E%E6%96%87%E6%9C%AC\/","og_locale":"zh_TW","og_type":"article","og_title":"\u8aaa\u660e\u6587\u672c - OSSD - The New Educator","og_description":"\u7b97\u8853\u6559\u80b2\u8207\u6559\u5b78\u8aee\u8a62\u53ca\u51fa\u7248\u80a1\u4efd\u6709\u9650\u516c\u53f8\u500b\u4eba [&hellip;]","og_url":"https:\/\/theneweducator.com\/zh-hant\/%E8%AA%AA%E6%98%8E%E6%96%87%E6%9C%AC\/","og_site_name":"OSSD - The New Educator","article_modified_time":"2025-12-24T14:19:07+00:00","twitter_card":"summary_large_image","schema":{"@context":"https:\/\/schema.org","@graph":[{"@type":"WebPage","@id":"https:\/\/theneweducator.com\/zh-hant\/%E8%AA%AA%E6%98%8E%E6%96%87%E6%9C%AC\/","url":"https:\/\/theneweducator.com\/zh-hant\/%E8%AA%AA%E6%98%8E%E6%96%87%E6%9C%AC\/","name":"\u8aaa\u660e\u6587\u672c - OSSD - The New Educator","isPartOf":{"@id":"https:\/\/theneweducator.com\/zh-hant\/#website"},"datePublished":"2025-05-12T07:53:57+00:00","dateModified":"2025-12-24T14:19:07+00:00","breadcrumb":{"@id":"https:\/\/theneweducator.com\/zh-hant\/%E8%AA%AA%E6%98%8E%E6%96%87%E6%9C%AC\/#breadcrumb"},"inLanguage":"zh-TW","potentialAction":[{"@type":"ReadAction","target":["https:\/\/theneweducator.com\/zh-hant\/%E8%AA%AA%E6%98%8E%E6%96%87%E6%9C%AC\/"]}]},{"@type":"BreadcrumbList","@id":"https:\/\/theneweducator.com\/zh-hant\/%E8%AA%AA%E6%98%8E%E6%96%87%E6%9C%AC\/#breadcrumb","itemListElement":[{"@type":"ListItem","position":1,"name":"Anasayfa","item":"https:\/\/theneweducator.com\/zh-hant\/"},{"@type":"ListItem","position":2,"name":"\u8aaa\u660e\u6587\u672c"}]},{"@type":"WebSite","@id":"https:\/\/theneweducator.com\/zh-hant\/#website","url":"https:\/\/theneweducator.com\/zh-hant\/","name":"Ontario Secondary School Diploma - The New Educator","description":"\u00dcniversitelere S\u0131navs\u0131z &amp; Direkt Ba\u015fvuru Hakk\u0131n\u0131z Olsun","publisher":{"@id":"https:\/\/theneweducator.com\/zh-hant\/#organization"},"alternateName":"OSSD Kanada Lise Diplomas\u0131","potentialAction":[{"@type":"SearchAction","target":{"@type":"EntryPoint","urlTemplate":"https:\/\/theneweducator.com\/zh-hant\/?s={search_term_string}"},"query-input":{"@type":"PropertyValueSpecification","valueRequired":true,"valueName":"search_term_string"}}],"inLanguage":"zh-TW"},{"@type":"Organization","@id":"https:\/\/theneweducator.com\/zh-hant\/#organization","name":"OSSD Ontario Secondary School Diploma - The New Educator","url":"https:\/\/theneweducator.com\/zh-hant\/","logo":{"@type":"ImageObject","inLanguage":"zh-TW","@id":"https:\/\/theneweducator.com\/zh-hant\/#\/schema\/logo\/image\/","url":"https:\/\/theneweducator.com\/wp-content\/uploads\/2025\/01\/logo-new-1.png","contentUrl":"https:\/\/theneweducator.com\/wp-content\/uploads\/2025\/01\/logo-new-1.png","width":1128,"height":318,"caption":"OSSD Ontario Secondary School Diploma - The New Educator"},"image":{"@id":"https:\/\/theneweducator.com\/zh-hant\/#\/schema\/logo\/image\/"}}]}},"_links":{"self":[{"href":"https:\/\/theneweducator.com\/zh-hant\/wp-json\/wp\/v2\/pages\/21461","targetHints":{"allow":["GET"]}}],"collection":[{"href":"https:\/\/theneweducator.com\/zh-hant\/wp-json\/wp\/v2\/pages"}],"about":[{"href":"https:\/\/theneweducator.com\/zh-hant\/wp-json\/wp\/v2\/types\/page"}],"author":[{"embeddable":true,"href":"https:\/\/theneweducator.com\/zh-hant\/wp-json\/wp\/v2\/users\/1"}],"replies":[{"embeddable":true,"href":"https:\/\/theneweducator.com\/zh-hant\/wp-json\/wp\/v2\/comments?post=21461"}],"version-history":[{"count":1,"href":"https:\/\/theneweducator.com\/zh-hant\/wp-json\/wp\/v2\/pages\/21461\/revisions"}],"predecessor-version":[{"id":21462,"href":"https:\/\/theneweducator.com\/zh-hant\/wp-json\/wp\/v2\/pages\/21461\/revisions\/21462"}],"wp:attachment":[{"href":"https:\/\/theneweducator.com\/zh-hant\/wp-json\/wp\/v2\/media?parent=21461"}],"curies":[{"name":"wp","href":"https:\/\/api.w.org\/{rel}","templated":true}]}}