{"id":21387,"date":"2025-01-22T18:49:27","date_gmt":"2025-01-22T15:49:27","guid":{"rendered":"https:\/\/theneweducator.com\/%e7%84%a1%e9%9a%9c%e7%a4%99%e8%81%b2%e6%98%8e\/"},"modified":"2025-12-24T16:40:14","modified_gmt":"2025-12-24T13:40:14","slug":"%e7%84%a1%e9%9a%9c%e7%a4%99%e8%81%b2%e6%98%8e","status":"publish","type":"page","link":"https:\/\/theneweducator.com\/zh-hant\/%E7%84%A1%E9%9A%9C%E7%A4%99%E8%81%B2%E6%98%8E\/","title":{"rendered":"\u7121\u969c\u7919\u8072\u660e"},"content":{"rendered":"\n<p><b>\u7121\u969c\u7919\u8072\u660e<\/b><\/p>\n\n<p>\u300a\u65b0\u6559\u80b2\u8005\u300b\u7aed\u76e1\u5168\u529b\u78ba\u4fdd\u6240\u6709\u4f7f\u7528\u8005\u7686\u80fd\u5e73\u7b49\u4e14\u8212\u9069\u5730\u700f\u89bd\u6211\u5011\u7684\u7db2\u7ad9\u3002\u672c\u7db2\u7ad9\u5167\u5bb9\u7686\u4f9d\u7167\u7121\u969c\u7919\u6a19\u6e96\u8a2d\u8a08\uff0c\u4f7f\u8eab\u5fc3\u969c\u7919\u8005\u4ea6\u80fd\u8f15\u9b06\u4f7f\u7528\u3002 <\/p>\n\n<h3 class=\"wp-block-heading\">1. \u53ef\u8a2a\u554f\u6027\u6a19\u6e96<\/h3>\n\n<p>\u6211\u5011\u7684\u7db2\u7ad9\u5df2\u4f9d\u64da\u300a\u7db2\u8def\u5167\u5bb9\u7121\u969c\u7919\u6307\u5357\u300b\uff08WCAG\uff092.1\u7248\u4e4bA\u7d1a\u8207AA\u7d1a\u6a19\u6e96\u9032\u884c\u958b\u767c\u3002\u6b64\u6307\u5357\u65e8\u5728\u78ba\u4fdd\u7db2\u8def\u5167\u5bb9\u80fd\u70ba\u8996\u969c\u3001\u807d\u969c\u3001\u80a2\u9ad4\u969c\u7919\u53ca\u8a8d\u77e5\u969c\u7919\u8005\u6240\u4f7f\u7528\u3002 <\/p>\n\n<h3 class=\"wp-block-heading\">2. \u6211\u5011\u7684\u7121\u969c\u7919\u76ee\u6a19<\/h3>\n\n<ul class=\"wp-block-list\">\n<li>\u66ff\u4ee3\u6587\u5b57\uff1a\u70ba\u4f7f\u8996\u89ba\u5167\u5bb9\u80fd\u8207\u87a2\u5e55\u95b1\u8b80\u5668\u76f8\u5bb9\uff0c\u5df2\u63d0\u4f9b\u66ff\u4ee3\u6587\u5b57\u3002<\/li>\n\n\n\n<li>\u8272\u5f69\u5c0d\u6bd4\uff1a\u6587\u5b57\u8207\u80cc\u666f\u4e4b\u9593\u7684\u8272\u5f69\u5c0d\u6bd4\uff0c\u5df2\u91dd\u5c0d\u8996\u529b\u8f03\u5f31\u7684\u4f7f\u7528\u8005\u9032\u884c\u512a\u5316\u3002<\/li>\n\n\n\n<li>\u5c0e\u822a\uff1a\u63d0\u4f9b\u4fbf\u65bc\u9375\u76e4\u64cd\u4f5c\u7684\u6613\u7528\u9078\u55ae\u8207\u9801\u9762\u4f48\u5c40\u3002<\/li>\n\n\n\n<li>\u611f\u5b98\u5167\u5bb9\uff1a\u5f71\u7247\u8207\u97f3\u8a0a\u5167\u5bb9\u5747\u8f14\u4ee5\u5b57\u5e55\u53ca\u6587\u5b57\u8aaa\u660e\u3002<\/li>\n<\/ul>\n\n<h3 class=\"wp-block-heading\">3. \u53cd\u994b<\/h3>\n\n<p>\u82e5\u60a8\u5728\u7121\u969c\u7919\u4f7f\u7528\u65b9\u9762\u9047\u5230\u4efb\u4f55\u554f\u984c\uff0c\u8acb\u96a8\u6642\u8207\u6211\u5011\u806f\u7e6b\u3002\u60a8\u7684\u53cd\u994b\u5c07\u6709\u52a9\u65bc\u6211\u5011\u6301\u7e8c\u6539\u5584\u7db2\u7ad9\u7684\u7121\u969c\u7919\u4f7f\u7528\u9ad4\u9a57\u3002 <\/p>\n\n<ul class=\"wp-block-list\">\n<li>\u96fb\u5b50\u90f5\u4ef6\uff1a<a href=\"mailto:info@theneweducator.com\">info@theneweducator.com<\/a><\/li>\n\n\n\n<li>\u96fb\u8a71\uff1a[\u96fb\u8a71\u865f\u78bc]<\/li>\n\n\n\n<li>\u5730\u5740\uff1aKozyata\u011f\u0131, Bayar Cd. No:74-1, 34742 Kad\u0131k\u00f6y\/\u4f0a\u65af\u5766\u5821 <\/li>\n<\/ul>\n\n<h3 class=\"wp-block-heading\">4. \u6301\u7e8c\u6539\u5584<\/h3>\n\n<p>\u6211\u5011\u6301\u7e8c\u52aa\u529b\uff0c\u4ee5\u78ba\u4fdd\u7db2\u7ad9\u7684\u7121\u969c\u7919\u6027\u59cb\u7d42\u7dad\u6301\u5728\u6700\u9ad8\u6c34\u6e96\u3002\u70ba\u6b64\uff0c\u6211\u5011\u9032\u884c\u7121\u969c\u7919\u6e2c\u8a66\uff0c\u4e26\u6839\u64da\u4f7f\u7528\u8005\u56de\u994b\u9032\u884c\u5fc5\u8981\u7684\u8abf\u6574\u3002 <\/p>\n","protected":false},"excerpt":{"rendered":"<p>\u7121\u969c\u7919\u8072\u660e \u300a\u65b0\u6559\u80b2\u8005\u300b\u7aed\u76e1\u5168\u529b\u78ba\u4fdd\u6240\u6709 [&hellip;]<\/p>\n","protected":false},"author":1,"featured_media":0,"parent":0,"menu_order":0,"comment_status":"closed","ping_status":"closed","template":"","meta":{"_acf_changed":false,"inline_featured_image":false,"footnotes":""},"class_list":["post-21387","page","type-page","status-publish","hentry"],"acf":[],"yoast_head":"<!-- This site is optimized with the Yoast SEO plugin v27.5 - https:\/\/yoast.com\/product\/yoast-seo-wordpress\/ -->\n<title>\u7121\u969c\u7919\u8072\u660e - OSSD - The New Educator<\/title>\n<meta name=\"robots\" content=\"index, follow, max-snippet:-1, max-image-preview:large, max-video-preview:-1\" \/>\n<link rel=\"canonical\" href=\"https:\/\/theneweducator.com\/zh-hant\/%E7%84%A1%E9%9A%9C%E7%A4%99%E8%81%B2%E6%98%8E\/\" \/>\n<meta property=\"og:locale\" content=\"zh_TW\" \/>\n<meta property=\"og:type\" content=\"article\" \/>\n<meta property=\"og:title\" content=\"\u7121\u969c\u7919\u8072\u660e - OSSD - The New Educator\" \/>\n<meta property=\"og:description\" content=\"\u7121\u969c\u7919\u8072\u660e \u300a\u65b0\u6559\u80b2\u8005\u300b\u7aed\u76e1\u5168\u529b\u78ba\u4fdd\u6240\u6709 [&hellip;]\" \/>\n<meta property=\"og:url\" content=\"https:\/\/theneweducator.com\/zh-hant\/%E7%84%A1%E9%9A%9C%E7%A4%99%E8%81%B2%E6%98%8E\/\" \/>\n<meta property=\"og:site_name\" content=\"OSSD - The New Educator\" \/>\n<meta property=\"article:modified_time\" content=\"2025-12-24T13:40:14+00:00\" \/>\n<meta name=\"twitter:card\" content=\"summary_large_image\" \/>\n<script type=\"application\/ld+json\" class=\"yoast-schema-graph\">{\"@context\":\"https:\\\/\\\/schema.org\",\"@graph\":[{\"@type\":\"WebPage\",\"@id\":\"https:\\\/\\\/theneweducator.com\\\/zh-hant\\\/%E7%84%A1%E9%9A%9C%E7%A4%99%E8%81%B2%E6%98%8E\\\/\",\"url\":\"https:\\\/\\\/theneweducator.com\\\/zh-hant\\\/%E7%84%A1%E9%9A%9C%E7%A4%99%E8%81%B2%E6%98%8E\\\/\",\"name\":\"\u7121\u969c\u7919\u8072\u660e - OSSD - The New Educator\",\"isPartOf\":{\"@id\":\"https:\\\/\\\/theneweducator.com\\\/zh-hant\\\/#website\"},\"datePublished\":\"2025-01-22T15:49:27+00:00\",\"dateModified\":\"2025-12-24T13:40:14+00:00\",\"breadcrumb\":{\"@id\":\"https:\\\/\\\/theneweducator.com\\\/zh-hant\\\/%E7%84%A1%E9%9A%9C%E7%A4%99%E8%81%B2%E6%98%8E\\\/#breadcrumb\"},\"inLanguage\":\"zh-TW\",\"potentialAction\":[{\"@type\":\"ReadAction\",\"target\":[\"https:\\\/\\\/theneweducator.com\\\/zh-hant\\\/%E7%84%A1%E9%9A%9C%E7%A4%99%E8%81%B2%E6%98%8E\\\/\"]}]},{\"@type\":\"BreadcrumbList\",\"@id\":\"https:\\\/\\\/theneweducator.com\\\/zh-hant\\\/%E7%84%A1%E9%9A%9C%E7%A4%99%E8%81%B2%E6%98%8E\\\/#breadcrumb\",\"itemListElement\":[{\"@type\":\"ListItem\",\"position\":1,\"name\":\"Anasayfa\",\"item\":\"https:\\\/\\\/theneweducator.com\\\/zh-hant\\\/\"},{\"@type\":\"ListItem\",\"position\":2,\"name\":\"\u7121\u969c\u7919\u8072\u660e\"}]},{\"@type\":\"WebSite\",\"@id\":\"https:\\\/\\\/theneweducator.com\\\/zh-hant\\\/#website\",\"url\":\"https:\\\/\\\/theneweducator.com\\\/zh-hant\\\/\",\"name\":\"Ontario Secondary School Diploma - The New Educator\",\"description\":\"\u00dcniversitelere S\u0131navs\u0131z &amp; Direkt Ba\u015fvuru Hakk\u0131n\u0131z Olsun\",\"publisher\":{\"@id\":\"https:\\\/\\\/theneweducator.com\\\/zh-hant\\\/#organization\"},\"alternateName\":\"OSSD Kanada Lise Diplomas\u0131\",\"potentialAction\":[{\"@type\":\"SearchAction\",\"target\":{\"@type\":\"EntryPoint\",\"urlTemplate\":\"https:\\\/\\\/theneweducator.com\\\/zh-hant\\\/?s={search_term_string}\"},\"query-input\":{\"@type\":\"PropertyValueSpecification\",\"valueRequired\":true,\"valueName\":\"search_term_string\"}}],\"inLanguage\":\"zh-TW\"},{\"@type\":\"Organization\",\"@id\":\"https:\\\/\\\/theneweducator.com\\\/zh-hant\\\/#organization\",\"name\":\"OSSD Ontario Secondary School Diploma - The New Educator\",\"url\":\"https:\\\/\\\/theneweducator.com\\\/zh-hant\\\/\",\"logo\":{\"@type\":\"ImageObject\",\"inLanguage\":\"zh-TW\",\"@id\":\"https:\\\/\\\/theneweducator.com\\\/zh-hant\\\/#\\\/schema\\\/logo\\\/image\\\/\",\"url\":\"https:\\\/\\\/theneweducator.com\\\/wp-content\\\/uploads\\\/2025\\\/01\\\/logo-new-1.png\",\"contentUrl\":\"https:\\\/\\\/theneweducator.com\\\/wp-content\\\/uploads\\\/2025\\\/01\\\/logo-new-1.png\",\"width\":1128,\"height\":318,\"caption\":\"OSSD Ontario Secondary School Diploma - The New Educator\"},\"image\":{\"@id\":\"https:\\\/\\\/theneweducator.com\\\/zh-hant\\\/#\\\/schema\\\/logo\\\/image\\\/\"}}]}<\/script>\n<!-- \/ Yoast SEO plugin. -->","yoast_head_json":{"title":"\u7121\u969c\u7919\u8072\u660e - OSSD - The New Educator","robots":{"index":"index","follow":"follow","max-snippet":"max-snippet:-1","max-image-preview":"max-image-preview:large","max-video-preview":"max-video-preview:-1"},"canonical":"https:\/\/theneweducator.com\/zh-hant\/%E7%84%A1%E9%9A%9C%E7%A4%99%E8%81%B2%E6%98%8E\/","og_locale":"zh_TW","og_type":"article","og_title":"\u7121\u969c\u7919\u8072\u660e - OSSD - The New Educator","og_description":"\u7121\u969c\u7919\u8072\u660e \u300a\u65b0\u6559\u80b2\u8005\u300b\u7aed\u76e1\u5168\u529b\u78ba\u4fdd\u6240\u6709 [&hellip;]","og_url":"https:\/\/theneweducator.com\/zh-hant\/%E7%84%A1%E9%9A%9C%E7%A4%99%E8%81%B2%E6%98%8E\/","og_site_name":"OSSD - The New Educator","article_modified_time":"2025-12-24T13:40:14+00:00","twitter_card":"summary_large_image","schema":{"@context":"https:\/\/schema.org","@graph":[{"@type":"WebPage","@id":"https:\/\/theneweducator.com\/zh-hant\/%E7%84%A1%E9%9A%9C%E7%A4%99%E8%81%B2%E6%98%8E\/","url":"https:\/\/theneweducator.com\/zh-hant\/%E7%84%A1%E9%9A%9C%E7%A4%99%E8%81%B2%E6%98%8E\/","name":"\u7121\u969c\u7919\u8072\u660e - OSSD - The New Educator","isPartOf":{"@id":"https:\/\/theneweducator.com\/zh-hant\/#website"},"datePublished":"2025-01-22T15:49:27+00:00","dateModified":"2025-12-24T13:40:14+00:00","breadcrumb":{"@id":"https:\/\/theneweducator.com\/zh-hant\/%E7%84%A1%E9%9A%9C%E7%A4%99%E8%81%B2%E6%98%8E\/#breadcrumb"},"inLanguage":"zh-TW","potentialAction":[{"@type":"ReadAction","target":["https:\/\/theneweducator.com\/zh-hant\/%E7%84%A1%E9%9A%9C%E7%A4%99%E8%81%B2%E6%98%8E\/"]}]},{"@type":"BreadcrumbList","@id":"https:\/\/theneweducator.com\/zh-hant\/%E7%84%A1%E9%9A%9C%E7%A4%99%E8%81%B2%E6%98%8E\/#breadcrumb","itemListElement":[{"@type":"ListItem","position":1,"name":"Anasayfa","item":"https:\/\/theneweducator.com\/zh-hant\/"},{"@type":"ListItem","position":2,"name":"\u7121\u969c\u7919\u8072\u660e"}]},{"@type":"WebSite","@id":"https:\/\/theneweducator.com\/zh-hant\/#website","url":"https:\/\/theneweducator.com\/zh-hant\/","name":"Ontario Secondary School Diploma - The New Educator","description":"\u00dcniversitelere S\u0131navs\u0131z &amp; Direkt Ba\u015fvuru Hakk\u0131n\u0131z Olsun","publisher":{"@id":"https:\/\/theneweducator.com\/zh-hant\/#organization"},"alternateName":"OSSD Kanada Lise Diplomas\u0131","potentialAction":[{"@type":"SearchAction","target":{"@type":"EntryPoint","urlTemplate":"https:\/\/theneweducator.com\/zh-hant\/?s={search_term_string}"},"query-input":{"@type":"PropertyValueSpecification","valueRequired":true,"valueName":"search_term_string"}}],"inLanguage":"zh-TW"},{"@type":"Organization","@id":"https:\/\/theneweducator.com\/zh-hant\/#organization","name":"OSSD Ontario Secondary School Diploma - The New Educator","url":"https:\/\/theneweducator.com\/zh-hant\/","logo":{"@type":"ImageObject","inLanguage":"zh-TW","@id":"https:\/\/theneweducator.com\/zh-hant\/#\/schema\/logo\/image\/","url":"https:\/\/theneweducator.com\/wp-content\/uploads\/2025\/01\/logo-new-1.png","contentUrl":"https:\/\/theneweducator.com\/wp-content\/uploads\/2025\/01\/logo-new-1.png","width":1128,"height":318,"caption":"OSSD Ontario Secondary School Diploma - The New Educator"},"image":{"@id":"https:\/\/theneweducator.com\/zh-hant\/#\/schema\/logo\/image\/"}}]}},"_links":{"self":[{"href":"https:\/\/theneweducator.com\/zh-hant\/wp-json\/wp\/v2\/pages\/21387","targetHints":{"allow":["GET"]}}],"collection":[{"href":"https:\/\/theneweducator.com\/zh-hant\/wp-json\/wp\/v2\/pages"}],"about":[{"href":"https:\/\/theneweducator.com\/zh-hant\/wp-json\/wp\/v2\/types\/page"}],"author":[{"embeddable":true,"href":"https:\/\/theneweducator.com\/zh-hant\/wp-json\/wp\/v2\/users\/1"}],"replies":[{"embeddable":true,"href":"https:\/\/theneweducator.com\/zh-hant\/wp-json\/wp\/v2\/comments?post=21387"}],"version-history":[{"count":1,"href":"https:\/\/theneweducator.com\/zh-hant\/wp-json\/wp\/v2\/pages\/21387\/revisions"}],"predecessor-version":[{"id":21388,"href":"https:\/\/theneweducator.com\/zh-hant\/wp-json\/wp\/v2\/pages\/21387\/revisions\/21388"}],"wp:attachment":[{"href":"https:\/\/theneweducator.com\/zh-hant\/wp-json\/wp\/v2\/media?parent=21387"}],"curies":[{"name":"wp","href":"https:\/\/api.w.org\/{rel}","templated":true}]}}