{"id":21384,"date":"2025-01-18T11:26:16","date_gmt":"2025-01-18T08:26:16","guid":{"rendered":"https:\/\/theneweducator.com\/%e6%89%80%e6%9c%89%e8%aa%b2%e7%a8%8b\/"},"modified":"2025-01-18T11:26:16","modified_gmt":"2025-01-18T08:26:16","slug":"%e6%89%80%e6%9c%89%e8%aa%b2%e7%a8%8b","status":"publish","type":"page","link":"https:\/\/theneweducator.com\/zh-hant\/%E6%89%80%E6%9C%89%E8%AA%B2%E7%A8%8B\/","title":{"rendered":"\u6240\u6709\u8ab2\u7a0b"},"content":{"rendered":"","protected":false},"excerpt":{"rendered":"","protected":false},"author":1,"featured_media":0,"parent":0,"menu_order":0,"comment_status":"closed","ping_status":"closed","template":"","meta":{"_acf_changed":false,"inline_featured_image":false,"footnotes":""},"class_list":["post-21384","page","type-page","status-publish","hentry"],"acf":[],"yoast_head":"<!-- This site is optimized with the Yoast SEO plugin v27.5 - https:\/\/yoast.com\/product\/yoast-seo-wordpress\/ -->\n<title>\u6240\u6709\u8ab2\u7a0b - OSSD - The New Educator<\/title>\n<meta name=\"robots\" content=\"noindex, follow\" \/>\n<meta property=\"og:locale\" content=\"zh_TW\" \/>\n<meta property=\"og:type\" content=\"article\" \/>\n<meta property=\"og:title\" content=\"\u6240\u6709\u8ab2\u7a0b - OSSD - The New Educator\" \/>\n<meta property=\"og:url\" content=\"https:\/\/theneweducator.com\/zh-hant\/%E6%89%80%E6%9C%89%E8%AA%B2%E7%A8%8B\/\" \/>\n<meta property=\"og:site_name\" content=\"OSSD - The New Educator\" \/>\n<meta name=\"twitter:card\" content=\"summary_large_image\" \/>\n<script type=\"application\/ld+json\" class=\"yoast-schema-graph\">{\"@context\":\"https:\\\/\\\/schema.org\",\"@graph\":[{\"@type\":\"WebPage\",\"@id\":\"https:\\\/\\\/theneweducator.com\\\/zh-hant\\\/%E6%89%80%E6%9C%89%E8%AA%B2%E7%A8%8B\\\/\",\"url\":\"https:\\\/\\\/theneweducator.com\\\/zh-hant\\\/%E6%89%80%E6%9C%89%E8%AA%B2%E7%A8%8B\\\/\",\"name\":\"\u6240\u6709\u8ab2\u7a0b - OSSD - The New Educator\",\"isPartOf\":{\"@id\":\"https:\\\/\\\/theneweducator.com\\\/zh-hant\\\/#website\"},\"datePublished\":\"2025-01-18T08:26:16+00:00\",\"breadcrumb\":{\"@id\":\"https:\\\/\\\/theneweducator.com\\\/zh-hant\\\/%E6%89%80%E6%9C%89%E8%AA%B2%E7%A8%8B\\\/#breadcrumb\"},\"inLanguage\":\"zh-TW\",\"potentialAction\":[{\"@type\":\"ReadAction\",\"target\":[\"https:\\\/\\\/theneweducator.com\\\/zh-hant\\\/%E6%89%80%E6%9C%89%E8%AA%B2%E7%A8%8B\\\/\"]}]},{\"@type\":\"BreadcrumbList\",\"@id\":\"https:\\\/\\\/theneweducator.com\\\/zh-hant\\\/%E6%89%80%E6%9C%89%E8%AA%B2%E7%A8%8B\\\/#breadcrumb\",\"itemListElement\":[{\"@type\":\"ListItem\",\"position\":1,\"name\":\"Anasayfa\",\"item\":\"https:\\\/\\\/theneweducator.com\\\/zh-hant\\\/\"},{\"@type\":\"ListItem\",\"position\":2,\"name\":\"\u6240\u6709\u8ab2\u7a0b\"}]},{\"@type\":\"WebSite\",\"@id\":\"https:\\\/\\\/theneweducator.com\\\/zh-hant\\\/#website\",\"url\":\"https:\\\/\\\/theneweducator.com\\\/zh-hant\\\/\",\"name\":\"Ontario Secondary School Diploma - The New Educator\",\"description\":\"\u00dcniversitelere S\u0131navs\u0131z &amp; Direkt Ba\u015fvuru Hakk\u0131n\u0131z Olsun\",\"publisher\":{\"@id\":\"https:\\\/\\\/theneweducator.com\\\/zh-hant\\\/#organization\"},\"alternateName\":\"OSSD Kanada Lise Diplomas\u0131\",\"potentialAction\":[{\"@type\":\"SearchAction\",\"target\":{\"@type\":\"EntryPoint\",\"urlTemplate\":\"https:\\\/\\\/theneweducator.com\\\/zh-hant\\\/?s={search_term_string}\"},\"query-input\":{\"@type\":\"PropertyValueSpecification\",\"valueRequired\":true,\"valueName\":\"search_term_string\"}}],\"inLanguage\":\"zh-TW\"},{\"@type\":\"Organization\",\"@id\":\"https:\\\/\\\/theneweducator.com\\\/zh-hant\\\/#organization\",\"name\":\"OSSD Ontario Secondary School Diploma - The New Educator\",\"url\":\"https:\\\/\\\/theneweducator.com\\\/zh-hant\\\/\",\"logo\":{\"@type\":\"ImageObject\",\"inLanguage\":\"zh-TW\",\"@id\":\"https:\\\/\\\/theneweducator.com\\\/zh-hant\\\/#\\\/schema\\\/logo\\\/image\\\/\",\"url\":\"https:\\\/\\\/theneweducator.com\\\/wp-content\\\/uploads\\\/2025\\\/01\\\/logo-new-1.png\",\"contentUrl\":\"https:\\\/\\\/theneweducator.com\\\/wp-content\\\/uploads\\\/2025\\\/01\\\/logo-new-1.png\",\"width\":1128,\"height\":318,\"caption\":\"OSSD Ontario Secondary School Diploma - The New Educator\"},\"image\":{\"@id\":\"https:\\\/\\\/theneweducator.com\\\/zh-hant\\\/#\\\/schema\\\/logo\\\/image\\\/\"}}]}<\/script>\n<!-- \/ Yoast SEO plugin. -->","yoast_head_json":{"title":"\u6240\u6709\u8ab2\u7a0b - OSSD - The New Educator","robots":{"index":"noindex","follow":"follow"},"og_locale":"zh_TW","og_type":"article","og_title":"\u6240\u6709\u8ab2\u7a0b - OSSD - The New Educator","og_url":"https:\/\/theneweducator.com\/zh-hant\/%E6%89%80%E6%9C%89%E8%AA%B2%E7%A8%8B\/","og_site_name":"OSSD - The New Educator","twitter_card":"summary_large_image","schema":{"@context":"https:\/\/schema.org","@graph":[{"@type":"WebPage","@id":"https:\/\/theneweducator.com\/zh-hant\/%E6%89%80%E6%9C%89%E8%AA%B2%E7%A8%8B\/","url":"https:\/\/theneweducator.com\/zh-hant\/%E6%89%80%E6%9C%89%E8%AA%B2%E7%A8%8B\/","name":"\u6240\u6709\u8ab2\u7a0b - OSSD - The New Educator","isPartOf":{"@id":"https:\/\/theneweducator.com\/zh-hant\/#website"},"datePublished":"2025-01-18T08:26:16+00:00","breadcrumb":{"@id":"https:\/\/theneweducator.com\/zh-hant\/%E6%89%80%E6%9C%89%E8%AA%B2%E7%A8%8B\/#breadcrumb"},"inLanguage":"zh-TW","potentialAction":[{"@type":"ReadAction","target":["https:\/\/theneweducator.com\/zh-hant\/%E6%89%80%E6%9C%89%E8%AA%B2%E7%A8%8B\/"]}]},{"@type":"BreadcrumbList","@id":"https:\/\/theneweducator.com\/zh-hant\/%E6%89%80%E6%9C%89%E8%AA%B2%E7%A8%8B\/#breadcrumb","itemListElement":[{"@type":"ListItem","position":1,"name":"Anasayfa","item":"https:\/\/theneweducator.com\/zh-hant\/"},{"@type":"ListItem","position":2,"name":"\u6240\u6709\u8ab2\u7a0b"}]},{"@type":"WebSite","@id":"https:\/\/theneweducator.com\/zh-hant\/#website","url":"https:\/\/theneweducator.com\/zh-hant\/","name":"Ontario Secondary School Diploma - The New Educator","description":"\u00dcniversitelere S\u0131navs\u0131z &amp; Direkt Ba\u015fvuru Hakk\u0131n\u0131z Olsun","publisher":{"@id":"https:\/\/theneweducator.com\/zh-hant\/#organization"},"alternateName":"OSSD Kanada Lise Diplomas\u0131","potentialAction":[{"@type":"SearchAction","target":{"@type":"EntryPoint","urlTemplate":"https:\/\/theneweducator.com\/zh-hant\/?s={search_term_string}"},"query-input":{"@type":"PropertyValueSpecification","valueRequired":true,"valueName":"search_term_string"}}],"inLanguage":"zh-TW"},{"@type":"Organization","@id":"https:\/\/theneweducator.com\/zh-hant\/#organization","name":"OSSD Ontario Secondary School Diploma - The New Educator","url":"https:\/\/theneweducator.com\/zh-hant\/","logo":{"@type":"ImageObject","inLanguage":"zh-TW","@id":"https:\/\/theneweducator.com\/zh-hant\/#\/schema\/logo\/image\/","url":"https:\/\/theneweducator.com\/wp-content\/uploads\/2025\/01\/logo-new-1.png","contentUrl":"https:\/\/theneweducator.com\/wp-content\/uploads\/2025\/01\/logo-new-1.png","width":1128,"height":318,"caption":"OSSD Ontario Secondary School Diploma - The New Educator"},"image":{"@id":"https:\/\/theneweducator.com\/zh-hant\/#\/schema\/logo\/image\/"}}]}},"_links":{"self":[{"href":"https:\/\/theneweducator.com\/zh-hant\/wp-json\/wp\/v2\/pages\/21384","targetHints":{"allow":["GET"]}}],"collection":[{"href":"https:\/\/theneweducator.com\/zh-hant\/wp-json\/wp\/v2\/pages"}],"about":[{"href":"https:\/\/theneweducator.com\/zh-hant\/wp-json\/wp\/v2\/types\/page"}],"author":[{"embeddable":true,"href":"https:\/\/theneweducator.com\/zh-hant\/wp-json\/wp\/v2\/users\/1"}],"replies":[{"embeddable":true,"href":"https:\/\/theneweducator.com\/zh-hant\/wp-json\/wp\/v2\/comments?post=21384"}],"version-history":[{"count":0,"href":"https:\/\/theneweducator.com\/zh-hant\/wp-json\/wp\/v2\/pages\/21384\/revisions"}],"wp:attachment":[{"href":"https:\/\/theneweducator.com\/zh-hant\/wp-json\/wp\/v2\/media?parent=21384"}],"curies":[{"name":"wp","href":"https:\/\/api.w.org\/{rel}","templated":true}]}}