{"id":21382,"date":"2025-01-16T10:43:26","date_gmt":"2025-01-16T07:43:26","guid":{"rendered":"https:\/\/theneweducator.com\/%e9%9a%b1%e7%a7%81%e6%ac%8a%e6%94%bf%e7%ad%96\/"},"modified":"2025-12-24T16:37:27","modified_gmt":"2025-12-24T13:37:27","slug":"%e9%9a%b1%e7%a7%81%e6%ac%8a%e6%94%bf%e7%ad%96","status":"publish","type":"page","link":"https:\/\/theneweducator.com\/zh-hant\/%E9%9A%B1%E7%A7%81%E6%AC%8A%E6%94%BF%E7%AD%96\/","title":{"rendered":"\u96b1\u79c1\u6b0a\u653f\u7b56"},"content":{"rendered":"\n<h2 class=\"wp-block-heading\"><strong>THE NEW EDUCATOR \u7db2\u7ad9\u96b1\u79c1\u6b0a\u653f\u7b56<\/strong><\/h2>\n\n<p>\u672c\u96b1\u79c1\u6b0a\u653f\u7b56\u4e4b\u76ee\u7684\uff0c\u4fc2\u70ba\u8aaa\u660e\u7531\u7b97\u8853\u6559\u80b2\u8207\u6559\u5b78\u8aee\u8a62\u53ca\u51fa\u7248\u80a1\u4efd\u6709\u9650\u516c\u53f8 \uff08\u516c\u53f8\uff09\u6240\u71df\u904b\u4e4b <a href=\"http:\/\/www.theneweducator.com\">www.theneweducator.com<\/a> \u7db2\u7ad9\uff08\u300c\u7db2\u7ad9\u300d\uff09\u4e4b\u904b\u4f5c\u904e\u7a0b\u4e2d\uff0c\u7531\u7db2\u7ad9\u4f7f\u7528\u8005\/\u6703\u54e1\/\u8a2a\u5ba2\uff08\u300c\u8cc7\u6599\u4e3b\u9ad4\u300d\uff09\u8207\u516c\u53f8\u5171\u4eab\uff0c\u6216\u516c\u53f8\u65bc\u8cc7\u6599\u4e3b\u9ad4\u4f7f\u7528\u7db2\u7ad9\u6642\u6240\u7522\u751f\u4e4b\u500b\u4eba\u8cc7\u6599\u4f7f\u7528\u76f8\u95dc\u689d\u6b3e\u8207\u689d\u4ef6\u3002<\/p>\n\n<p>\u8cc7\u6599\u7576\u4e8b\u4eba\u8072\u660e\uff0c\u5df2\u900f\u904e\u672c\u96b1\u79c1\u6b0a\u653f\u7b56\u5145\u5206\u77e5\u6089\u5176\u500b\u4eba\u8cc7\u6599\u4e4b\u8655\u7406\u4e8b\u5b9c\uff0c\u4e26\u540c\u610f\u5176\u500b\u4eba\u8cc7\u6599\u4f9d\u6b64\u8655\u6240\u8ff0\u65b9\u5f0f\u4f7f\u7528\u3002<\/p>\n\n<p><strong>\u54ea\u4e9b\u8cc7\u6599\u6b63\u5728\u8655\u7406\uff1f<\/strong><\/p>\n\n<p>\u672c\u6a19\u984c\u4e0b\u5217\u8209\u4e86\u7531\u672c\u516c\u53f8\u8655\u7406\u4e14\u4f9d\u64da\u300a\u500b\u4eba\u8cc7\u6599\u4fdd\u8b77\u6cd5\u300b\u88ab\u8996\u70ba\u500b\u4eba\u8cc7\u6599\u4e4b\u5404\u9805\u8cc7\u6599\u3002\u9664\u975e\u53e6\u6709\u660e\u78ba\u898f\u5b9a\uff0c\u672c\u96b1\u79c1\u6b0a\u653f\u7b56\u6240\u8f09\u4e4b\u689d\u6b3e\u8207\u689d\u4ef6\u4e2d\uff0c\u300c\u500b\u4eba\u8cc7\u6599\u300d\u4e00\u8a5e\u5c07\u6db5\u84cb\u4e0b\u5217\u8cc7\u8a0a\uff1a <\/p>\n\n<ul class=\"wp-block-list\">\n<li><strong>\u806f\u7d61\u8868\u55ae &#8211; \u4e3b\u984c\/\u539f\u56e0<\/strong><\/li>\n\n\n\n<li><strong>\u806f\u7d61\u8868\u55ae &#8211; \u806f\u7d61\u8cc7\u8a0a<\/strong><ul><li><strong>\u59d3\u540d<\/strong><\/li><\/ul><ul><li><strong>\u96fb\u5b50\u90f5\u4ef6\u5730\u5740<\/strong><\/li><\/ul><ul><li><strong>\u96fb\u8a71<\/strong><\/li><\/ul><ul><li><strong>\u5b78\u751f\u59d3\u540d<\/strong><\/li><\/ul><ul><li><strong>\u5b78\u751f\u73ed\u7d1a<\/strong><\/li><\/ul>\n<ul class=\"wp-block-list\">\n<li><strong>\u5b78\u751f\u7684\u5b78\u6821<\/strong><\/li>\n<\/ul>\n<\/li>\n\n\n\n<li><strong>\u806f\u7d61\u8868\u55ae &#8211; \u9700\u6c42\u8aaa\u660e<\/strong><\/li>\n<\/ul>\n\n<p>\u4f9d\u64da\u300a\u500b\u4eba\u8cc7\u6599\u4fdd\u8b77\u6cd5\u300b\u7b2c3\u689d\u53ca\u7b2c7\u689d\u898f\u5b9a\uff0c\u7d93\u4e0d\u53ef\u9006\u8f49\u65b9\u5f0f\u533f\u540d\u5316\u8655\u7406\u4e4b\u8cc7\u6599\uff0c\u5c07\u4e0d\u88ab\u8996\u70ba\u500b\u4eba\u8cc7\u6599\uff0c\u4e14\u76f8\u95dc\u8655\u7406\u6d3b\u52d5\u4e0d\u53d7\u672c\u96b1\u79c1\u6b0a\u653f\u7b56\u689d\u6b3e\u7d04\u675f\u3002  <\/p>\n\n<p>\u6b64\u5916\uff0c\u5728<a href=\"http:\/\/www.theneweducator.com\">www.theneweducator.com<\/a>\u7db2\u7ad9\u5167\uff0c\u57fa\u65bc\u95dc\u65bcCookie\u7684\u544a\u77e5\u7bc4\u570d\uff0c\u7db2\u7ad9\u8a2a\u5ba2\u7684IP\u4f4d\u5740\u8207\u96fb\u5b50\u90f5\u4ef6\u5730\u5740\u5c07\u7531\u672c\u516c\u53f8\u4f9d\u64da\u7b2c6698\u865f\u300a\u500b\u4eba\u8cc7\u6599\u4fdd\u8b77\u6cd5\u300b\u898f\u5b9a\u7684\u7fa9\u52d9\u4e88\u4ee5\u4fdd\u8b77\u3002<\/p>\n\n<p><strong>\u54ea\u4e9b\u4eba\u53ef\u4ee5\u5b58\u53d6\u8cc7\u6599\uff1f<\/strong><\/p>\n\n<p>\u516c\u53f8\u5f97\u5c07\u8cc7\u6599\u4e3b\u9ad4\u4e4b\u500b\u4eba\u8cc7\u6599\uff0c\u4ee5\u53ca\u900f\u904e\u8a72\u7b49\u500b\u4eba\u8cc7\u6599\u6240\u7522\u751f\u4e4b\u65b0\u8cc7\u6599\uff0c\u70ba\u5be6\u73fe\u672c\u96b1\u79c1\u6b0a\u653f\u7b56\u6240\u8f09\u4e4b\u76ee\u7684\uff0c\u65bc\u6709\u9650\u7bc4\u570d\u5167\u63d0\u4f9b\u4e88\u5408\u4f5c\u5925\u4f34\u3001\u80a1\u6771\u3001\u4f9b\u61c9\u5546\u3001\u516c\u53f8\u6388\u6b0a\u4eba\u54e1\u3001Ar\u0131kanl\u0131\u793e\u7fa4\u53ca\u76f8\u95dc\u516c\u53f8\uff0c\u4ee5\u4f9b\u5176\u63d0\u4f9b\u524d\u8ff0\u670d\u52d9\u3002<\/p>\n\n<p>\u516c\u53f8\u70ba\u63d0\u5347\u8cc7\u6599\u4e3b\u9ad4\u9ad4\u9a57\uff08\u5305\u542b\u6539\u5584\u8207\u500b\u4eba\u5316\u670d\u52d9\uff09\u3001\u4fdd\u969c\u8cc7\u6599\u4e3b\u9ad4\u5b89\u5168\u3001\u5075\u6e2c\u8a50\u6b3a\u6216\u672a\u7d93\u6388\u6b0a\u4e4b\u4f7f\u7528\u884c\u70ba\u3001\u9032\u884c\u71df\u904b\u8a55\u4f30\u7814\u7a76\u3001\u6392\u9664\u7db2\u7ad9\u670d\u52d9\u76f8\u95dc\u932f\u8aa4\uff0c\u4ee5\u53ca\u57f7\u884c\u672c\u96b1\u79c1\u6b0a\u653f\u7b56\u6240\u8f09\u4e4b<\/p>\n\n<p>\u70ba\u5be6\u73fe\u4efb\u4f55\u76ee\u6a19\uff0c\u672c\u516c\u53f8\u53ef\u5c07\u76f8\u95dc\u8cc7\u8a0a\u8207\u7b2c\u4e09\u65b9\u6a5f\u69cb\u5171\u4eab\uff0c\u5305\u62ec\u4f46\u4e0d\u9650\u65bc\uff1a\u63d0\u4f9b\u7c21\u8a0a\u767c\u9001\u670d\u52d9\u7684\u5916\u5305\u670d\u52d9\u4f9b\u61c9\u5546\u3001\u4e3b\u6a5f\u8a17\u7ba1\u670d\u52d9\u4f9b\u61c9\u5546\u3001\u6cd5\u5f8b\u4e8b\u52d9\u6240\u3001\u7814\u7a76\u516c\u53f8\u53ca\u5ba2\u670d\u4e2d\u5fc3\u7b49\u3002<\/p>\n\n<p>\u8cc7\u6599\u7576\u4e8b\u4eba\u540c\u610f\uff0c\u5728\u4e0a\u8ff0\u76ee\u7684\u7bc4\u570d\u5167\uff0c\u524d\u8ff0\u7b2c\u4e09\u65b9\u5f97\u5c07\u8cc7\u6599\u7576\u4e8b\u4eba\u4e4b\u500b\u4eba\u8cc7\u6599\u5132\u5b58\u65bc\u5168\u7403\u5404\u5730\u4e4b\u4f3a\u670d\u5668\uff0c\u4e26\u4e8b\u5148\u5c0d\u6b64\u8868\u793a\u540c\u610f\u3002<\/p>\n\n<p><strong>\u95dc\u65bc\u8cc7\u6599\u5b58\u53d6\u6b0a\u8207\u66f4\u6b63\u8acb\u6c42<\/strong><\/p>\n\n<p>\u8cc7\u6599\u7576\u4e8b\u4eba\u53ef\u5411\u516c\u53f8\u63d0\u51fa\u7533\u8acb\uff0c\u4ee5\u7372\u53d6\u8207\u5176\u500b\u4eba\u8cc7\u6599\u76f8\u95dc\u4e4b\uff1a<\/p>\n\n<ul class=\"wp-block-list\">\n<li>\u67e5\u8a62\u500b\u4eba\u8cc7\u6599\u662f\u5426\u88ab\u8655\u7406<\/li>\n\n\n\n<li>\u82e5\u500b\u4eba\u8cc7\u6599\u5df2\u88ab\u8655\u7406\uff0c\u5247\u6709\u6b0a\u8981\u6c42\u76f8\u95dc\u8cc7\u8a0a\u3002<\/li>\n\n\n\n<li>\u4e86\u89e3\u500b\u4eba\u8cc7\u6599\u4e4b\u8655\u7406\u76ee\u7684\uff0c\u4ee5\u53ca\u8a72\u7b49\u8cc7\u6599\u662f\u5426\u7b26\u5408\u5176\u8655\u7406\u76ee\u7684\u800c\u88ab\u4f7f\u7528\uff0c<\/li>\n\n\n\n<li>\u77e5\u6089\u500b\u4eba\u8cc7\u6599\u5728\u570b\u5167\u6216\u570b\u5916\u88ab\u50b3\u8f38\u4e4b\u7b2c\u4e09\u65b9\uff0c<\/li>\n\n\n\n<li>\u500b\u4eba\u8cc7\u6599\u8655\u7406\u4e0d\u5b8c\u6574\u6216\u932f\u8aa4\u6642\uff0c\u8981\u6c42\u66f4\u6b63\u4e4b\u6b0a\u5229\uff0c<\/li>\n\n\n\n<li>\u5728\u76f8\u95dc\u6cd5\u898f\u898f\u5b9a\u7684\u689d\u4ef6\u4e0b\uff0c\u8981\u6c42\u522a\u9664\u6216\u92b7\u6bc0\u500b\u4eba\u8cc7\u6599\uff0c<\/li>\n\n\n\n<li>\u4f9d\u64da\u76f8\u95dc\u6cd5\u898f\u6240\u9032\u884c\u4e4b\u4fee\u6b63\u3001\u522a\u9664\u53ca\u92b7\u6bc0\u4f5c\u696d\uff0c\u5f97\u8981\u6c42\u5c07\u500b\u4eba\u8cc7\u6599\u79fb\u8f49\u4e4b\u7b2c\u4e09\u65b9\u77e5\u6089\u3002<\/li>\n\n\n\n<li>\u5c0d\u900f\u904e\u81ea\u52d5\u5316\u7cfb\u7d71\u5206\u6790\u6240\u8655\u7406\u4e4b\u8cc7\u6599\uff0c\u5c0e\u81f4\u5c0d\u500b\u4eba\u4e0d\u5229\u4e4b\u7d50\u679c\u7522\u751f\u6642\uff0c\u6709\u6b0a\u63d0\u51fa\u7570\u8b70\u3002<\/li>\n\n\n\n<li>\u500b\u4eba\u8cc7\u6599\u56e0\u9055\u53cd\u6cd5\u5f8b\u800c\u906d\u53d7\u640d\u5bb3\u6642\uff0c\u6709\u6b0a\u8981\u6c42\u8ce0\u511f\u640d\u5931\u3002<\/li>\n<\/ul>\n\n<p>\u70ba\u884c\u4f7f\u500b\u4eba\u8cc7\u6599\u76f8\u95dc\u6b0a\u5229\uff0c\u53ef\u4f7f\u7528\u300c\u500b\u4eba\u8cc7\u6599\u7576\u4e8b\u4eba\u5411\u8cc7\u6599\u63a7\u5236\u8005\u63d0\u51fa\u7533\u8acb\u4e4b\u8868\u683c\u300d\u3002\u5c0d\u6b64\u985e\u7533\u8acb\uff0c\u6700\u9072\u5c07\u65bc30\uff08\u4e09\u5341\uff09\u65e5\u5167\u4e88\u4ee5\u56de\u8986\u3002\u6709\u95dc\u884c\u4f7f\u6cd5\u5b9a\u6b0a\u5229\u4e4b\u8a73\u7d30\u8cc7\u8a0a\uff0c\u8acb\u53c3\u95b1<a href=\"http:\/\/www.theneweducator.com\">www.theneweducator.com<\/a>\u7db2\u7ad9\u4e4b\u300a\u500b\u4eba\u8cc7\u6599\u4fdd\u8b77\u653f\u7b56\u300b\u3002  <\/p>\n\n<p>\u8cc7\u6599\u7576\u4e8b\u4eba\u627f\u8afe\uff0c\u672c\u96b1\u79c1\u6b0a\u653f\u7b56\u6240\u6d89\u8cc7\u8a0a\u5747\u70ba\u5b8c\u6574\u3001\u6b63\u78ba\u4e14\u6700\u65b0\u4e4b\u5167\u5bb9\uff0c\u82e5\u8a72\u7b49\u8cc7\u8a0a\u6709\u4efb\u4f55\u8b8a\u66f4\uff0c\u5c07\u7acb\u5373\u9032\u884c\u66f4\u65b0\u3002\u82e5\u8cc7\u6599\u7576\u4e8b\u4eba\u672a\u63d0\u4f9b\u6700\u65b0\u8cc7\u8a0a\uff0c\u672c\u516c\u53f8\u6982\u4e0d\u627f\u64d4\u4efb\u4f55\u8cac\u4efb\u3002 <\/p>\n\n<p>\u8cc7\u6599\u7576\u4e8b\u4eba\u8072\u660e\uff0c\u82e5\u63d0\u51fa\u4efb\u4f55\u5c0e\u81f4\u516c\u53f8\u7121\u6cd5\u4f7f\u7528\u5176\u500b\u4eba\u8cc7\u6599\u4e4b\u8981\u6c42\uff0c\u5373\u8868\u793a\u5176\u53ef\u80fd\u7121\u6cd5\u5145\u5206\u5229\u7528\u672c\u7db2\u7ad9\u4e4b\u904b\u4f5c\u529f\u80fd\uff0c\u4e26\u540c\u610f\u5c31\u6b64\u7522\u751f\u4e4b\u4efb\u4f55\u8cac\u4efb\u5747\u7531\u5176\u81ea\u884c\u627f\u64d4\u3002<\/p>\n\n<p><strong>\u500b\u4eba\u8cc7\u6599\u4e4b\u4fdd\u5b58\u671f\u9650<\/strong><\/p>\n\n<p>\u516c\u53f8\u5c07\u4fdd\u5b58\u8cc7\u6599\u4e3b\u9ad4\u6240\u63d0\u4f9b\u7684\u500b\u4eba\u8cc7\u6599\uff0c\u4fdd\u5b58\u671f\u9593\u70ba\u9054\u6210\u4e0a\u8ff0\u8655\u7406\u76ee\u7684\u6240\u5fc5\u9700\u4e4b\u671f\u9593\u3002<\/p>\n\n<p>\u6b64\u5916\uff0c\u82e5\u672c\u516c\u53f8\u8207\u8cc7\u6599\u7576\u4e8b\u4eba\u9593\u767c\u751f\u4efb\u4f55\u722d\u8b70\uff0c\u672c\u516c\u53f8\u5f97\u65bc\u722d\u8b70\u7bc4\u570d\u5167\u70ba\u9032\u884c\u5fc5\u8981\u6297\u8faf\u4e4b\u76ee\u7684\uff0c\u4e26\u5728\u76f8\u95dc\u6cd5\u898f\u898f\u5b9a\u4e4b\u8ffd\u8a34\u6642\u6548\u671f\u9593\u5167\uff0c\u4fdd\u7559\u500b\u4eba\u8cc7\u6599\u3002<\/p>\n\n<p><strong>\u8cc7\u6599\u5b89\u5168\u76f8\u95dc\u63aa\u65bd\u8207\u627f\u8afe<\/strong><\/p>\n\n<p>\u516c\u53f8\u5c07\u6839\u64da\u76f8\u95dc\u6cd5\u898f\u6240\u898f\u5b9a\u6216\u672c\u96b1\u79c1\u6b0a\u653f\u7b56\u6240\u8f09\u4e4b\u689d\u6b3e\uff0c<\/p>\n\n<ul class=\"wp-block-list\">\n<li>\u500b\u4eba\u8cc7\u6599\u4e0d\u5f97\u9055\u6cd5\u8655\u7406\uff0c<\/li>\n\n\n\n<li>\u500b\u4eba\u8cc7\u6599\u4e0d\u5f97\u4ee5\u9055\u53cd\u6cd5\u5f8b\u7684\u65b9\u5f0f\u53d6\u5f97\uff0c\u4e14<\/li>\n\n\n\n<li>\u500b\u4eba\u8cc7\u6599\u7684\u4fdd\u8b77\uff0c<\/li>\n<\/ul>\n\n<p>\u627f\u8afe\u63a1\u53d6\u5fc5\u8981\u4e4b\u6280\u8853\u53ca\u884c\u653f\u63aa\u65bd\u4ee5\u78ba\u4fdd\u9069\u7576\u5b89\u5168\u7b49\u7d1a\uff0c\u4e26\u57f7\u884c\u5fc5\u8981\u4e4b\u76e3\u63a7\u3002<\/p>\n\n<p>\u516c\u53f8\u4e0d\u5f97\u9055\u53cd\u672c\u96b1\u79c1\u653f\u7b56\u53ca\u300a\u500b\u4eba\u8cc7\u6599\u4fdd\u8b77\u6cd5\u300b\u4e4b\u898f\u5b9a\uff0c\u5c07\u6240\u53d6\u5f97\u4e4b\u8cc7\u6599\u4e3b\u9ad4\u500b\u4eba\u8cc7\u6599\u63ed\u9732\u4e88\u4ed6\u4eba\uff0c\u4ea6\u4e0d\u5f97\u5c07\u8a72\u8cc7\u6599\u7528\u65bc\u8655\u7406\u76ee\u7684\u4e4b\u5916\u4e4b\u7528\u9014\u3002<\/p>\n\n<p>\u82e5\u7db2\u7ad9\u63d0\u4f9b\u5176\u4ed6\u61c9\u7528\u7a0b\u5f0f\u7684\u9023\u7d50\uff0c\u672c\u516c\u53f8\u5c0d\u8a72\u7b49\u61c9\u7528\u7a0b\u5f0f\u7684\u96b1\u79c1\u653f\u7b56\u53ca\u5167\u5bb9\u6982\u4e0d\u627f\u64d4\u4efb\u4f55\u8cac\u4efb\u3002<\/p>\n\n<p><strong>\u96b1\u79c1\u6b0a\u653f\u7b56\u7684\u8b8a\u66f4<\/strong><\/p>\n\n<p>\u672c\u516c\u53f8\u5f97\u96a8\u6642\u4fee\u6539\u672c\u96b1\u79c1\u6b0a\u653f\u7b56\u4e4b\u689d\u6b3e\u3002\u6700\u65b0\u7248\u672c\u4e4b\u96b1\u79c1\u6b0a\u653f\u7b56\uff0c\u65bc\u4ee5\u4efb\u4f55\u65b9\u5f0f\u63d0\u4f9b\u4e88\u8cc7\u6599\u7576\u4e8b\u4eba\u4e4b\u7576\u65e5\u751f\u6548\u3002 <\/p>\n","protected":false},"excerpt":{"rendered":"<p>THE NEW EDUCATOR \u7db2\u7ad9\u96b1 [&hellip;]<\/p>\n","protected":false},"author":1,"featured_media":0,"parent":0,"menu_order":0,"comment_status":"closed","ping_status":"closed","template":"","meta":{"_acf_changed":false,"inline_featured_image":false,"footnotes":""},"class_list":["post-21382","page","type-page","status-publish","hentry"],"acf":[],"yoast_head":"<!-- This site is optimized with the Yoast SEO plugin v27.5 - https:\/\/yoast.com\/product\/yoast-seo-wordpress\/ -->\n<title>\u96b1\u79c1\u6b0a\u653f\u7b56 - OSSD - The New Educator<\/title>\n<meta name=\"robots\" content=\"index, follow, max-snippet:-1, max-image-preview:large, max-video-preview:-1\" \/>\n<link rel=\"canonical\" href=\"https:\/\/theneweducator.com\/zh-hant\/%E9%9A%B1%E7%A7%81%E6%AC%8A%E6%94%BF%E7%AD%96\/\" \/>\n<meta property=\"og:locale\" content=\"zh_TW\" \/>\n<meta property=\"og:type\" content=\"article\" \/>\n<meta property=\"og:title\" content=\"\u96b1\u79c1\u6b0a\u653f\u7b56 - OSSD - The New Educator\" \/>\n<meta property=\"og:description\" content=\"THE NEW EDUCATOR \u7db2\u7ad9\u96b1 [&hellip;]\" \/>\n<meta property=\"og:url\" content=\"https:\/\/theneweducator.com\/zh-hant\/%E9%9A%B1%E7%A7%81%E6%AC%8A%E6%94%BF%E7%AD%96\/\" \/>\n<meta property=\"og:site_name\" content=\"OSSD - The New Educator\" \/>\n<meta property=\"article:modified_time\" content=\"2025-12-24T13:37:27+00:00\" \/>\n<meta name=\"twitter:card\" content=\"summary_large_image\" \/>\n<script type=\"application\/ld+json\" class=\"yoast-schema-graph\">{\"@context\":\"https:\\\/\\\/schema.org\",\"@graph\":[{\"@type\":\"WebPage\",\"@id\":\"https:\\\/\\\/theneweducator.com\\\/zh-hant\\\/%E9%9A%B1%E7%A7%81%E6%AC%8A%E6%94%BF%E7%AD%96\\\/\",\"url\":\"https:\\\/\\\/theneweducator.com\\\/zh-hant\\\/%E9%9A%B1%E7%A7%81%E6%AC%8A%E6%94%BF%E7%AD%96\\\/\",\"name\":\"\u96b1\u79c1\u6b0a\u653f\u7b56 - OSSD - The New Educator\",\"isPartOf\":{\"@id\":\"https:\\\/\\\/theneweducator.com\\\/zh-hant\\\/#website\"},\"datePublished\":\"2025-01-16T07:43:26+00:00\",\"dateModified\":\"2025-12-24T13:37:27+00:00\",\"breadcrumb\":{\"@id\":\"https:\\\/\\\/theneweducator.com\\\/zh-hant\\\/%E9%9A%B1%E7%A7%81%E6%AC%8A%E6%94%BF%E7%AD%96\\\/#breadcrumb\"},\"inLanguage\":\"zh-TW\",\"potentialAction\":[{\"@type\":\"ReadAction\",\"target\":[\"https:\\\/\\\/theneweducator.com\\\/zh-hant\\\/%E9%9A%B1%E7%A7%81%E6%AC%8A%E6%94%BF%E7%AD%96\\\/\"]}]},{\"@type\":\"BreadcrumbList\",\"@id\":\"https:\\\/\\\/theneweducator.com\\\/zh-hant\\\/%E9%9A%B1%E7%A7%81%E6%AC%8A%E6%94%BF%E7%AD%96\\\/#breadcrumb\",\"itemListElement\":[{\"@type\":\"ListItem\",\"position\":1,\"name\":\"Anasayfa\",\"item\":\"https:\\\/\\\/theneweducator.com\\\/zh-hant\\\/\"},{\"@type\":\"ListItem\",\"position\":2,\"name\":\"\u96b1\u79c1\u6b0a\u653f\u7b56\"}]},{\"@type\":\"WebSite\",\"@id\":\"https:\\\/\\\/theneweducator.com\\\/zh-hant\\\/#website\",\"url\":\"https:\\\/\\\/theneweducator.com\\\/zh-hant\\\/\",\"name\":\"Ontario Secondary School Diploma - The New Educator\",\"description\":\"\u00dcniversitelere S\u0131navs\u0131z &amp; Direkt Ba\u015fvuru Hakk\u0131n\u0131z Olsun\",\"publisher\":{\"@id\":\"https:\\\/\\\/theneweducator.com\\\/zh-hant\\\/#organization\"},\"alternateName\":\"OSSD Kanada Lise Diplomas\u0131\",\"potentialAction\":[{\"@type\":\"SearchAction\",\"target\":{\"@type\":\"EntryPoint\",\"urlTemplate\":\"https:\\\/\\\/theneweducator.com\\\/zh-hant\\\/?s={search_term_string}\"},\"query-input\":{\"@type\":\"PropertyValueSpecification\",\"valueRequired\":true,\"valueName\":\"search_term_string\"}}],\"inLanguage\":\"zh-TW\"},{\"@type\":\"Organization\",\"@id\":\"https:\\\/\\\/theneweducator.com\\\/zh-hant\\\/#organization\",\"name\":\"OSSD Ontario Secondary School Diploma - The New Educator\",\"url\":\"https:\\\/\\\/theneweducator.com\\\/zh-hant\\\/\",\"logo\":{\"@type\":\"ImageObject\",\"inLanguage\":\"zh-TW\",\"@id\":\"https:\\\/\\\/theneweducator.com\\\/zh-hant\\\/#\\\/schema\\\/logo\\\/image\\\/\",\"url\":\"https:\\\/\\\/theneweducator.com\\\/wp-content\\\/uploads\\\/2025\\\/01\\\/logo-new-1.png\",\"contentUrl\":\"https:\\\/\\\/theneweducator.com\\\/wp-content\\\/uploads\\\/2025\\\/01\\\/logo-new-1.png\",\"width\":1128,\"height\":318,\"caption\":\"OSSD Ontario Secondary School Diploma - The New Educator\"},\"image\":{\"@id\":\"https:\\\/\\\/theneweducator.com\\\/zh-hant\\\/#\\\/schema\\\/logo\\\/image\\\/\"}}]}<\/script>\n<!-- \/ Yoast SEO plugin. -->","yoast_head_json":{"title":"\u96b1\u79c1\u6b0a\u653f\u7b56 - OSSD - The New Educator","robots":{"index":"index","follow":"follow","max-snippet":"max-snippet:-1","max-image-preview":"max-image-preview:large","max-video-preview":"max-video-preview:-1"},"canonical":"https:\/\/theneweducator.com\/zh-hant\/%E9%9A%B1%E7%A7%81%E6%AC%8A%E6%94%BF%E7%AD%96\/","og_locale":"zh_TW","og_type":"article","og_title":"\u96b1\u79c1\u6b0a\u653f\u7b56 - OSSD - The New Educator","og_description":"THE NEW EDUCATOR \u7db2\u7ad9\u96b1 [&hellip;]","og_url":"https:\/\/theneweducator.com\/zh-hant\/%E9%9A%B1%E7%A7%81%E6%AC%8A%E6%94%BF%E7%AD%96\/","og_site_name":"OSSD - The New Educator","article_modified_time":"2025-12-24T13:37:27+00:00","twitter_card":"summary_large_image","schema":{"@context":"https:\/\/schema.org","@graph":[{"@type":"WebPage","@id":"https:\/\/theneweducator.com\/zh-hant\/%E9%9A%B1%E7%A7%81%E6%AC%8A%E6%94%BF%E7%AD%96\/","url":"https:\/\/theneweducator.com\/zh-hant\/%E9%9A%B1%E7%A7%81%E6%AC%8A%E6%94%BF%E7%AD%96\/","name":"\u96b1\u79c1\u6b0a\u653f\u7b56 - OSSD - The New Educator","isPartOf":{"@id":"https:\/\/theneweducator.com\/zh-hant\/#website"},"datePublished":"2025-01-16T07:43:26+00:00","dateModified":"2025-12-24T13:37:27+00:00","breadcrumb":{"@id":"https:\/\/theneweducator.com\/zh-hant\/%E9%9A%B1%E7%A7%81%E6%AC%8A%E6%94%BF%E7%AD%96\/#breadcrumb"},"inLanguage":"zh-TW","potentialAction":[{"@type":"ReadAction","target":["https:\/\/theneweducator.com\/zh-hant\/%E9%9A%B1%E7%A7%81%E6%AC%8A%E6%94%BF%E7%AD%96\/"]}]},{"@type":"BreadcrumbList","@id":"https:\/\/theneweducator.com\/zh-hant\/%E9%9A%B1%E7%A7%81%E6%AC%8A%E6%94%BF%E7%AD%96\/#breadcrumb","itemListElement":[{"@type":"ListItem","position":1,"name":"Anasayfa","item":"https:\/\/theneweducator.com\/zh-hant\/"},{"@type":"ListItem","position":2,"name":"\u96b1\u79c1\u6b0a\u653f\u7b56"}]},{"@type":"WebSite","@id":"https:\/\/theneweducator.com\/zh-hant\/#website","url":"https:\/\/theneweducator.com\/zh-hant\/","name":"Ontario Secondary School Diploma - The New Educator","description":"\u00dcniversitelere S\u0131navs\u0131z &amp; Direkt Ba\u015fvuru Hakk\u0131n\u0131z Olsun","publisher":{"@id":"https:\/\/theneweducator.com\/zh-hant\/#organization"},"alternateName":"OSSD Kanada Lise Diplomas\u0131","potentialAction":[{"@type":"SearchAction","target":{"@type":"EntryPoint","urlTemplate":"https:\/\/theneweducator.com\/zh-hant\/?s={search_term_string}"},"query-input":{"@type":"PropertyValueSpecification","valueRequired":true,"valueName":"search_term_string"}}],"inLanguage":"zh-TW"},{"@type":"Organization","@id":"https:\/\/theneweducator.com\/zh-hant\/#organization","name":"OSSD Ontario Secondary School Diploma - The New Educator","url":"https:\/\/theneweducator.com\/zh-hant\/","logo":{"@type":"ImageObject","inLanguage":"zh-TW","@id":"https:\/\/theneweducator.com\/zh-hant\/#\/schema\/logo\/image\/","url":"https:\/\/theneweducator.com\/wp-content\/uploads\/2025\/01\/logo-new-1.png","contentUrl":"https:\/\/theneweducator.com\/wp-content\/uploads\/2025\/01\/logo-new-1.png","width":1128,"height":318,"caption":"OSSD Ontario Secondary School Diploma - The New Educator"},"image":{"@id":"https:\/\/theneweducator.com\/zh-hant\/#\/schema\/logo\/image\/"}}]}},"_links":{"self":[{"href":"https:\/\/theneweducator.com\/zh-hant\/wp-json\/wp\/v2\/pages\/21382","targetHints":{"allow":["GET"]}}],"collection":[{"href":"https:\/\/theneweducator.com\/zh-hant\/wp-json\/wp\/v2\/pages"}],"about":[{"href":"https:\/\/theneweducator.com\/zh-hant\/wp-json\/wp\/v2\/types\/page"}],"author":[{"embeddable":true,"href":"https:\/\/theneweducator.com\/zh-hant\/wp-json\/wp\/v2\/users\/1"}],"replies":[{"embeddable":true,"href":"https:\/\/theneweducator.com\/zh-hant\/wp-json\/wp\/v2\/comments?post=21382"}],"version-history":[{"count":1,"href":"https:\/\/theneweducator.com\/zh-hant\/wp-json\/wp\/v2\/pages\/21382\/revisions"}],"predecessor-version":[{"id":21383,"href":"https:\/\/theneweducator.com\/zh-hant\/wp-json\/wp\/v2\/pages\/21382\/revisions\/21383"}],"wp:attachment":[{"href":"https:\/\/theneweducator.com\/zh-hant\/wp-json\/wp\/v2\/media?parent=21382"}],"curies":[{"name":"wp","href":"https:\/\/api.w.org\/{rel}","templated":true}]}}