{"id":21339,"date":"2025-09-25T13:36:22","date_gmt":"2025-09-25T10:36:22","guid":{"rendered":"https:\/\/theneweducator.com\/%e8%a8%98%e9%8c%84\/"},"modified":"2025-12-19T18:45:28","modified_gmt":"2025-12-19T15:45:28","slug":"%e8%a8%98%e9%8c%84","status":"publish","type":"page","link":"https:\/\/theneweducator.com\/zh-hant\/%E8%A8%98%E9%8C%84\/","title":{"rendered":"\u8a18\u9304"},"content":{"rendered":"\t\t<div data-elementor-type=\"wp-page\" data-elementor-id=\"21339\" class=\"elementor elementor-21339 elementor-20012\" data-elementor-post-type=\"page\">\n\t\t\t\t<div class=\"elementor-element elementor-element-f05eb52 e-flex e-con-boxed e-con e-parent\" data-id=\"f05eb52\" data-element_type=\"container\" data-e-type=\"container\">\n\t\t\t\t\t<div class=\"e-con-inner\">\n\t\t<div class=\"elementor-element elementor-element-a70d9da e-con-full e-flex e-con e-child\" data-id=\"a70d9da\" data-element_type=\"container\" data-e-type=\"container\">\n\t\t\t\t<div class=\"elementor-element elementor-element-0ec9ca8 animated-slow elementor-invisible elementor-widget elementor-widget-heading\" data-id=\"0ec9ca8\" data-element_type=\"widget\" data-e-type=\"widget\" data-settings=\"{&quot;_animation&quot;:&quot;fadeInUp&quot;}\" data-widget_type=\"heading.default\">\n\t\t\t\t<div class=\"elementor-widget-container\">\n\t\t\t\t\t<h2 class=\"elementor-heading-title elementor-size-default\">OSSD PROGRAMI \u0130\u00c7\u0130N BELGELER<\/h2>\t\t\t\t<\/div>\n\t\t\t\t<\/div>\n\t\t\t\t<div class=\"elementor-element elementor-element-e5b7b05 elementor-button-align-stretch elementor-widget elementor-widget-form\" data-id=\"e5b7b05\" data-element_type=\"widget\" data-e-type=\"widget\" data-settings=\"{&quot;step_next_label&quot;:&quot;\\u4ee5\\u524d\\u7684&quot;,&quot;step_previous_label&quot;:&quot;\\u4e0b\\u4e00\\u500b&quot;,&quot;button_width&quot;:&quot;100&quot;,&quot;step_type&quot;:&quot;number_text&quot;,&quot;step_icon_shape&quot;:&quot;circle&quot;}\" data-widget_type=\"form.default\">\n\t\t\t\t<div class=\"elementor-widget-container\">\n\t\t\t\t\t\t\t<form class=\"elementor-form\" method=\"post\" name=\"\u806f\u7d61\u8868\u683c\" aria-label=\"\u806f\u7d61\u8868\u683c\">\n\t\t\t<input type=\"hidden\" name=\"post_id\" value=\"21339\"\/>\n\t\t\t<input type=\"hidden\" name=\"form_id\" value=\"e5b7b05\"\/>\n\t\t\t<input type=\"hidden\" name=\"referer_title\" value=\"OSSD &#8211; The New Educator\" \/>\n\n\t\t\t\n\t\t\t<div class=\"elementor-form-fields-wrapper elementor-labels-above\">\n\t\t\t\t\t\t\t\t<div class=\"elementor-field-type-text elementor-field-group elementor-column elementor-field-group-studentname elementor-col-100 elementor-field-required elementor-mark-required\">\n\t\t\t\t\t\t\t\t\t\t\t\t<label for=\"form-field-studentname\" class=\"elementor-field-label\">\n\t\t\t\t\t\t\t\t\u5b78\u751f\u59d3\u540d\t\t\t\t\t\t\t<\/label>\n\t\t\t\t\t\t\t\t\t\t\t\t\t\t<input size=\"1\" type=\"text\" name=\"form_fields[studentname]\" id=\"form-field-studentname\" class=\"elementor-field elementor-size-sm  elementor-field-textual\" placeholder=\"\u5b78\u751f\u59d3\u540d*\" required=\"required\">\n\t\t\t\t\t\t\t\t\t\t\t<\/div>\n\t\t\t\t\t\t\t\t<div class=\"elementor-field-type-email elementor-field-group elementor-column elementor-field-group-ogrencimailadres elementor-col-100 elementor-field-required elementor-mark-required\">\n\t\t\t\t\t\t\t\t\t\t\t\t<label for=\"form-field-ogrencimailadres\" class=\"elementor-field-label\">\n\t\t\t\t\t\t\t\t\u5b78\u751f\u96fb\u5b50\u90f5\u4ef6\u5730\u5740\t\t\t\t\t\t\t<\/label>\n\t\t\t\t\t\t\t\t\t\t\t\t\t\t<input size=\"1\" type=\"email\" name=\"form_fields[ogrencimailadres]\" id=\"form-field-ogrencimailadres\" class=\"elementor-field elementor-size-sm  elementor-field-textual\" placeholder=\"\u5b78\u751f\u96fb\u5b50\u90f5\u4ef6\u5730\u5740*\" required=\"required\">\n\t\t\t\t\t\t\t\t\t\t\t<\/div>\n\t\t\t\t\t\t\t\t<div class=\"elementor-field-type-tel elementor-field-group elementor-column elementor-field-group-ogrencitelefonno elementor-col-100 elementor-field-required elementor-mark-required\">\n\t\t\t\t\t\t\t\t\t\t\t\t<label for=\"form-field-ogrencitelefonno\" class=\"elementor-field-label\">\n\t\t\t\t\t\t\t\t\u5b78\u751f\u96fb\u8a71\u865f\u78bc*\t\t\t\t\t\t\t<\/label>\n\t\t\t\t\t\t\t\t<input size=\"1\" type=\"tel\" name=\"form_fields[ogrencitelefonno]\" id=\"form-field-ogrencitelefonno\" class=\"elementor-field elementor-size-sm  elementor-field-textual\" placeholder=\"\u5b78\u751f\u96fb\u8a71\u865f\u78bc*\" required=\"required\" pattern=\"[0-9()#&amp;+*-=.]+\" title=\"Only numbers and phone characters (#, -, *, etc) are accepted.\">\n\n\t\t\t\t\t\t<\/div>\n\t\t\t\t\t\t\t\t<div class=\"elementor-field-type-text elementor-field-group elementor-column elementor-field-group-ebeveynadisoyadi elementor-col-100 elementor-field-required elementor-mark-required\">\n\t\t\t\t\t\t\t\t\t\t\t\t<label for=\"form-field-ebeveynadisoyadi\" class=\"elementor-field-label\">\n\t\t\t\t\t\t\t\t\u7236\u6bcd\u59d3\u540d\t\t\t\t\t\t\t<\/label>\n\t\t\t\t\t\t\t\t\t\t\t\t\t\t<input size=\"1\" type=\"text\" name=\"form_fields[ebeveynadisoyadi]\" id=\"form-field-ebeveynadisoyadi\" class=\"elementor-field elementor-size-sm  elementor-field-textual\" placeholder=\"\u7236\u6bcd\u59d3\u540d*\" required=\"required\">\n\t\t\t\t\t\t\t\t\t\t\t<\/div>\n\t\t\t\t\t\t\t\t<div class=\"elementor-field-type-email elementor-field-group elementor-column elementor-field-group-ebeveynmaili elementor-col-100 elementor-field-required elementor-mark-required\">\n\t\t\t\t\t\t\t\t\t\t\t\t<label for=\"form-field-ebeveynmaili\" class=\"elementor-field-label\">\n\t\t\t\t\t\t\t\t\u5bb6\u9577\u90f5\u4ef6\t\t\t\t\t\t\t<\/label>\n\t\t\t\t\t\t\t\t\t\t\t\t\t\t<input size=\"1\" type=\"email\" name=\"form_fields[ebeveynmaili]\" id=\"form-field-ebeveynmaili\" class=\"elementor-field elementor-size-sm  elementor-field-textual\" placeholder=\"\u5bb6\u9577\u4fe1\u7bb1*\" required=\"required\">\n\t\t\t\t\t\t\t\t\t\t\t<\/div>\n\t\t\t\t\t\t\t\t<div class=\"elementor-field-type-tel elementor-field-group elementor-column elementor-field-group-ebeveyntelefonno elementor-col-100 elementor-field-required elementor-mark-required\">\n\t\t\t\t\t\t\t\t\t\t\t\t<label for=\"form-field-ebeveyntelefonno\" class=\"elementor-field-label\">\n\t\t\t\t\t\t\t\t\u7236\u6bcd\u7684\u96fb\u8a71\u865f\u78bc\t\t\t\t\t\t\t<\/label>\n\t\t\t\t\t\t\t\t<input size=\"1\" type=\"tel\" name=\"form_fields[ebeveyntelefonno]\" id=\"form-field-ebeveyntelefonno\" class=\"elementor-field elementor-size-sm  elementor-field-textual\" placeholder=\"\u5bb6\u9577\u96fb\u8a71*\" required=\"required\" pattern=\"[0-9()#&amp;+*-=.]+\" title=\"Only numbers and phone characters (#, -, *, etc) are accepted.\">\n\n\t\t\t\t\t\t<\/div>\n\t\t\t\t\t\t\t\t<div class=\"elementor-field-type-upload elementor-field-group elementor-column elementor-field-group-ogrencilimlikveyapasaport elementor-col-100 elementor-field-required elementor-mark-required\">\n\t\t\t\t\t\t\t\t\t\t\t\t<label for=\"form-field-ogrencilimlikveyapasaport\" class=\"elementor-field-label\">\n\t\t\t\t\t\t\t\t\u5b78\u751f\u8b49\u6216\u8b77\u7167\u7167\u7247\t\t\t\t\t\t\t<\/label>\n\t\t\t\t\t\t\t\t<input type=\"file\" name=\"form_fields[ogrencilimlikveyapasaport]\" id=\"form-field-ogrencilimlikveyapasaport\" class=\"elementor-field elementor-size-sm  elementor-upload-field\" required=\"required\">\n\n\t\t\t\t\t\t<\/div>\n\t\t\t\t\t\t\t\t<div class=\"elementor-field-type-upload elementor-field-group elementor-column elementor-field-group-ogrencininingilizcetranskripti elementor-col-100 elementor-field-required elementor-mark-required\">\n\t\t\t\t\t\t\t\t\t\t\t\t<label for=\"form-field-ogrencininingilizcetranskripti\" class=\"elementor-field-label\">\n\t\t\t\t\t\t\t\t\u5b78\u751f\u82f1\u6587\u6210\u7e3e\u55ae\t\t\t\t\t\t\t<\/label>\n\t\t\t\t\t\t\t\t<input type=\"file\" name=\"form_fields[ogrencininingilizcetranskripti]\" id=\"form-field-ogrencininingilizcetranskripti\" class=\"elementor-field elementor-size-sm  elementor-upload-field\" required=\"required\">\n\n\t\t\t\t\t\t<\/div>\n\t\t\t\t\t\t\t\t<div class=\"elementor-field-type-upload elementor-field-group elementor-column elementor-field-group-okulkimligiicinselfiefotografi elementor-col-100 elementor-field-required elementor-mark-required\">\n\t\t\t\t\t\t\t\t\t\t\t\t<label for=\"form-field-okulkimligiicinselfiefotografi\" class=\"elementor-field-label\">\n\t\t\t\t\t\t\t\t\u5b78\u751f\u81ea\u62cd\u7167\u7528\u65bc\u5b78\u751f\u8b49\t\t\t\t\t\t\t<\/label>\n\t\t\t\t\t\t\t\t<input type=\"file\" name=\"form_fields[okulkimligiicinselfiefotografi]\" id=\"form-field-okulkimligiicinselfiefotografi\" class=\"elementor-field elementor-size-sm  elementor-upload-field\" required=\"required\">\n\n\t\t\t\t\t\t<\/div>\n\t\t\t\t\t\t\t\t<div class=\"elementor-field-type-recaptcha elementor-field-group elementor-column elementor-field-group-field_78811b2 elementor-col-100\">\n\t\t\t\t\t<div class=\"elementor-field\" id=\"form-field-field_78811b2\"><div class=\"elementor-g-recaptcha\" data-sitekey=\"6LcNizYrAAAAACwHiTc1kT3RKycVnNeJyRiGpj5I\" data-type=\"v2_checkbox\" data-theme=\"light\" data-size=\"normal\"><\/div><\/div>\t\t\t\t<\/div>\n\t\t\t\t\t\t\t\t<div class=\"elementor-field-type-acceptance elementor-field-group elementor-column elementor-field-group-field_e7d1df7 elementor-col-100 elementor-field-required elementor-mark-required\">\n\t\t\t\t\t\t\t\t\t\t\t\t<label for=\"form-field-field_e7d1df7\" class=\"elementor-field-label\">\n\t\t\t\t\t\t\t\t\u9a57\u6536\t\t\t\t\t\t\t<\/label>\n\t\t\t\t\t\t\t\t<div class=\"elementor-field-subgroup\">\n\t\t\t<span class=\"elementor-field-option\">\n\t\t\t\t<input type=\"checkbox\" name=\"form_fields[field_e7d1df7]\" id=\"form-field-field_e7d1df7\" class=\"elementor-field elementor-size-sm  elementor-acceptance-field\" required=\"required\">\n\t\t\t\t<label for=\"form-field-field_e7d1df7\">\u60a8\u5fc5\u9808\u95b1\u8b80\u4e26\u63a5\u53d7\u300a\u500b\u4eba\u8cc7\u6599\u4fdd\u8b77\u6cd5\u300b<a href=\"https:\/\/theneweducator.com\/aydinlatma-metni\/\" target=\"_blank\" rel=\"noopener\">\uff08KVKK\uff09\u96b1\u79c1\u6b0a\u653f\u7b56<\/a>\u3002<\/label>\t\t\t<\/span>\n\t\t<\/div>\n\t\t\t\t\t\t<\/div>\n\t\t\t\t\t\t\t\t<div class=\"elementor-field-group elementor-column elementor-field-type-submit elementor-col-100 e-form__buttons\">\n\t\t\t\t\t<button class=\"elementor-button elementor-size-sm\" type=\"submit\">\n\t\t\t\t\t\t<span class=\"elementor-button-content-wrapper\">\n\t\t\t\t\t\t\t\t\t\t\t\t\t\t\t\t\t\t\t\t\t\t<span class=\"elementor-button-text\">\u50b3\u9001<\/span>\n\t\t\t\t\t\t\t\t\t\t\t\t\t<\/span>\n\t\t\t\t\t<\/button>\n\t\t\t\t<\/div>\n\t\t\t<\/div>\n\t\t<\/form>\n\t\t\t\t\t\t<\/div>\n\t\t\t\t<\/div>\n\t\t\t\t<\/div>\n\t\t<div class=\"elementor-element elementor-element-1f847c9 e-con-full e-flex e-con e-child\" data-id=\"1f847c9\" data-element_type=\"container\" data-e-type=\"container\">\n\t\t\t\t<div class=\"elementor-element elementor-element-ceac311 elementor-widget elementor-widget-heading\" data-id=\"ceac311\" data-element_type=\"widget\" data-e-type=\"widget\" data-widget_type=\"heading.default\">\n\t\t\t\t<div class=\"elementor-widget-container\">\n\t\t\t\t\t<h2 class=\"elementor-heading-title elementor-size-default\">\u8aaa\u660e\uff1a<\/h2>\t\t\t\t<\/div>\n\t\t\t\t<\/div>\n\t\t\t\t<div class=\"elementor-element elementor-element-4ab233a elementor-widget elementor-widget-text-editor\" data-id=\"4ab233a\" data-element_type=\"widget\" data-e-type=\"widget\" data-widget_type=\"text-editor.default\">\n\t\t\t\t<div class=\"elementor-widget-container\">\n\t\t\t\t\t\t\t\t\t<ul>\n<li>\u8acb\u586b\u5beb\u5b78\u751f\u548c\u5bb6\u9577\u8cc7\u6599\u3002<\/li>\n<li>\u9019\u4f4d\u5b78\u751f&nbsp; \u8acb\u4e0a\u50b3\u60a8\u7684\u8b77\u7167\u6216\u8eab\u5206\u8b49\u7167\u7247\u3002<\/li>\n<li>\u8acb\u5411\u5b78\u6821\u7533\u8acb\u4e26\u4e0a\u50b3\u60a8\u7684\u82f1\u6587\u6210\u7e3e\u55ae\u3002&nbsp;<\/li>\n<li>OSSD kimli\u011finiz i\u00e7in vesikal\u0131k formatta \u00e7ekti\u011finiz selfie foto\u011fraf\u0131 y\u00fckleyiniz.&nbsp;<\/li>\n<\/ul>\t\t\t\t\t\t\t\t<\/div>\n\t\t\t\t<\/div>\n\t\t\t\t<div class=\"elementor-element elementor-element-164383c elementor-widget elementor-widget-image\" data-id=\"164383c\" data-element_type=\"widget\" data-e-type=\"widget\" data-widget_type=\"image.default\">\n\t\t\t\t<div class=\"elementor-widget-container\">\n\t\t\t\t\t\t\t\t\t\t\t\t\t\t\t<img fetchpriority=\"high\" decoding=\"async\" width=\"750\" height=\"1000\" src=\"https:\/\/theneweducator.com\/wp-content\/uploads\/2025\/03\/2148505265-1.jpg\" class=\"attachment-full size-full wp-image-21321\" alt=\"\u7dda\u4e0aOSSD\u8ab2\u7a0b\u7684\u5b78\u8853\u81ea\u7531\uff1a\u4e0d\u53d7\u6642\u9593\u548c\u7a7a\u9593\u9650\u5236\u7684\u6559\u80b2\" srcset=\"https:\/\/theneweducator.com\/wp-content\/uploads\/2025\/03\/2148505265-1.jpg 750w, https:\/\/theneweducator.com\/wp-content\/uploads\/2025\/03\/2148505265-1-600x800.jpg 600w, https:\/\/theneweducator.com\/wp-content\/uploads\/2025\/03\/2148505265-1-225x300.jpg 225w\" sizes=\"(max-width: 750px) 100vw, 750px\" \/>\t\t\t\t\t\t\t\t\t\t\t\t\t\t\t<\/div>\n\t\t\t\t<\/div>\n\t\t\t\t<\/div>\n\t\t\t\t\t<\/div>\n\t\t\t\t<\/div>\n\t\t\t\t<\/div>\n\t\t","protected":false},"excerpt":{"rendered":"<p>OSSD PROGRAMI \u0130\u00c7\u0130N B [&hellip;]<\/p>\n","protected":false},"author":1,"featured_media":21295,"parent":0,"menu_order":0,"comment_status":"closed","ping_status":"closed","template":"template-homepage.php","meta":{"_acf_changed":false,"inline_featured_image":false,"footnotes":""},"class_list":["post-21339","page","type-page","status-publish","has-post-thumbnail","hentry"],"acf":[],"yoast_head":"<!-- This site is optimized with the Yoast SEO plugin v27.5 - https:\/\/yoast.com\/product\/yoast-seo-wordpress\/ -->\n<title>OSSD \u5b9a\u50f9\u8cc7\u8a0a | \u53d6\u5f97\u514d\u8cbb\u8aee\u8a62 | \u6587\u6191\u8a55\u4f30<\/title>\n<meta name=\"description\" content=\"\u806f\u7d61\u6211\u5011\uff0c\u4e86\u89e3\u5b89\u5927\u7565\u7701\u4e2d\u5b78\u6587\u6191 (OSSD) \u7684\u50f9\u683c\u3001\u52a0\u62ff\u5927\u96d9\u5b78\u4f4d\u4ee5\u53ca\u5b89\u5927\u7565\u570b\u969b\u9ad8\u4e2d\u7684\u8a55\u50f9\u3002\" \/>\n<meta name=\"robots\" content=\"index, follow, max-snippet:-1, max-image-preview:large, max-video-preview:-1\" \/>\n<link rel=\"canonical\" href=\"https:\/\/theneweducator.com\/zh-hant\/%E8%A8%98%E9%8C%84\/\" \/>\n<meta property=\"og:locale\" content=\"zh_TW\" \/>\n<meta property=\"og:type\" content=\"article\" \/>\n<meta property=\"og:title\" content=\"OSSD \u5b9a\u50f9\u8cc7\u8a0a | \u53d6\u5f97\u514d\u8cbb\u8aee\u8a62 | \u6587\u6191\u8a55\u4f30\" \/>\n<meta property=\"og:description\" content=\"\u806f\u7d61\u6211\u5011\uff0c\u4e86\u89e3\u5b89\u5927\u7565\u7701\u4e2d\u5b78\u6587\u6191 (OSSD) \u7684\u50f9\u683c\u3001\u52a0\u62ff\u5927\u96d9\u5b78\u4f4d\u4ee5\u53ca\u5b89\u5927\u7565\u570b\u969b\u9ad8\u4e2d\u7684\u8a55\u50f9\u3002\" \/>\n<meta property=\"og:url\" content=\"https:\/\/theneweducator.com\/zh-hant\/%E8%A8%98%E9%8C%84\/\" \/>\n<meta property=\"og:site_name\" content=\"OSSD - The New Educator\" \/>\n<meta property=\"article:modified_time\" content=\"2025-12-19T15:45:28+00:00\" \/>\n<meta property=\"og:image\" content=\"https:\/\/theneweducator.com\/wp-content\/uploads\/2024\/10\/event-detail-min.jpg\" \/>\n\t<meta property=\"og:image:width\" content=\"1410\" \/>\n\t<meta property=\"og:image:height\" content=\"600\" \/>\n\t<meta property=\"og:image:type\" content=\"image\/jpeg\" \/>\n<meta name=\"twitter:card\" content=\"summary_large_image\" \/>\n<script type=\"application\/ld+json\" class=\"yoast-schema-graph\">{\"@context\":\"https:\\\/\\\/schema.org\",\"@graph\":[{\"@type\":\"WebPage\",\"@id\":\"https:\\\/\\\/theneweducator.com\\\/zh-hant\\\/%E8%A8%98%E9%8C%84\\\/\",\"url\":\"https:\\\/\\\/theneweducator.com\\\/zh-hant\\\/%E8%A8%98%E9%8C%84\\\/\",\"name\":\"OSSD \u5b9a\u50f9\u8cc7\u8a0a | \u53d6\u5f97\u514d\u8cbb\u8aee\u8a62 | \u6587\u6191\u8a55\u4f30\",\"isPartOf\":{\"@id\":\"https:\\\/\\\/theneweducator.com\\\/zh-hant\\\/#website\"},\"primaryImageOfPage\":{\"@id\":\"https:\\\/\\\/theneweducator.com\\\/zh-hant\\\/%E8%A8%98%E9%8C%84\\\/#primaryimage\"},\"image\":{\"@id\":\"https:\\\/\\\/theneweducator.com\\\/zh-hant\\\/%E8%A8%98%E9%8C%84\\\/#primaryimage\"},\"thumbnailUrl\":\"https:\\\/\\\/theneweducator.com\\\/wp-content\\\/uploads\\\/2024\\\/10\\\/event-detail-min.jpg\",\"datePublished\":\"2025-09-25T10:36:22+00:00\",\"dateModified\":\"2025-12-19T15:45:28+00:00\",\"description\":\"\u806f\u7d61\u6211\u5011\uff0c\u4e86\u89e3\u5b89\u5927\u7565\u7701\u4e2d\u5b78\u6587\u6191 (OSSD) \u7684\u50f9\u683c\u3001\u52a0\u62ff\u5927\u96d9\u5b78\u4f4d\u4ee5\u53ca\u5b89\u5927\u7565\u570b\u969b\u9ad8\u4e2d\u7684\u8a55\u50f9\u3002\",\"breadcrumb\":{\"@id\":\"https:\\\/\\\/theneweducator.com\\\/zh-hant\\\/%E8%A8%98%E9%8C%84\\\/#breadcrumb\"},\"inLanguage\":\"zh-TW\",\"potentialAction\":[{\"@type\":\"ReadAction\",\"target\":[\"https:\\\/\\\/theneweducator.com\\\/zh-hant\\\/%E8%A8%98%E9%8C%84\\\/\"]}]},{\"@type\":\"ImageObject\",\"inLanguage\":\"zh-TW\",\"@id\":\"https:\\\/\\\/theneweducator.com\\\/zh-hant\\\/%E8%A8%98%E9%8C%84\\\/#primaryimage\",\"url\":\"https:\\\/\\\/theneweducator.com\\\/wp-content\\\/uploads\\\/2024\\\/10\\\/event-detail-min.jpg\",\"contentUrl\":\"https:\\\/\\\/theneweducator.com\\\/wp-content\\\/uploads\\\/2024\\\/10\\\/event-detail-min.jpg\",\"width\":1410,\"height\":600,\"caption\":\"ossd\u50f9\u683c\"},{\"@type\":\"BreadcrumbList\",\"@id\":\"https:\\\/\\\/theneweducator.com\\\/zh-hant\\\/%E8%A8%98%E9%8C%84\\\/#breadcrumb\",\"itemListElement\":[{\"@type\":\"ListItem\",\"position\":1,\"name\":\"Anasayfa\",\"item\":\"https:\\\/\\\/theneweducator.com\\\/zh-hant\\\/\"},{\"@type\":\"ListItem\",\"position\":2,\"name\":\"\u8a18\u9304\"}]},{\"@type\":\"WebSite\",\"@id\":\"https:\\\/\\\/theneweducator.com\\\/zh-hant\\\/#website\",\"url\":\"https:\\\/\\\/theneweducator.com\\\/zh-hant\\\/\",\"name\":\"Ontario Secondary School Diploma - The New Educator\",\"description\":\"\u00dcniversitelere S\u0131navs\u0131z &amp; Direkt Ba\u015fvuru Hakk\u0131n\u0131z Olsun\",\"publisher\":{\"@id\":\"https:\\\/\\\/theneweducator.com\\\/zh-hant\\\/#organization\"},\"alternateName\":\"OSSD Kanada Lise Diplomas\u0131\",\"potentialAction\":[{\"@type\":\"SearchAction\",\"target\":{\"@type\":\"EntryPoint\",\"urlTemplate\":\"https:\\\/\\\/theneweducator.com\\\/zh-hant\\\/?s={search_term_string}\"},\"query-input\":{\"@type\":\"PropertyValueSpecification\",\"valueRequired\":true,\"valueName\":\"search_term_string\"}}],\"inLanguage\":\"zh-TW\"},{\"@type\":\"Organization\",\"@id\":\"https:\\\/\\\/theneweducator.com\\\/zh-hant\\\/#organization\",\"name\":\"OSSD Ontario Secondary School Diploma - The New Educator\",\"url\":\"https:\\\/\\\/theneweducator.com\\\/zh-hant\\\/\",\"logo\":{\"@type\":\"ImageObject\",\"inLanguage\":\"zh-TW\",\"@id\":\"https:\\\/\\\/theneweducator.com\\\/zh-hant\\\/#\\\/schema\\\/logo\\\/image\\\/\",\"url\":\"https:\\\/\\\/theneweducator.com\\\/wp-content\\\/uploads\\\/2025\\\/01\\\/logo-new-1.png\",\"contentUrl\":\"https:\\\/\\\/theneweducator.com\\\/wp-content\\\/uploads\\\/2025\\\/01\\\/logo-new-1.png\",\"width\":1128,\"height\":318,\"caption\":\"OSSD Ontario Secondary School Diploma - The New Educator\"},\"image\":{\"@id\":\"https:\\\/\\\/theneweducator.com\\\/zh-hant\\\/#\\\/schema\\\/logo\\\/image\\\/\"}}]}<\/script>\n<!-- \/ Yoast SEO plugin. -->","yoast_head_json":{"title":"OSSD \u5b9a\u50f9\u8cc7\u8a0a | \u53d6\u5f97\u514d\u8cbb\u8aee\u8a62 | \u6587\u6191\u8a55\u4f30","description":"\u806f\u7d61\u6211\u5011\uff0c\u4e86\u89e3\u5b89\u5927\u7565\u7701\u4e2d\u5b78\u6587\u6191 (OSSD) \u7684\u50f9\u683c\u3001\u52a0\u62ff\u5927\u96d9\u5b78\u4f4d\u4ee5\u53ca\u5b89\u5927\u7565\u570b\u969b\u9ad8\u4e2d\u7684\u8a55\u50f9\u3002","robots":{"index":"index","follow":"follow","max-snippet":"max-snippet:-1","max-image-preview":"max-image-preview:large","max-video-preview":"max-video-preview:-1"},"canonical":"https:\/\/theneweducator.com\/zh-hant\/%E8%A8%98%E9%8C%84\/","og_locale":"zh_TW","og_type":"article","og_title":"OSSD \u5b9a\u50f9\u8cc7\u8a0a | \u53d6\u5f97\u514d\u8cbb\u8aee\u8a62 | \u6587\u6191\u8a55\u4f30","og_description":"\u806f\u7d61\u6211\u5011\uff0c\u4e86\u89e3\u5b89\u5927\u7565\u7701\u4e2d\u5b78\u6587\u6191 (OSSD) \u7684\u50f9\u683c\u3001\u52a0\u62ff\u5927\u96d9\u5b78\u4f4d\u4ee5\u53ca\u5b89\u5927\u7565\u570b\u969b\u9ad8\u4e2d\u7684\u8a55\u50f9\u3002","og_url":"https:\/\/theneweducator.com\/zh-hant\/%E8%A8%98%E9%8C%84\/","og_site_name":"OSSD - The New Educator","article_modified_time":"2025-12-19T15:45:28+00:00","og_image":[{"width":1410,"height":600,"url":"https:\/\/theneweducator.com\/wp-content\/uploads\/2024\/10\/event-detail-min.jpg","type":"image\/jpeg"}],"twitter_card":"summary_large_image","schema":{"@context":"https:\/\/schema.org","@graph":[{"@type":"WebPage","@id":"https:\/\/theneweducator.com\/zh-hant\/%E8%A8%98%E9%8C%84\/","url":"https:\/\/theneweducator.com\/zh-hant\/%E8%A8%98%E9%8C%84\/","name":"OSSD \u5b9a\u50f9\u8cc7\u8a0a | \u53d6\u5f97\u514d\u8cbb\u8aee\u8a62 | \u6587\u6191\u8a55\u4f30","isPartOf":{"@id":"https:\/\/theneweducator.com\/zh-hant\/#website"},"primaryImageOfPage":{"@id":"https:\/\/theneweducator.com\/zh-hant\/%E8%A8%98%E9%8C%84\/#primaryimage"},"image":{"@id":"https:\/\/theneweducator.com\/zh-hant\/%E8%A8%98%E9%8C%84\/#primaryimage"},"thumbnailUrl":"https:\/\/theneweducator.com\/wp-content\/uploads\/2024\/10\/event-detail-min.jpg","datePublished":"2025-09-25T10:36:22+00:00","dateModified":"2025-12-19T15:45:28+00:00","description":"\u806f\u7d61\u6211\u5011\uff0c\u4e86\u89e3\u5b89\u5927\u7565\u7701\u4e2d\u5b78\u6587\u6191 (OSSD) \u7684\u50f9\u683c\u3001\u52a0\u62ff\u5927\u96d9\u5b78\u4f4d\u4ee5\u53ca\u5b89\u5927\u7565\u570b\u969b\u9ad8\u4e2d\u7684\u8a55\u50f9\u3002","breadcrumb":{"@id":"https:\/\/theneweducator.com\/zh-hant\/%E8%A8%98%E9%8C%84\/#breadcrumb"},"inLanguage":"zh-TW","potentialAction":[{"@type":"ReadAction","target":["https:\/\/theneweducator.com\/zh-hant\/%E8%A8%98%E9%8C%84\/"]}]},{"@type":"ImageObject","inLanguage":"zh-TW","@id":"https:\/\/theneweducator.com\/zh-hant\/%E8%A8%98%E9%8C%84\/#primaryimage","url":"https:\/\/theneweducator.com\/wp-content\/uploads\/2024\/10\/event-detail-min.jpg","contentUrl":"https:\/\/theneweducator.com\/wp-content\/uploads\/2024\/10\/event-detail-min.jpg","width":1410,"height":600,"caption":"ossd\u50f9\u683c"},{"@type":"BreadcrumbList","@id":"https:\/\/theneweducator.com\/zh-hant\/%E8%A8%98%E9%8C%84\/#breadcrumb","itemListElement":[{"@type":"ListItem","position":1,"name":"Anasayfa","item":"https:\/\/theneweducator.com\/zh-hant\/"},{"@type":"ListItem","position":2,"name":"\u8a18\u9304"}]},{"@type":"WebSite","@id":"https:\/\/theneweducator.com\/zh-hant\/#website","url":"https:\/\/theneweducator.com\/zh-hant\/","name":"Ontario Secondary School Diploma - The New Educator","description":"\u00dcniversitelere S\u0131navs\u0131z &amp; Direkt Ba\u015fvuru Hakk\u0131n\u0131z Olsun","publisher":{"@id":"https:\/\/theneweducator.com\/zh-hant\/#organization"},"alternateName":"OSSD Kanada Lise Diplomas\u0131","potentialAction":[{"@type":"SearchAction","target":{"@type":"EntryPoint","urlTemplate":"https:\/\/theneweducator.com\/zh-hant\/?s={search_term_string}"},"query-input":{"@type":"PropertyValueSpecification","valueRequired":true,"valueName":"search_term_string"}}],"inLanguage":"zh-TW"},{"@type":"Organization","@id":"https:\/\/theneweducator.com\/zh-hant\/#organization","name":"OSSD Ontario Secondary School Diploma - The New Educator","url":"https:\/\/theneweducator.com\/zh-hant\/","logo":{"@type":"ImageObject","inLanguage":"zh-TW","@id":"https:\/\/theneweducator.com\/zh-hant\/#\/schema\/logo\/image\/","url":"https:\/\/theneweducator.com\/wp-content\/uploads\/2025\/01\/logo-new-1.png","contentUrl":"https:\/\/theneweducator.com\/wp-content\/uploads\/2025\/01\/logo-new-1.png","width":1128,"height":318,"caption":"OSSD Ontario Secondary School Diploma - The New Educator"},"image":{"@id":"https:\/\/theneweducator.com\/zh-hant\/#\/schema\/logo\/image\/"}}]}},"_links":{"self":[{"href":"https:\/\/theneweducator.com\/zh-hant\/wp-json\/wp\/v2\/pages\/21339","targetHints":{"allow":["GET"]}}],"collection":[{"href":"https:\/\/theneweducator.com\/zh-hant\/wp-json\/wp\/v2\/pages"}],"about":[{"href":"https:\/\/theneweducator.com\/zh-hant\/wp-json\/wp\/v2\/types\/page"}],"author":[{"embeddable":true,"href":"https:\/\/theneweducator.com\/zh-hant\/wp-json\/wp\/v2\/users\/1"}],"replies":[{"embeddable":true,"href":"https:\/\/theneweducator.com\/zh-hant\/wp-json\/wp\/v2\/comments?post=21339"}],"version-history":[{"count":1,"href":"https:\/\/theneweducator.com\/zh-hant\/wp-json\/wp\/v2\/pages\/21339\/revisions"}],"predecessor-version":[{"id":21340,"href":"https:\/\/theneweducator.com\/zh-hant\/wp-json\/wp\/v2\/pages\/21339\/revisions\/21340"}],"wp:featuredmedia":[{"embeddable":true,"href":"https:\/\/theneweducator.com\/zh-hant\/wp-json\/wp\/v2\/media\/21295"}],"wp:attachment":[{"href":"https:\/\/theneweducator.com\/zh-hant\/wp-json\/wp\/v2\/media?parent=21339"}],"curies":[{"name":"wp","href":"https:\/\/api.w.org\/{rel}","templated":true}]}}