{"id":18419,"date":"2025-01-18T11:26:16","date_gmt":"2025-01-18T08:26:16","guid":{"rendered":"https:\/\/theneweducator.com\/%d0%b2%d1%81%d0%b5-%d0%ba%d1%83%d1%80%d1%81%d1%8b\/"},"modified":"2025-01-18T11:26:16","modified_gmt":"2025-01-18T08:26:16","slug":"%d0%b2%d1%81%d0%b5-%d0%ba%d1%83%d1%80%d1%81%d1%8b","status":"publish","type":"page","link":"https:\/\/theneweducator.com\/ru\/%D0%B2%D1%81%D0%B5-%D0%BA%D1%83%D1%80%D1%81%D1%8B\/","title":{"rendered":"\u0412\u0441\u0435 \u043a\u0443\u0440\u0441\u044b"},"content":{"rendered":"","protected":false},"excerpt":{"rendered":"","protected":false},"author":1,"featured_media":0,"parent":0,"menu_order":0,"comment_status":"closed","ping_status":"closed","template":"","meta":{"_acf_changed":false,"inline_featured_image":false,"footnotes":""},"class_list":["post-18419","page","type-page","status-publish","hentry"],"acf":[],"yoast_head":"<!-- This site is optimized with the Yoast SEO plugin v27.5 - https:\/\/yoast.com\/product\/yoast-seo-wordpress\/ -->\n<title>\u0412\u0441\u0435 \u043a\u0443\u0440\u0441\u044b - OSSD - The New Educator<\/title>\n<meta name=\"robots\" content=\"noindex, follow\" \/>\n<meta property=\"og:locale\" content=\"ru_RU\" \/>\n<meta property=\"og:type\" content=\"article\" \/>\n<meta property=\"og:title\" content=\"\u0412\u0441\u0435 \u043a\u0443\u0440\u0441\u044b - OSSD - The New Educator\" \/>\n<meta property=\"og:url\" content=\"https:\/\/theneweducator.com\/ru\/%D0%B2%D1%81%D0%B5-%D0%BA%D1%83%D1%80%D1%81%D1%8B\/\" \/>\n<meta property=\"og:site_name\" content=\"OSSD - The New Educator\" \/>\n<meta name=\"twitter:card\" content=\"summary_large_image\" \/>\n<script type=\"application\/ld+json\" class=\"yoast-schema-graph\">{\"@context\":\"https:\\\/\\\/schema.org\",\"@graph\":[{\"@type\":\"WebPage\",\"@id\":\"https:\\\/\\\/theneweducator.com\\\/ru\\\/%D0%B2%D1%81%D0%B5-%D0%BA%D1%83%D1%80%D1%81%D1%8B\\\/\",\"url\":\"https:\\\/\\\/theneweducator.com\\\/ru\\\/%D0%B2%D1%81%D0%B5-%D0%BA%D1%83%D1%80%D1%81%D1%8B\\\/\",\"name\":\"\u0412\u0441\u0435 \u043a\u0443\u0440\u0441\u044b - OSSD - The New Educator\",\"isPartOf\":{\"@id\":\"https:\\\/\\\/theneweducator.com\\\/ru\\\/#website\"},\"datePublished\":\"2025-01-18T08:26:16+00:00\",\"breadcrumb\":{\"@id\":\"https:\\\/\\\/theneweducator.com\\\/ru\\\/%D0%B2%D1%81%D0%B5-%D0%BA%D1%83%D1%80%D1%81%D1%8B\\\/#breadcrumb\"},\"inLanguage\":\"ru-RU\",\"potentialAction\":[{\"@type\":\"ReadAction\",\"target\":[\"https:\\\/\\\/theneweducator.com\\\/ru\\\/%D0%B2%D1%81%D0%B5-%D0%BA%D1%83%D1%80%D1%81%D1%8B\\\/\"]}]},{\"@type\":\"BreadcrumbList\",\"@id\":\"https:\\\/\\\/theneweducator.com\\\/ru\\\/%D0%B2%D1%81%D0%B5-%D0%BA%D1%83%D1%80%D1%81%D1%8B\\\/#breadcrumb\",\"itemListElement\":[{\"@type\":\"ListItem\",\"position\":1,\"name\":\"Anasayfa\",\"item\":\"https:\\\/\\\/theneweducator.com\\\/ru\\\/\"},{\"@type\":\"ListItem\",\"position\":2,\"name\":\"\u0412\u0441\u0435 \u043a\u0443\u0440\u0441\u044b\"}]},{\"@type\":\"WebSite\",\"@id\":\"https:\\\/\\\/theneweducator.com\\\/ru\\\/#website\",\"url\":\"https:\\\/\\\/theneweducator.com\\\/ru\\\/\",\"name\":\"Ontario Secondary School Diploma - The New Educator\",\"description\":\"\u00dcniversitelere S\u0131navs\u0131z &amp; Direkt Ba\u015fvuru Hakk\u0131n\u0131z Olsun\",\"publisher\":{\"@id\":\"https:\\\/\\\/theneweducator.com\\\/ru\\\/#organization\"},\"alternateName\":\"OSSD Kanada Lise Diplomas\u0131\",\"potentialAction\":[{\"@type\":\"SearchAction\",\"target\":{\"@type\":\"EntryPoint\",\"urlTemplate\":\"https:\\\/\\\/theneweducator.com\\\/ru\\\/?s={search_term_string}\"},\"query-input\":{\"@type\":\"PropertyValueSpecification\",\"valueRequired\":true,\"valueName\":\"search_term_string\"}}],\"inLanguage\":\"ru-RU\"},{\"@type\":\"Organization\",\"@id\":\"https:\\\/\\\/theneweducator.com\\\/ru\\\/#organization\",\"name\":\"OSSD Ontario Secondary School Diploma - The New Educator\",\"url\":\"https:\\\/\\\/theneweducator.com\\\/ru\\\/\",\"logo\":{\"@type\":\"ImageObject\",\"inLanguage\":\"ru-RU\",\"@id\":\"https:\\\/\\\/theneweducator.com\\\/ru\\\/#\\\/schema\\\/logo\\\/image\\\/\",\"url\":\"https:\\\/\\\/theneweducator.com\\\/wp-content\\\/uploads\\\/2025\\\/01\\\/logo-new-1.png\",\"contentUrl\":\"https:\\\/\\\/theneweducator.com\\\/wp-content\\\/uploads\\\/2025\\\/01\\\/logo-new-1.png\",\"width\":1128,\"height\":318,\"caption\":\"OSSD Ontario Secondary School Diploma - The New Educator\"},\"image\":{\"@id\":\"https:\\\/\\\/theneweducator.com\\\/ru\\\/#\\\/schema\\\/logo\\\/image\\\/\"}}]}<\/script>\n<!-- \/ Yoast SEO plugin. -->","yoast_head_json":{"title":"\u0412\u0441\u0435 \u043a\u0443\u0440\u0441\u044b - OSSD - The New Educator","robots":{"index":"noindex","follow":"follow"},"og_locale":"ru_RU","og_type":"article","og_title":"\u0412\u0441\u0435 \u043a\u0443\u0440\u0441\u044b - OSSD - The New Educator","og_url":"https:\/\/theneweducator.com\/ru\/%D0%B2%D1%81%D0%B5-%D0%BA%D1%83%D1%80%D1%81%D1%8B\/","og_site_name":"OSSD - The New Educator","twitter_card":"summary_large_image","schema":{"@context":"https:\/\/schema.org","@graph":[{"@type":"WebPage","@id":"https:\/\/theneweducator.com\/ru\/%D0%B2%D1%81%D0%B5-%D0%BA%D1%83%D1%80%D1%81%D1%8B\/","url":"https:\/\/theneweducator.com\/ru\/%D0%B2%D1%81%D0%B5-%D0%BA%D1%83%D1%80%D1%81%D1%8B\/","name":"\u0412\u0441\u0435 \u043a\u0443\u0440\u0441\u044b - OSSD - The New Educator","isPartOf":{"@id":"https:\/\/theneweducator.com\/ru\/#website"},"datePublished":"2025-01-18T08:26:16+00:00","breadcrumb":{"@id":"https:\/\/theneweducator.com\/ru\/%D0%B2%D1%81%D0%B5-%D0%BA%D1%83%D1%80%D1%81%D1%8B\/#breadcrumb"},"inLanguage":"ru-RU","potentialAction":[{"@type":"ReadAction","target":["https:\/\/theneweducator.com\/ru\/%D0%B2%D1%81%D0%B5-%D0%BA%D1%83%D1%80%D1%81%D1%8B\/"]}]},{"@type":"BreadcrumbList","@id":"https:\/\/theneweducator.com\/ru\/%D0%B2%D1%81%D0%B5-%D0%BA%D1%83%D1%80%D1%81%D1%8B\/#breadcrumb","itemListElement":[{"@type":"ListItem","position":1,"name":"Anasayfa","item":"https:\/\/theneweducator.com\/ru\/"},{"@type":"ListItem","position":2,"name":"\u0412\u0441\u0435 \u043a\u0443\u0440\u0441\u044b"}]},{"@type":"WebSite","@id":"https:\/\/theneweducator.com\/ru\/#website","url":"https:\/\/theneweducator.com\/ru\/","name":"Ontario Secondary School Diploma - The New Educator","description":"\u00dcniversitelere S\u0131navs\u0131z &amp; Direkt Ba\u015fvuru Hakk\u0131n\u0131z Olsun","publisher":{"@id":"https:\/\/theneweducator.com\/ru\/#organization"},"alternateName":"OSSD Kanada Lise Diplomas\u0131","potentialAction":[{"@type":"SearchAction","target":{"@type":"EntryPoint","urlTemplate":"https:\/\/theneweducator.com\/ru\/?s={search_term_string}"},"query-input":{"@type":"PropertyValueSpecification","valueRequired":true,"valueName":"search_term_string"}}],"inLanguage":"ru-RU"},{"@type":"Organization","@id":"https:\/\/theneweducator.com\/ru\/#organization","name":"OSSD Ontario Secondary School Diploma - The New Educator","url":"https:\/\/theneweducator.com\/ru\/","logo":{"@type":"ImageObject","inLanguage":"ru-RU","@id":"https:\/\/theneweducator.com\/ru\/#\/schema\/logo\/image\/","url":"https:\/\/theneweducator.com\/wp-content\/uploads\/2025\/01\/logo-new-1.png","contentUrl":"https:\/\/theneweducator.com\/wp-content\/uploads\/2025\/01\/logo-new-1.png","width":1128,"height":318,"caption":"OSSD Ontario Secondary School Diploma - The New Educator"},"image":{"@id":"https:\/\/theneweducator.com\/ru\/#\/schema\/logo\/image\/"}}]}},"_links":{"self":[{"href":"https:\/\/theneweducator.com\/ru\/wp-json\/wp\/v2\/pages\/18419","targetHints":{"allow":["GET"]}}],"collection":[{"href":"https:\/\/theneweducator.com\/ru\/wp-json\/wp\/v2\/pages"}],"about":[{"href":"https:\/\/theneweducator.com\/ru\/wp-json\/wp\/v2\/types\/page"}],"author":[{"embeddable":true,"href":"https:\/\/theneweducator.com\/ru\/wp-json\/wp\/v2\/users\/1"}],"replies":[{"embeddable":true,"href":"https:\/\/theneweducator.com\/ru\/wp-json\/wp\/v2\/comments?post=18419"}],"version-history":[{"count":0,"href":"https:\/\/theneweducator.com\/ru\/wp-json\/wp\/v2\/pages\/18419\/revisions"}],"wp:attachment":[{"href":"https:\/\/theneweducator.com\/ru\/wp-json\/wp\/v2\/media?parent=18419"}],"curies":[{"name":"wp","href":"https:\/\/api.w.org\/{rel}","templated":true}]}}