{"id":20940,"date":"2025-01-16T10:43:26","date_gmt":"2025-01-16T07:43:26","guid":{"rendered":"https:\/\/theneweducator.com\/politique-de-confidentialite\/"},"modified":"2025-12-11T16:03:40","modified_gmt":"2025-12-11T13:03:40","slug":"politique-de-confidentialite","status":"publish","type":"page","link":"https:\/\/theneweducator.com\/fr\/politique-de-confidentialite\/","title":{"rendered":"Politique de confidentialit\u00e9"},"content":{"rendered":"\n<h2 class=\"wp-block-heading\"><strong>Politique de confidentialit\u00e9 du site THE NEW EDUCATOR<\/strong><\/h2>\n\n<p>L&rsquo;objectif de cette politique de confidentialit\u00e9 est de d\u00e9terminer les termes et conditions concernant l&rsquo;utilisation des donn\u00e9es personnelles partag\u00e9es avec la Soci\u00e9t\u00e9 par les utilisateurs\/membres\/visiteurs du Site (\u00ab\u00a0Propri\u00e9taire des donn\u00e9es\u00a0\u00bb) ou g\u00e9n\u00e9r\u00e9es par la Soci\u00e9t\u00e9 lors de l&rsquo;utilisation du Site par le Propri\u00e9taire des donn\u00e9es pendant l&rsquo;exploitation du site web <a href=\"http:\/\/www.theneweducator.com\">www.theneweducator.com<\/a> (\u00ab\u00a0Site\u00a0\u00bb) exploit\u00e9 par AR\u0130TMET\u0130K E\u011e\u0130T\u0130M VE \u00d6\u011eRET\u0130M DANI\u015eMANLIK VE YAYINCILIK A.\u015e. (la Soci\u00e9t\u00e9).<\/p>\n\n<p>Le propri\u00e9taire des donn\u00e9es d\u00e9clare qu&rsquo;il a \u00e9t\u00e9 inform\u00e9 du traitement de ses donn\u00e9es \u00e0 caract\u00e8re personnel par la pr\u00e9sente politique de confidentialit\u00e9 et qu&rsquo;il consent \u00e0 l&rsquo;utilisation de ses donn\u00e9es \u00e0 caract\u00e8re personnel comme sp\u00e9cifi\u00e9 dans la pr\u00e9sente politique.<\/p>\n\n<p><strong>Quelles sont les donn\u00e9es trait\u00e9es ?<\/strong><\/p>\n\n<p>Sous cette rubrique sont \u00e9num\u00e9r\u00e9es les donn\u00e9es trait\u00e9es par la Soci\u00e9t\u00e9 et consid\u00e9r\u00e9es comme des donn\u00e9es \u00e0 caract\u00e8re personnel conform\u00e9ment \u00e0 la loi sur la protection des donn\u00e9es \u00e0 caract\u00e8re personnel. Sauf indication contraire expresse, le terme \u00ab\u00a0donn\u00e9es \u00e0 caract\u00e8re personnel\u00a0\u00bb couvre les informations suivantes dans le cadre des conditions pr\u00e9vues par la pr\u00e9sente politique de protection de la vie priv\u00e9e. <\/p>\n\n<ul class=\"wp-block-list\">\n<li><strong>Formulaire de contact &#8211; Objet\/Raison<\/strong><\/li>\n\n\n\n<li><strong>Formulaire de contact &#8211; Coordonn\u00e9es<\/strong><ul><li><strong>Nom Nom de famille<\/strong><\/li><\/ul><ul><li><strong>Adresse \u00e9lectronique<\/strong><\/li><\/ul><ul><li><strong>T\u00e9l\u00e9phone<\/strong><\/li><\/ul><ul><li><strong>Nom de l&rsquo;\u00e9l\u00e8ve Nom de famille<\/strong><\/li><\/ul><ul><li><strong>Classe de l&rsquo;\u00e9l\u00e8ve<\/strong><\/li><\/ul>\n<ul class=\"wp-block-list\">\n<li><strong>\u00c9cole de l&rsquo;\u00e9l\u00e8ve<\/strong><\/li>\n<\/ul>\n<\/li>\n\n\n\n<li><strong>Formulaire de contact &#8211; Demande de texte<\/strong><\/li>\n<\/ul>\n\n<p>Conform\u00e9ment aux articles 3 et 7 de la loi sur la protection des donn\u00e9es \u00e0 caract\u00e8re personnel, les donn\u00e9es rendues irr\u00e9versiblement anonymes ne seront pas consid\u00e9r\u00e9es comme des donn\u00e9es \u00e0 caract\u00e8re personnel conform\u00e9ment aux dispositions de la loi susmentionn\u00e9e et les activit\u00e9s de traitement li\u00e9es \u00e0 ces donn\u00e9es seront effectu\u00e9es sans \u00eatre li\u00e9es par les dispositions de la pr\u00e9sente politique de protection de la vie priv\u00e9e.  <\/p>\n\n<p>En outre, dans le cadre des informations relatives aux cookies sur le site <a href=\"http:\/\/www.theneweducator.com\">www.theneweducator.com<\/a>, les adresses IP et les adresses \u00e9lectroniques des visiteurs du site seront prot\u00e9g\u00e9es par l&rsquo;entreprise dans le cadre des obligations d\u00e9coulant de la loi KVKK n\u00b0 6698.<\/p>\n\n<p><strong>Qui peut acc\u00e9der aux donn\u00e9es ?<\/strong><\/p>\n\n<p>La Soci\u00e9t\u00e9 peut transf\u00e9rer les donn\u00e9es personnelles appartenant au propri\u00e9taire des donn\u00e9es et les nouvelles donn\u00e9es obtenues en utilisant ces donn\u00e9es personnelles \u00e0 ses partenaires commerciaux, actionnaires, fournisseurs, fonctionnaires de la Soci\u00e9t\u00e9, Ar\u0131kanl\u0131 Group et Soci\u00e9t\u00e9s dans le but de fournir les services susmentionn\u00e9s au propri\u00e9taire des donn\u00e9es afin de remplir les objectifs sp\u00e9cifi\u00e9s dans la pr\u00e9sente politique de confidentialit\u00e9.<\/p>\n\n<p>La Soci\u00e9t\u00e9 est responsable de l&rsquo;am\u00e9lioration de l&rsquo;exp\u00e9rience du propri\u00e9taire des donn\u00e9es (y compris l&rsquo;am\u00e9lioration et la personnalisation), de la s\u00e9curit\u00e9 du propri\u00e9taire des donn\u00e9es, de la d\u00e9tection de l&rsquo;utilisation frauduleuse ou non autoris\u00e9e, de l&rsquo;investigation de l&rsquo;\u00e9valuation op\u00e9rationnelle, de l&rsquo;\u00e9limination des erreurs li\u00e9es aux services du site et de l&rsquo;\u00e9limination des erreurs dans la pr\u00e9sente politique de protection de la vie priv\u00e9e.<\/p>\n\n<p>peut partager avec des tiers tels que des fournisseurs de services d&rsquo;externalisation, des fournisseurs de services d&rsquo;h\u00e9bergement (services d&rsquo;h\u00e9bergement), des cabinets d&rsquo;avocats, des soci\u00e9t\u00e9s de recherche, des centres d&rsquo;appel, y compris ceux qui envoient des SMS afin d&rsquo;atteindre l&rsquo;une des finalit\u00e9s.<\/p>\n\n<p>Le propri\u00e9taire des donn\u00e9es accepte que les tiers susmentionn\u00e9s stockent les donn\u00e9es personnelles du propri\u00e9taire des donn\u00e9es sur leurs serveurs partout dans le monde, \u00e0 condition que cela soit limit\u00e9 aux fins susmentionn\u00e9es, et qu&rsquo;il y consente \u00e0 l&rsquo;avance.<\/p>\n\n<p><strong>Sur le droit d&rsquo;acc\u00e8s aux donn\u00e9es et les demandes de rectification<\/strong><\/p>\n\n<p>La personne concern\u00e9e peut s&rsquo;adresser \u00e0 l&rsquo;entreprise ;<\/p>\n\n<ul class=\"wp-block-list\">\n<li>Pour savoir si des donn\u00e9es \u00e0 caract\u00e8re personnel sont trait\u00e9es,<\/li>\n\n\n\n<li>Demandez des informations si des donn\u00e9es personnelles ont \u00e9t\u00e9 trait\u00e9es,<\/li>\n\n\n\n<li>Conna\u00eetre la finalit\u00e9 du traitement des donn\u00e9es personnelles et savoir si elles sont utilis\u00e9es conform\u00e9ment \u00e0 leur finalit\u00e9,<\/li>\n\n\n\n<li>Conna\u00eetre les tiers auxquels les donn\u00e9es personnelles sont transf\u00e9r\u00e9es au niveau national ou \u00e0 l&rsquo;\u00e9tranger,<\/li>\n\n\n\n<li>Demander la correction des donn\u00e9es personnelles en cas de traitement incomplet ou incorrect,<\/li>\n\n\n\n<li>Demander l&rsquo;effacement ou la destruction des donn\u00e9es personnelles dans le cadre des conditions stipul\u00e9es dans la l\u00e9gislation pertinente,<\/li>\n\n\n\n<li>Demander la notification de la correction, de l&rsquo;effacement et de la destruction effectu\u00e9s conform\u00e9ment \u00e0 la l\u00e9gislation pertinente aux tiers auxquels les donn\u00e9es \u00e0 caract\u00e8re personnel sont transf\u00e9r\u00e9es,<\/li>\n\n\n\n<li>S&rsquo;opposer \u00e0 ce que l&rsquo;analyse des donn\u00e9es trait\u00e9es, effectu\u00e9e exclusivement \u00e0 l&rsquo;aide de syst\u00e8mes automatis\u00e9s, aboutisse \u00e0 un r\u00e9sultat pr\u00e9judiciable \u00e0 la personne elle-m\u00eame,<\/li>\n\n\n\n<li>En cas de pr\u00e9judice d\u00fb \u00e0 un traitement illicite de donn\u00e9es \u00e0 caract\u00e8re personnel, il a le droit d&rsquo;exiger la r\u00e9paration du pr\u00e9judice.<\/li>\n<\/ul>\n\n<p>Pour exercer les droits relatifs aux donn\u00e9es \u00e0 caract\u00e8re personnel, vous pouvez utiliser le \u00ab\u00a0Formulaire pour les demandes \u00e0 adresser par le propri\u00e9taire des donn\u00e9es \u00e0 caract\u00e8re personnel au responsable du traitement\u00a0\u00bb. Les demandes pr\u00e9sent\u00e9es dans ce sens re\u00e7oivent une r\u00e9ponse dans un d\u00e9lai de 30 (trente) jours au plus tard. Vous trouverez des informations d\u00e9taill\u00e9es sur l&rsquo;utilisation des droits l\u00e9gaux dans la politique de protection des donn\u00e9es personnelles \u00e0 l&rsquo;adresse suivante <a href=\"http:\/\/www.theneweducator.com\">: www.theneweducator.com.<\/a>   <\/p>\n\n<p>Le propri\u00e9taire des donn\u00e9es s&rsquo;engage \u00e0 ce que les informations faisant l&rsquo;objet de la pr\u00e9sente politique de confidentialit\u00e9 soient compl\u00e8tes, exactes et \u00e0 jour, et \u00e0 les mettre \u00e0 jour imm\u00e9diatement en cas de modification de ces informations. Dans le cas o\u00f9 le propri\u00e9taire des donn\u00e9es ne fournirait pas des informations \u00e0 jour, la soci\u00e9t\u00e9 n&rsquo;aura aucune responsabilit\u00e9. <\/p>\n\n<p>Le propri\u00e9taire des donn\u00e9es accepte qu&rsquo;il puisse ne pas \u00eatre en mesure de b\u00e9n\u00e9ficier pleinement du fonctionnement du site au cas o\u00f9 il ferait une demande qui entra\u00eenerait l&rsquo;impossibilit\u00e9 pour la soci\u00e9t\u00e9 d&rsquo;utiliser des donn\u00e9es \u00e0 caract\u00e8re personnel et d\u00e9clare qu&rsquo;il assumera toutes sortes de responsabilit\u00e9s dans ce contexte.<\/p>\n\n<p><strong>P\u00e9riode de conservation des donn\u00e9es \u00e0 caract\u00e8re personnel<\/strong><\/p>\n\n<p>La soci\u00e9t\u00e9 conservera les donn\u00e9es \u00e0 caract\u00e8re personnel fournies par la personne concern\u00e9e pendant la p\u00e9riode requise par les objectifs de traitement susmentionn\u00e9s.<\/p>\n\n<p>En outre, en cas de litige entre la soci\u00e9t\u00e9 et le propri\u00e9taire des donn\u00e9es, la soci\u00e9t\u00e9 peut conserver les donn\u00e9es \u00e0 caract\u00e8re personnel dans le seul but de mettre en \u0153uvre les moyens de d\u00e9fense n\u00e9cessaires dans le cadre du litige et pendant la p\u00e9riode de prescription d\u00e9termin\u00e9e conform\u00e9ment \u00e0 la l\u00e9gislation pertinente.<\/p>\n\n<p><strong>Mesures et engagements concernant la s\u00e9curit\u00e9 des donn\u00e9es<\/strong><\/p>\n\n<p>Dans les conditions sp\u00e9cifi\u00e9es dans la l\u00e9gislation pertinente ou \u00e9nonc\u00e9es dans la pr\u00e9sente politique de protection de la vie priv\u00e9e,<\/p>\n\n<ul class=\"wp-block-list\">\n<li>les donn\u00e9es \u00e0 caract\u00e8re personnel ne sont pas trait\u00e9es de mani\u00e8re illicite,<\/li>\n\n\n\n<li>les donn\u00e9es \u00e0 caract\u00e8re personnel ne font pas l&rsquo;objet d&rsquo;un acc\u00e8s ill\u00e9gal et<\/li>\n\n\n\n<li>la conservation des donn\u00e9es \u00e0 caract\u00e8re personnel,<\/li>\n<\/ul>\n\n<p>s&rsquo;engage \u00e0 prendre les mesures techniques et administratives n\u00e9cessaires pour assurer le niveau de s\u00e9curit\u00e9 appropri\u00e9 et \u00e0 faire effectuer les contr\u00f4les n\u00e9cessaires.<\/p>\n\n<p>La Soci\u00e9t\u00e9 ne peut pas divulguer les donn\u00e9es personnelles obtenues sur le titulaire des donn\u00e9es \u00e0 quiconque en violation des dispositions de la pr\u00e9sente politique de confidentialit\u00e9 et de la loi sur la protection des donn\u00e9es personnelles et ne peut pas les utiliser \u00e0 des fins autres que le traitement.<\/p>\n\n<p>En cas de lien vers d&rsquo;autres applications par l&rsquo;interm\u00e9diaire du site, la soci\u00e9t\u00e9 n&rsquo;est pas responsable des politiques de confidentialit\u00e9 et du contenu de ces applications.<\/p>\n\n<p><strong>Modifications de la politique de confidentialit\u00e9<\/strong><\/p>\n\n<p>L&rsquo;Entreprise peut modifier les dispositions de la pr\u00e9sente politique de confidentialit\u00e9 \u00e0 tout moment. La politique de confidentialit\u00e9 en vigueur entre en vigueur \u00e0 la date \u00e0 laquelle elle est pr\u00e9sent\u00e9e au propri\u00e9taire des donn\u00e9es, quelle que soit la m\u00e9thode utilis\u00e9e. <\/p>\n","protected":false},"excerpt":{"rendered":"<p>Politique de confidentialit\u00e9 du site THE NEW EDUCATOR L&rsquo;objectif de cette politique de confidentialit\u00e9 est de d\u00e9terminer les termes et [&hellip;]<\/p>\n","protected":false},"author":1,"featured_media":0,"parent":0,"menu_order":0,"comment_status":"closed","ping_status":"closed","template":"","meta":{"_acf_changed":false,"inline_featured_image":false,"footnotes":""},"class_list":["post-20940","page","type-page","status-publish","hentry"],"acf":[],"yoast_head":"<!-- This site is optimized with the Yoast SEO plugin v27.5 - https:\/\/yoast.com\/product\/yoast-seo-wordpress\/ -->\n<title>Politique de confidentialit\u00e9 - OSSD - The New Educator<\/title>\n<meta name=\"robots\" content=\"index, follow, max-snippet:-1, max-image-preview:large, max-video-preview:-1\" \/>\n<link rel=\"canonical\" href=\"https:\/\/theneweducator.com\/fr\/politique-de-confidentialite\/\" \/>\n<meta property=\"og:locale\" content=\"fr_FR\" \/>\n<meta property=\"og:type\" content=\"article\" \/>\n<meta property=\"og:title\" content=\"Politique de confidentialit\u00e9 - OSSD - The New Educator\" \/>\n<meta property=\"og:description\" content=\"Politique de confidentialit\u00e9 du site THE NEW EDUCATOR L&rsquo;objectif de cette politique de confidentialit\u00e9 est de d\u00e9terminer les termes et [&hellip;]\" \/>\n<meta property=\"og:url\" content=\"https:\/\/theneweducator.com\/fr\/politique-de-confidentialite\/\" \/>\n<meta property=\"og:site_name\" content=\"OSSD - The New Educator\" \/>\n<meta property=\"article:modified_time\" content=\"2025-12-11T13:03:40+00:00\" \/>\n<meta name=\"twitter:card\" content=\"summary_large_image\" \/>\n<meta name=\"twitter:label1\" content=\"Dur\u00e9e de lecture estim\u00e9e\" \/>\n\t<meta name=\"twitter:data1\" content=\"7 minutes\" \/>\n<script type=\"application\/ld+json\" class=\"yoast-schema-graph\">{\"@context\":\"https:\\\/\\\/schema.org\",\"@graph\":[{\"@type\":\"WebPage\",\"@id\":\"https:\\\/\\\/theneweducator.com\\\/fr\\\/politique-de-confidentialite\\\/\",\"url\":\"https:\\\/\\\/theneweducator.com\\\/fr\\\/politique-de-confidentialite\\\/\",\"name\":\"Politique de confidentialit\u00e9 - OSSD - The New Educator\",\"isPartOf\":{\"@id\":\"https:\\\/\\\/theneweducator.com\\\/fr\\\/#website\"},\"datePublished\":\"2025-01-16T07:43:26+00:00\",\"dateModified\":\"2025-12-11T13:03:40+00:00\",\"breadcrumb\":{\"@id\":\"https:\\\/\\\/theneweducator.com\\\/fr\\\/politique-de-confidentialite\\\/#breadcrumb\"},\"inLanguage\":\"fr-FR\",\"potentialAction\":[{\"@type\":\"ReadAction\",\"target\":[\"https:\\\/\\\/theneweducator.com\\\/fr\\\/politique-de-confidentialite\\\/\"]}]},{\"@type\":\"BreadcrumbList\",\"@id\":\"https:\\\/\\\/theneweducator.com\\\/fr\\\/politique-de-confidentialite\\\/#breadcrumb\",\"itemListElement\":[{\"@type\":\"ListItem\",\"position\":1,\"name\":\"Anasayfa\",\"item\":\"https:\\\/\\\/theneweducator.com\\\/fr\\\/\"},{\"@type\":\"ListItem\",\"position\":2,\"name\":\"Politique de confidentialit\u00e9\"}]},{\"@type\":\"WebSite\",\"@id\":\"https:\\\/\\\/theneweducator.com\\\/fr\\\/#website\",\"url\":\"https:\\\/\\\/theneweducator.com\\\/fr\\\/\",\"name\":\"Ontario Secondary School Diploma - The New Educator\",\"description\":\"\u00dcniversitelere S\u0131navs\u0131z &amp; Direkt Ba\u015fvuru Hakk\u0131n\u0131z Olsun\",\"publisher\":{\"@id\":\"https:\\\/\\\/theneweducator.com\\\/fr\\\/#organization\"},\"alternateName\":\"OSSD Kanada Lise Diplomas\u0131\",\"potentialAction\":[{\"@type\":\"SearchAction\",\"target\":{\"@type\":\"EntryPoint\",\"urlTemplate\":\"https:\\\/\\\/theneweducator.com\\\/fr\\\/?s={search_term_string}\"},\"query-input\":{\"@type\":\"PropertyValueSpecification\",\"valueRequired\":true,\"valueName\":\"search_term_string\"}}],\"inLanguage\":\"fr-FR\"},{\"@type\":\"Organization\",\"@id\":\"https:\\\/\\\/theneweducator.com\\\/fr\\\/#organization\",\"name\":\"OSSD Ontario Secondary School Diploma - The New Educator\",\"url\":\"https:\\\/\\\/theneweducator.com\\\/fr\\\/\",\"logo\":{\"@type\":\"ImageObject\",\"inLanguage\":\"fr-FR\",\"@id\":\"https:\\\/\\\/theneweducator.com\\\/fr\\\/#\\\/schema\\\/logo\\\/image\\\/\",\"url\":\"https:\\\/\\\/theneweducator.com\\\/wp-content\\\/uploads\\\/2025\\\/01\\\/logo-new-1.png\",\"contentUrl\":\"https:\\\/\\\/theneweducator.com\\\/wp-content\\\/uploads\\\/2025\\\/01\\\/logo-new-1.png\",\"width\":1128,\"height\":318,\"caption\":\"OSSD Ontario Secondary School Diploma - The New Educator\"},\"image\":{\"@id\":\"https:\\\/\\\/theneweducator.com\\\/fr\\\/#\\\/schema\\\/logo\\\/image\\\/\"}}]}<\/script>\n<!-- \/ Yoast SEO plugin. -->","yoast_head_json":{"title":"Politique de confidentialit\u00e9 - OSSD - The New Educator","robots":{"index":"index","follow":"follow","max-snippet":"max-snippet:-1","max-image-preview":"max-image-preview:large","max-video-preview":"max-video-preview:-1"},"canonical":"https:\/\/theneweducator.com\/fr\/politique-de-confidentialite\/","og_locale":"fr_FR","og_type":"article","og_title":"Politique de confidentialit\u00e9 - OSSD - The New Educator","og_description":"Politique de confidentialit\u00e9 du site THE NEW EDUCATOR L&rsquo;objectif de cette politique de confidentialit\u00e9 est de d\u00e9terminer les termes et [&hellip;]","og_url":"https:\/\/theneweducator.com\/fr\/politique-de-confidentialite\/","og_site_name":"OSSD - The New Educator","article_modified_time":"2025-12-11T13:03:40+00:00","twitter_card":"summary_large_image","twitter_misc":{"Dur\u00e9e de lecture estim\u00e9e":"7 minutes"},"schema":{"@context":"https:\/\/schema.org","@graph":[{"@type":"WebPage","@id":"https:\/\/theneweducator.com\/fr\/politique-de-confidentialite\/","url":"https:\/\/theneweducator.com\/fr\/politique-de-confidentialite\/","name":"Politique de confidentialit\u00e9 - OSSD - The New Educator","isPartOf":{"@id":"https:\/\/theneweducator.com\/fr\/#website"},"datePublished":"2025-01-16T07:43:26+00:00","dateModified":"2025-12-11T13:03:40+00:00","breadcrumb":{"@id":"https:\/\/theneweducator.com\/fr\/politique-de-confidentialite\/#breadcrumb"},"inLanguage":"fr-FR","potentialAction":[{"@type":"ReadAction","target":["https:\/\/theneweducator.com\/fr\/politique-de-confidentialite\/"]}]},{"@type":"BreadcrumbList","@id":"https:\/\/theneweducator.com\/fr\/politique-de-confidentialite\/#breadcrumb","itemListElement":[{"@type":"ListItem","position":1,"name":"Anasayfa","item":"https:\/\/theneweducator.com\/fr\/"},{"@type":"ListItem","position":2,"name":"Politique de confidentialit\u00e9"}]},{"@type":"WebSite","@id":"https:\/\/theneweducator.com\/fr\/#website","url":"https:\/\/theneweducator.com\/fr\/","name":"Ontario Secondary School Diploma - The New Educator","description":"\u00dcniversitelere S\u0131navs\u0131z &amp; Direkt Ba\u015fvuru Hakk\u0131n\u0131z Olsun","publisher":{"@id":"https:\/\/theneweducator.com\/fr\/#organization"},"alternateName":"OSSD Kanada Lise Diplomas\u0131","potentialAction":[{"@type":"SearchAction","target":{"@type":"EntryPoint","urlTemplate":"https:\/\/theneweducator.com\/fr\/?s={search_term_string}"},"query-input":{"@type":"PropertyValueSpecification","valueRequired":true,"valueName":"search_term_string"}}],"inLanguage":"fr-FR"},{"@type":"Organization","@id":"https:\/\/theneweducator.com\/fr\/#organization","name":"OSSD Ontario Secondary School Diploma - The New Educator","url":"https:\/\/theneweducator.com\/fr\/","logo":{"@type":"ImageObject","inLanguage":"fr-FR","@id":"https:\/\/theneweducator.com\/fr\/#\/schema\/logo\/image\/","url":"https:\/\/theneweducator.com\/wp-content\/uploads\/2025\/01\/logo-new-1.png","contentUrl":"https:\/\/theneweducator.com\/wp-content\/uploads\/2025\/01\/logo-new-1.png","width":1128,"height":318,"caption":"OSSD Ontario Secondary School Diploma - The New Educator"},"image":{"@id":"https:\/\/theneweducator.com\/fr\/#\/schema\/logo\/image\/"}}]}},"_links":{"self":[{"href":"https:\/\/theneweducator.com\/fr\/wp-json\/wp\/v2\/pages\/20940","targetHints":{"allow":["GET"]}}],"collection":[{"href":"https:\/\/theneweducator.com\/fr\/wp-json\/wp\/v2\/pages"}],"about":[{"href":"https:\/\/theneweducator.com\/fr\/wp-json\/wp\/v2\/types\/page"}],"author":[{"embeddable":true,"href":"https:\/\/theneweducator.com\/fr\/wp-json\/wp\/v2\/users\/1"}],"replies":[{"embeddable":true,"href":"https:\/\/theneweducator.com\/fr\/wp-json\/wp\/v2\/comments?post=20940"}],"version-history":[{"count":1,"href":"https:\/\/theneweducator.com\/fr\/wp-json\/wp\/v2\/pages\/20940\/revisions"}],"predecessor-version":[{"id":20941,"href":"https:\/\/theneweducator.com\/fr\/wp-json\/wp\/v2\/pages\/20940\/revisions\/20941"}],"wp:attachment":[{"href":"https:\/\/theneweducator.com\/fr\/wp-json\/wp\/v2\/media?parent=20940"}],"curies":[{"name":"wp","href":"https:\/\/api.w.org\/{rel}","templated":true}]}}