{"id":20931,"date":"2025-01-22T18:49:27","date_gmt":"2025-01-22T15:49:27","guid":{"rendered":"https:\/\/theneweducator.com\/declaration-daccessibilite\/"},"modified":"2025-12-11T16:02:09","modified_gmt":"2025-12-11T13:02:09","slug":"declaration-daccessibilite","status":"publish","type":"page","link":"https:\/\/theneweducator.com\/fr\/declaration-daccessibilite\/","title":{"rendered":"D\u00e9claration d&rsquo;accessibilit\u00e9"},"content":{"rendered":"\n<p><b>D\u00e9claration d&rsquo;accessibilit\u00e9<\/b><\/p>\n\n<p>Le Nouvel \u00c9ducateur s&rsquo;efforce de garantir \u00e0 tous les utilisateurs un acc\u00e8s \u00e9gal et confortable \u00e0 son site web. Le contenu de notre site est con\u00e7u conform\u00e9ment aux normes d&rsquo;accessibilit\u00e9 afin que les personnes handicap\u00e9es puissent \u00e9galement y acc\u00e9der. <\/p>\n\n<h3 class=\"wp-block-heading\">1. <strong>les normes d&rsquo;accessibilit\u00e9<\/strong><\/h3>\n\n<p>Notre site web a \u00e9t\u00e9 d\u00e9velopp\u00e9 en conformit\u00e9 avec les lignes directrices pour l&rsquo;accessibilit\u00e9 des contenus web (WCAG) 2.1, niveaux A et AA. Ces lignes directrices visent \u00e0 garantir que le contenu de l&rsquo;internet est accessible aux personnes souffrant de handicaps visuels, auditifs, moteurs et cognitifs. <\/p>\n\n<h3 class=\"wp-block-heading\">2. <strong>nos objectifs en mati\u00e8re d&rsquo;accessibilit\u00e9<\/strong><\/h3>\n\n<ul class=\"wp-block-list\">\n<li><strong>Texte alternatif :<\/strong> Des textes alternatifs sont fournis pour les contenus visuels afin d&rsquo;\u00eatre compatibles avec les lecteurs d&rsquo;\u00e9cran.<\/li>\n\n\n\n<li><strong>Contraste des couleurs :<\/strong> Le contraste des couleurs entre les textes et les arri\u00e8re-plans est optimis\u00e9 pour les utilisateurs malvoyants.<\/li>\n\n\n\n<li><strong>Navigation<\/strong> Des menus et une mise en page accessibles sont pr\u00e9vus pour faciliter la navigation au clavier.<\/li>\n\n\n\n<li><strong>Contenu sensoriel :<\/strong> Les vid\u00e9os et les contenus audio sont compl\u00e9t\u00e9s par des sous-titres et des descriptions textuelles.<\/li>\n<\/ul>\n\n<h3 class=\"wp-block-heading\">3. le <strong>retour d&rsquo;information<\/strong><\/h3>\n\n<p>Si vous rencontrez des probl\u00e8mes d&rsquo;accessibilit\u00e9, veuillez nous contacter. Vos commentaires nous aideront \u00e0 am\u00e9liorer en permanence l&rsquo;accessibilit\u00e9 de notre site web. <\/p>\n\n<ul class=\"wp-block-list\">\n<li>Courriel : <a href=\"mailto:info@theneweducator.com\">info@theneweducator.com<\/a><\/li>\n\n\n\n<li>T\u00e9l\u00e9phone : [Num\u00e9ro de t\u00e9l\u00e9phone]<\/li>\n\n\n\n<li>Adresse : Kozyata\u011f\u0131, Bayar Cd. No:74-1, 34742 Kad\u0131k\u00f6y\/ISTANBUL <\/li>\n<\/ul>\n\n<h3 class=\"wp-block-heading\">4. l&rsquo;<strong>am\u00e9lioration continue<\/strong><\/h3>\n\n<p>Nous nous effor\u00e7ons constamment de maintenir l&rsquo;accessibilit\u00e9 de notre site web au plus haut niveau. \u00c0 cette fin, nous effectuons des tests d&rsquo;accessibilit\u00e9 et prenons les dispositions n\u00e9cessaires en tenant compte des commentaires des utilisateurs. <\/p>\n","protected":false},"excerpt":{"rendered":"<p>D\u00e9claration d&rsquo;accessibilit\u00e9 Le Nouvel \u00c9ducateur s&rsquo;efforce de garantir \u00e0 tous les utilisateurs un acc\u00e8s \u00e9gal et confortable \u00e0 son site [&hellip;]<\/p>\n","protected":false},"author":1,"featured_media":0,"parent":0,"menu_order":0,"comment_status":"closed","ping_status":"closed","template":"","meta":{"_acf_changed":false,"inline_featured_image":false,"footnotes":""},"class_list":["post-20931","page","type-page","status-publish","hentry"],"acf":[],"yoast_head":"<!-- This site is optimized with the Yoast SEO plugin v27.4 - https:\/\/yoast.com\/product\/yoast-seo-wordpress\/ -->\n<title>D\u00e9claration d&#039;accessibilit\u00e9 - OSSD - The New Educator<\/title>\n<meta name=\"robots\" content=\"index, follow, max-snippet:-1, max-image-preview:large, max-video-preview:-1\" \/>\n<link rel=\"canonical\" href=\"https:\/\/theneweducator.com\/fr\/declaration-daccessibilite\/\" \/>\n<meta property=\"og:locale\" content=\"fr_FR\" \/>\n<meta property=\"og:type\" content=\"article\" \/>\n<meta property=\"og:title\" content=\"D\u00e9claration d&#039;accessibilit\u00e9 - OSSD - The New Educator\" \/>\n<meta property=\"og:description\" content=\"D\u00e9claration d&rsquo;accessibilit\u00e9 Le Nouvel \u00c9ducateur s&rsquo;efforce de garantir \u00e0 tous les utilisateurs un acc\u00e8s \u00e9gal et confortable \u00e0 son site [&hellip;]\" \/>\n<meta property=\"og:url\" content=\"https:\/\/theneweducator.com\/fr\/declaration-daccessibilite\/\" \/>\n<meta property=\"og:site_name\" content=\"OSSD - The New Educator\" \/>\n<meta property=\"article:modified_time\" content=\"2025-12-11T13:02:09+00:00\" \/>\n<meta name=\"twitter:card\" content=\"summary_large_image\" \/>\n<meta name=\"twitter:label1\" content=\"Dur\u00e9e de lecture estim\u00e9e\" \/>\n\t<meta name=\"twitter:data1\" content=\"1 minute\" \/>\n<script type=\"application\/ld+json\" class=\"yoast-schema-graph\">{\"@context\":\"https:\\\/\\\/schema.org\",\"@graph\":[{\"@type\":\"WebPage\",\"@id\":\"https:\\\/\\\/theneweducator.com\\\/fr\\\/declaration-daccessibilite\\\/\",\"url\":\"https:\\\/\\\/theneweducator.com\\\/fr\\\/declaration-daccessibilite\\\/\",\"name\":\"D\u00e9claration d'accessibilit\u00e9 - OSSD - The New Educator\",\"isPartOf\":{\"@id\":\"https:\\\/\\\/theneweducator.com\\\/fr\\\/#website\"},\"datePublished\":\"2025-01-22T15:49:27+00:00\",\"dateModified\":\"2025-12-11T13:02:09+00:00\",\"breadcrumb\":{\"@id\":\"https:\\\/\\\/theneweducator.com\\\/fr\\\/declaration-daccessibilite\\\/#breadcrumb\"},\"inLanguage\":\"fr-FR\",\"potentialAction\":[{\"@type\":\"ReadAction\",\"target\":[\"https:\\\/\\\/theneweducator.com\\\/fr\\\/declaration-daccessibilite\\\/\"]}]},{\"@type\":\"BreadcrumbList\",\"@id\":\"https:\\\/\\\/theneweducator.com\\\/fr\\\/declaration-daccessibilite\\\/#breadcrumb\",\"itemListElement\":[{\"@type\":\"ListItem\",\"position\":1,\"name\":\"Anasayfa\",\"item\":\"https:\\\/\\\/theneweducator.com\\\/fr\\\/\"},{\"@type\":\"ListItem\",\"position\":2,\"name\":\"D\u00e9claration d&rsquo;accessibilit\u00e9\"}]},{\"@type\":\"WebSite\",\"@id\":\"https:\\\/\\\/theneweducator.com\\\/fr\\\/#website\",\"url\":\"https:\\\/\\\/theneweducator.com\\\/fr\\\/\",\"name\":\"Ontario Secondary School Diploma - The New Educator\",\"description\":\"\u00dcniversitelere S\u0131navs\u0131z &amp; Direkt Ba\u015fvuru Hakk\u0131n\u0131z Olsun\",\"publisher\":{\"@id\":\"https:\\\/\\\/theneweducator.com\\\/fr\\\/#organization\"},\"alternateName\":\"OSSD Kanada Lise Diplomas\u0131\",\"potentialAction\":[{\"@type\":\"SearchAction\",\"target\":{\"@type\":\"EntryPoint\",\"urlTemplate\":\"https:\\\/\\\/theneweducator.com\\\/fr\\\/?s={search_term_string}\"},\"query-input\":{\"@type\":\"PropertyValueSpecification\",\"valueRequired\":true,\"valueName\":\"search_term_string\"}}],\"inLanguage\":\"fr-FR\"},{\"@type\":\"Organization\",\"@id\":\"https:\\\/\\\/theneweducator.com\\\/fr\\\/#organization\",\"name\":\"OSSD Ontario Secondary School Diploma - The New Educator\",\"url\":\"https:\\\/\\\/theneweducator.com\\\/fr\\\/\",\"logo\":{\"@type\":\"ImageObject\",\"inLanguage\":\"fr-FR\",\"@id\":\"https:\\\/\\\/theneweducator.com\\\/fr\\\/#\\\/schema\\\/logo\\\/image\\\/\",\"url\":\"https:\\\/\\\/theneweducator.com\\\/wp-content\\\/uploads\\\/2025\\\/01\\\/logo-new-1.png\",\"contentUrl\":\"https:\\\/\\\/theneweducator.com\\\/wp-content\\\/uploads\\\/2025\\\/01\\\/logo-new-1.png\",\"width\":1128,\"height\":318,\"caption\":\"OSSD Ontario Secondary School Diploma - The New Educator\"},\"image\":{\"@id\":\"https:\\\/\\\/theneweducator.com\\\/fr\\\/#\\\/schema\\\/logo\\\/image\\\/\"}}]}<\/script>\n<!-- \/ Yoast SEO plugin. -->","yoast_head_json":{"title":"D\u00e9claration d'accessibilit\u00e9 - OSSD - The New Educator","robots":{"index":"index","follow":"follow","max-snippet":"max-snippet:-1","max-image-preview":"max-image-preview:large","max-video-preview":"max-video-preview:-1"},"canonical":"https:\/\/theneweducator.com\/fr\/declaration-daccessibilite\/","og_locale":"fr_FR","og_type":"article","og_title":"D\u00e9claration d'accessibilit\u00e9 - OSSD - The New Educator","og_description":"D\u00e9claration d&rsquo;accessibilit\u00e9 Le Nouvel \u00c9ducateur s&rsquo;efforce de garantir \u00e0 tous les utilisateurs un acc\u00e8s \u00e9gal et confortable \u00e0 son site [&hellip;]","og_url":"https:\/\/theneweducator.com\/fr\/declaration-daccessibilite\/","og_site_name":"OSSD - The New Educator","article_modified_time":"2025-12-11T13:02:09+00:00","twitter_card":"summary_large_image","twitter_misc":{"Dur\u00e9e de lecture estim\u00e9e":"1 minute"},"schema":{"@context":"https:\/\/schema.org","@graph":[{"@type":"WebPage","@id":"https:\/\/theneweducator.com\/fr\/declaration-daccessibilite\/","url":"https:\/\/theneweducator.com\/fr\/declaration-daccessibilite\/","name":"D\u00e9claration d'accessibilit\u00e9 - OSSD - The New Educator","isPartOf":{"@id":"https:\/\/theneweducator.com\/fr\/#website"},"datePublished":"2025-01-22T15:49:27+00:00","dateModified":"2025-12-11T13:02:09+00:00","breadcrumb":{"@id":"https:\/\/theneweducator.com\/fr\/declaration-daccessibilite\/#breadcrumb"},"inLanguage":"fr-FR","potentialAction":[{"@type":"ReadAction","target":["https:\/\/theneweducator.com\/fr\/declaration-daccessibilite\/"]}]},{"@type":"BreadcrumbList","@id":"https:\/\/theneweducator.com\/fr\/declaration-daccessibilite\/#breadcrumb","itemListElement":[{"@type":"ListItem","position":1,"name":"Anasayfa","item":"https:\/\/theneweducator.com\/fr\/"},{"@type":"ListItem","position":2,"name":"D\u00e9claration d&rsquo;accessibilit\u00e9"}]},{"@type":"WebSite","@id":"https:\/\/theneweducator.com\/fr\/#website","url":"https:\/\/theneweducator.com\/fr\/","name":"Ontario Secondary School Diploma - The New Educator","description":"\u00dcniversitelere S\u0131navs\u0131z &amp; Direkt Ba\u015fvuru Hakk\u0131n\u0131z Olsun","publisher":{"@id":"https:\/\/theneweducator.com\/fr\/#organization"},"alternateName":"OSSD Kanada Lise Diplomas\u0131","potentialAction":[{"@type":"SearchAction","target":{"@type":"EntryPoint","urlTemplate":"https:\/\/theneweducator.com\/fr\/?s={search_term_string}"},"query-input":{"@type":"PropertyValueSpecification","valueRequired":true,"valueName":"search_term_string"}}],"inLanguage":"fr-FR"},{"@type":"Organization","@id":"https:\/\/theneweducator.com\/fr\/#organization","name":"OSSD Ontario Secondary School Diploma - The New Educator","url":"https:\/\/theneweducator.com\/fr\/","logo":{"@type":"ImageObject","inLanguage":"fr-FR","@id":"https:\/\/theneweducator.com\/fr\/#\/schema\/logo\/image\/","url":"https:\/\/theneweducator.com\/wp-content\/uploads\/2025\/01\/logo-new-1.png","contentUrl":"https:\/\/theneweducator.com\/wp-content\/uploads\/2025\/01\/logo-new-1.png","width":1128,"height":318,"caption":"OSSD Ontario Secondary School Diploma - The New Educator"},"image":{"@id":"https:\/\/theneweducator.com\/fr\/#\/schema\/logo\/image\/"}}]}},"_links":{"self":[{"href":"https:\/\/theneweducator.com\/fr\/wp-json\/wp\/v2\/pages\/20931","targetHints":{"allow":["GET"]}}],"collection":[{"href":"https:\/\/theneweducator.com\/fr\/wp-json\/wp\/v2\/pages"}],"about":[{"href":"https:\/\/theneweducator.com\/fr\/wp-json\/wp\/v2\/types\/page"}],"author":[{"embeddable":true,"href":"https:\/\/theneweducator.com\/fr\/wp-json\/wp\/v2\/users\/1"}],"replies":[{"embeddable":true,"href":"https:\/\/theneweducator.com\/fr\/wp-json\/wp\/v2\/comments?post=20931"}],"version-history":[{"count":1,"href":"https:\/\/theneweducator.com\/fr\/wp-json\/wp\/v2\/pages\/20931\/revisions"}],"predecessor-version":[{"id":20932,"href":"https:\/\/theneweducator.com\/fr\/wp-json\/wp\/v2\/pages\/20931\/revisions\/20932"}],"wp:attachment":[{"href":"https:\/\/theneweducator.com\/fr\/wp-json\/wp\/v2\/media?parent=20931"}],"curies":[{"name":"wp","href":"https:\/\/api.w.org\/{rel}","templated":true}]}}