{"id":20830,"date":"2025-05-12T10:53:57","date_gmt":"2025-05-12T07:53:57","guid":{"rendered":"https:\/\/theneweducator.com\/texte-de-clarification\/"},"modified":"2025-12-11T15:54:36","modified_gmt":"2025-12-11T12:54:36","slug":"texte-de-clarification","status":"publish","type":"page","link":"https:\/\/theneweducator.com\/fr\/texte-de-clarification\/","title":{"rendered":"Texte de clarification"},"content":{"rendered":"\n<p class=\"has-text-align-center has-medium-font-size\"><strong>ARITHMETIC EDUCATION AND TRAINING CONSULTANCY AND PUBLISHING CO.<\/strong> <br\/><strong>TEXTE DE DIVULGATION SUR LE TRAITEMENT DES DONN\u00c9ES PERSONNELLES<\/strong><\/p>\n\n<p>Ce texte de clarification a \u00e9t\u00e9 pr\u00e9par\u00e9 par AR\u0130TMET\u0130K E\u011e\u0130T\u0130M VE \u00d6\u011eRET\u0130M DANI\u015eMANLIK VE YAYINCILIK A.\u015e. (\u00ab\u00a0Soci\u00e9t\u00e9\u00a0\u00bb), qui est le \u00ab\u00a0contr\u00f4leur de donn\u00e9es\u00a0\u00bb dans le cadre de l&rsquo;article 10 de la loi n\u00b0 6698 sur la protection des donn\u00e9es personnelles (\u00ab\u00a0Loi\u00a0\u00bb) et le communiqu\u00e9 sur les proc\u00e9dures et les principes \u00e0 suivre pour remplir l&rsquo;obligation de divulgation, afin de fournir des informations sur vos donn\u00e9es personnelles qui peuvent \u00eatre obtenues et trait\u00e9es au cours de l&rsquo;ex\u00e9cution des activit\u00e9s et des services offerts.<\/p>\n\n<p>Notre soci\u00e9t\u00e9 agit en qualit\u00e9 de responsable du traitement des donn\u00e9es et fait preuve de toute l&rsquo;attention et de la diligence n\u00e9cessaires \u00e0 la protection des donn\u00e9es \u00e0 caract\u00e8re personnel.<\/p>\n\n<p>Notre soci\u00e9t\u00e9 agit conform\u00e9ment aux principes g\u00e9n\u00e9raux \u00e9nonc\u00e9s par la loi n\u00b0 6698 dans le traitement des donn\u00e9es personnelles.<\/p>\n\n<p><strong>FINALITES DU TRAITEMENT DES DONNEES A CARACTERE PERSONNEL<\/strong><\/p>\n\n<p>Le traitement des donn\u00e9es \u00e0 caract\u00e8re personnel d\u00e9signe tous les types d&rsquo;op\u00e9rations effectu\u00e9es sur des donn\u00e9es \u00e0 caract\u00e8re personnel, telles que l&rsquo;obtention, l&rsquo;enregistrement, le stockage, la conservation, la modification, la r\u00e9organisation, la divulgation, le transfert, la prise en charge, la mise \u00e0 disposition, la classification ou la pr\u00e9vention de l&rsquo;utilisation de donn\u00e9es \u00e0 caract\u00e8re personnel par des moyens enti\u00e8rement ou partiellement automatis\u00e9s ou par des moyens non automatis\u00e9s, pour autant qu&rsquo;ils fassent partie d&rsquo;un syst\u00e8me d&rsquo;enregistrement de donn\u00e9es.<\/p>\n\n<p>Vos donn\u00e9es personnelles peuvent \u00eatre trait\u00e9es lorsque vous appelez notre centre d&rsquo;appel, visitez notre site web, utilisez nos applications num\u00e9riques, participez \u00e0 des formations, s\u00e9minaires, organisations et r\u00e9unions organis\u00e9s par notre soci\u00e9t\u00e9 afin d&rsquo;utiliser les produits et services de notre soci\u00e9t\u00e9 et\/ou de recevoir des informations.<\/p>\n\n<p>Donn\u00e9es personnelles par notre soci\u00e9t\u00e9 ;<\/p>\n\n<ul class=\"wp-block-list\">\n<li>Am\u00e9liorer les services offerts, d\u00e9velopper de nouveaux services et fournir des informations \u00e0 leur sujet,<\/li>\n\n\n\n<li>Promotion et marketing de campagnes et de services pour les clients existants et potentiels avec approbation de messages \u00e9lectroniques commerciaux,<\/li>\n\n\n\n<li>Pour pouvoir vous contacter au sujet du produit ou du service que vous avez re\u00e7u ou que vous recevrez,<\/li>\n\n\n\n<li>R\u00e9solution des probl\u00e8mes et des plaintes des clients,<\/li>\n\n\n\n<li>Mise \u00e0 jour des informations sur les clients,<\/li>\n\n\n\n<li>Planification et ex\u00e9cution des activit\u00e9s de satisfaction de la client\u00e8le et mise en \u0153uvre d&rsquo;activit\u00e9s visant \u00e0 am\u00e9liorer l&rsquo;exp\u00e9rience des clients,<\/li>\n\n\n\n<li>\u00c9valuations statistiques et \u00e9tudes de march\u00e9,<\/li>\n\n\n\n<li>D\u00e9terminer et mettre en \u0153uvre les strat\u00e9gies commerciales et d&rsquo;entreprise de la soci\u00e9t\u00e9,<\/li>\n\n\n\n<li>G\u00e9rer les relations avec les lieux de travail des membres et les partenaires commerciaux,<\/li>\n\n\n\n<li>Suivi des op\u00e9rations comptables et de paiement,<\/li>\n\n\n\n<li>Veiller au respect des obligations de garde pr\u00e9vues par la l\u00e9gislation,<\/li>\n\n\n\n<li>R\u00e9pondre aux demandes d&rsquo;information des autorit\u00e9s administratives et judiciaires,<\/li>\n\n\n\n<li>Planification des rapports internes et des activit\u00e9s de d\u00e9veloppement commercial,<\/li>\n\n\n\n<li>Contr\u00f4le financier, \u00e9tablissement de rapports et r\u00e9alisation des notifications l\u00e9gales,<\/li>\n\n\n\n<li>G\u00e9rer les activit\u00e9s de contr\u00f4le interne et d&rsquo;audit,<\/li>\n\n\n\n<li>Assurer la s\u00e9curit\u00e9 des informations et des transactions et pr\u00e9venir les utilisations malveillantes et la fraude,<\/li>\n\n\n\n<li>Respect des droits et obligations r\u00e9ciproques concernant vos transactions avec notre soci\u00e9t\u00e9,<\/li>\n\n\n\n<li>\u00c9tudes de produits existants ou nouveaux et \u00e9tudes de march\u00e9 de notre entreprise, de nos partenaires commerciaux et de nos filiales nationales ou \u00e9trang\u00e8res, et d\u00e9termination du groupe de clients cible,<\/li>\n\n\n\n<li>prendre les dispositions n\u00e9cessaires pour garantir la mise \u00e0 jour et l&rsquo;exactitude des donn\u00e9es trait\u00e9es<\/li>\n<\/ul>\n\n<p>et de mener des activit\u00e9s li\u00e9es \u00e0 tous ces processus.<\/p>\n\n<p><strong>M\u00c9THODE ET MOTIF L\u00c9GAL DE LA COLLECTE DES DONN\u00c9ES \u00c0 CARACT\u00c8RE PERSONNEL<\/strong><\/p>\n\n<p>Vos donn\u00e9es personnelles sont obtenues en utilisant toutes sortes de moyens verbaux, \u00e9crits, d&rsquo;enregistrement vocal, physiques ou \u00e9lectroniques, tels que les centres d&rsquo;appel, afin de fournir les produits et services offerts par notre soci\u00e9t\u00e9 dans le cadre l\u00e9gal d\u00e9termin\u00e9 dans le cadre des objectifs susmentionn\u00e9s et de remplir les obligations contractuelles et l\u00e9gales de notre soci\u00e9t\u00e9 de mani\u00e8re compl\u00e8te et pr\u00e9cise. Vos donn\u00e9es personnelles collect\u00e9es en raison de nos obligations l\u00e9gales peuvent \u00eatre trait\u00e9es dans le cadre des conditions de traitement des donn\u00e9es personnelles sp\u00e9cifi\u00e9es dans les articles 5 et 6 de la loi.   <\/p>\n\n<p>Sans se limiter \u00e0 ce qui pr\u00e9c\u00e8de, les informations de connexion enregistr\u00e9es comme l&rsquo;exige la l\u00e9gislation lors de l&rsquo;utilisation de notre site web, des applications num\u00e9riques et des comptes de m\u00e9dias sociaux, les formulaires de contact que vous remplissez par voie \u00e9lectronique, les autres formulaires que vous remplissez sur nos lieux de travail, dans nos bureaux et aupr\u00e8s de nos repr\u00e9sentants, les communications \u00e9crites ou verbales que vous avez faites avec notre Soci\u00e9t\u00e9 par le biais de canaux en ligne, les courriers \u00e9lectroniques que vous avez envoy\u00e9s \u00e0 notre Soci\u00e9t\u00e9 par le biais du syst\u00e8me de courrier \u00e9lectronique, les informations et les documents que vous avez envoy\u00e9s \u00e0 notre Soci\u00e9t\u00e9 par le biais d&rsquo;outils tels que la t\u00e9l\u00e9copie ou la lettre, Les donn\u00e9es \u00e0 caract\u00e8re personnel que vous communiquez verbalement, par \u00e9crit ou \u00e9lectroniquement par t\u00e9l\u00e9phone ou directement \u00e0 notre soci\u00e9t\u00e9 ou aux organisations avec lesquelles notre soci\u00e9t\u00e9 coop\u00e8re, les informations et les documents que vous communiquez lors des r\u00e9unions et des organisations organis\u00e9es par notre soci\u00e9t\u00e9, les informations, les questionnaires et les documents que vous communiquez lors des r\u00e9unions et des organisations organis\u00e9es par notre soci\u00e9t\u00e9, les contrats que vous avez sign\u00e9s avec notre soci\u00e9t\u00e9 et tout autre moyen sont collect\u00e9s par notre soci\u00e9t\u00e9 conform\u00e9ment \u00e0 la loi, par des m\u00e9thodes partiellement ou totalement automatis\u00e9es ou non automatis\u00e9es.<\/p>\n\n<p><strong>TRANSFERT DES DONN\u00c9ES PERSONNELLES TRAIT\u00c9ES<\/strong><\/p>\n\n<p>Vos donn\u00e9es personnelles collect\u00e9es par notre soci\u00e9t\u00e9 peuvent \u00eatre partag\u00e9es et transf\u00e9r\u00e9es par nos unit\u00e9s commerciales concern\u00e9es pour la r\u00e9alisation des activit\u00e9s commerciales men\u00e9es par la soci\u00e9t\u00e9 conform\u00e9ment aux objectifs de traitement des donn\u00e9es susmentionn\u00e9s ; avec nos affili\u00e9s, actionnaires, partenaires commerciaux, fournisseurs, auditeurs, prestataires de services, institutions et organisations publiques l\u00e9galement autoris\u00e9es et institutions et organisations priv\u00e9es, organisations professionnelles et organisations similaires, autorit\u00e9s de contr\u00f4le et de r\u00e9gulation, personnes priv\u00e9es autoris\u00e9es par les dispositions de la l\u00e9gislation et autres personnes et organisations dans le cadre des conditions et objectifs de transfert de donn\u00e9es personnelles et de transfert de donn\u00e9es personnelles \u00e0 l&rsquo;\u00e9tranger sp\u00e9cifi\u00e9s dans les articles 8 et 9 de la loi.  <\/p>\n\n<p><strong>DUR\u00c9E DU TRAITEMENT DES DONN\u00c9ES \u00c0 CARACT\u00c8RE PERSONNEL<\/strong><\/p>\n\n<p>Vos donn\u00e9es personnelles seront trait\u00e9es pendant les p\u00e9riodes requises par les finalit\u00e9s du traitement des donn\u00e9es personnelles sp\u00e9cifi\u00e9es dans ce texte. \u00c0 l&rsquo;issue de cette p\u00e9riode, si une disposition l\u00e9gislative ou une raison juridique autorise le traitement des donn\u00e9es pertinentes pendant une p\u00e9riode plus longue, vos donn\u00e9es personnelles continueront d&rsquo;\u00eatre trait\u00e9es pendant ces p\u00e9riodes. \u00c0 la fin de ces p\u00e9riodes, vos donn\u00e9es personnelles seront imm\u00e9diatement effac\u00e9es, d\u00e9truites ou anonymis\u00e9es.  <\/p>\n\n<p><strong>LES MESURES DE S\u00c9CURIT\u00c9 PRISES \u00c0 L&rsquo;\u00c9GARD DE VOS DONN\u00c9ES PERSONNELLES<\/strong><\/p>\n\n<p>Notre soci\u00e9t\u00e9 prend toutes les mesures techniques et administratives n\u00e9cessaires pour assurer le niveau de s\u00e9curit\u00e9 appropri\u00e9 afin d&#8217;emp\u00eacher le traitement ill\u00e9gal de vos donn\u00e9es \u00e0 caract\u00e8re personnel, d&#8217;emp\u00eacher l&rsquo;acc\u00e8s ill\u00e9gal \u00e0 vos donn\u00e9es \u00e0 caract\u00e8re personnel et d&rsquo;assurer la protection de vos donn\u00e9es \u00e0 caract\u00e8re personnel.<\/p>\n\n<p><strong>VOS DROITS CONCERNANT VOS DONN\u00c9ES PERSONNELLES<\/strong><\/p>\n\n<p>Propri\u00e9taires de donn\u00e9es \u00e0 caract\u00e8re personnel au sens de l&rsquo;article 11 de la loi ; <\/p>\n\n<ol class=\"wp-block-list\">\n<li>Pour savoir si des donn\u00e9es \u00e0 caract\u00e8re personnel sont trait\u00e9es,<\/li>\n\n\n\n<li>Demandez des informations si des donn\u00e9es personnelles ont \u00e9t\u00e9 trait\u00e9es,<\/li>\n\n\n\n<li>Conna\u00eetre la finalit\u00e9 du traitement des donn\u00e9es personnelles et savoir si elles sont utilis\u00e9es conform\u00e9ment \u00e0 leur finalit\u00e9,<\/li>\n\n\n\n<li>Conna\u00eetre les tiers auxquels les donn\u00e9es personnelles sont transf\u00e9r\u00e9es au niveau national ou \u00e0 l&rsquo;\u00e9tranger,<\/li>\n\n\n\n<li>Demander la correction des donn\u00e9es personnelles en cas de traitement incomplet ou incorrect,<\/li>\n\n\n\n<li>Bien qu&rsquo;elles aient \u00e9t\u00e9 trait\u00e9es conform\u00e9ment aux dispositions de la loi et d&rsquo;autres lois pertinentes, demander l&rsquo;effacement ou la destruction des donn\u00e9es \u00e0 caract\u00e8re personnel au cas o\u00f9 les raisons justifiant leur traitement dispara\u00eetraient,<\/li>\n\n\n\n<li>Demander la notification des transactions effectu\u00e9es en vertu des points e) et f) aux tiers auxquels les donn\u00e9es \u00e0 caract\u00e8re personnel sont transf\u00e9r\u00e9es, <\/li>\n\n\n\n<li>S&rsquo;opposer \u00e0 ce que l&rsquo;analyse des donn\u00e9es trait\u00e9es, effectu\u00e9e exclusivement \u00e0 l&rsquo;aide de syst\u00e8mes automatis\u00e9s, aboutisse \u00e0 un r\u00e9sultat pr\u00e9judiciable \u00e0 la personne elle-m\u00eame,<\/li>\n\n\n\n<li>En cas de dommage d\u00fb \u00e0 un traitement illicite de donn\u00e9es \u00e0 caract\u00e8re personnel, demander r\u00e9paration du dommage.<\/li>\n<\/ol>\n\n<p>droits.<\/p>\n\n<p>Notre Soci\u00e9t\u00e9 finalisera vos demandes concernant vos droits \u00e9num\u00e9r\u00e9s ci-dessus par \u00e9crit ou par d&rsquo;autres m\u00e9thodes \u00e0 d\u00e9terminer par la Commission dans un d\u00e9lai de trente jours au plus tard apr\u00e8s la date de transmission. Vos demandes peuvent \u00eatre factur\u00e9es dans le cadre des tarifs publi\u00e9s par la Commission. <\/p>\n\n<p>Afin de r\u00e9pondre aux demandes formul\u00e9es, des informations et des documents suppl\u00e9mentaires peuvent \u00eatre demand\u00e9s par notre Soci\u00e9t\u00e9 afin de v\u00e9rifier votre identit\u00e9 et de clarifier votre demande. Si ces informations et documents ne sont pas communiqu\u00e9s, il se peut que votre demande ne re\u00e7oive pas de r\u00e9ponse afin de garantir la s\u00e9curit\u00e9 de vos donn\u00e9es. <\/p>\n\n<p>Afin d&rsquo;exercer vos droits \u00e9num\u00e9r\u00e9s ci-dessus, vous pouvez soumettre vos questions et demandes selon les m\u00e9thodes et conditions d\u00e9crites dans l&rsquo;article 13 de la loi intitul\u00e9 \u00ab\u00a0Demande au responsable du traitement\u00a0\u00bb sur le site web de notre soci\u00e9t\u00e9. <a href=\"https:\/\/www.elekse.com\/ElekseFiles\/Documents\/veri-sahibi-basvuru-formu2.pdf\"> <\/a>Vous pouvez remplir le formulaire de demande du KVKK et l&rsquo;envoyer \u00e0 notre soci\u00e9t\u00e9 par les moyens suivants.<\/p>\n\n<p>Adresse postale :  <strong>  Kozyata\u011f\u0131 Mah. Bayar Cad. No:74-1 Kad\u0131k\u00f6y Istanbul  <\/strong>Adresse \u00e9lectronique : <a href=\"mailto:turkiye@theneweducator.com\"><strong>turkiye@theneweducator.com<\/strong><\/a><\/p>\n","protected":false},"excerpt":{"rendered":"<p>ARITHMETIC EDUCATION AND TRAINING CONSULTANCY AND PUBLISHING CO. TEXTE DE DIVULGATION SUR LE TRAITEMENT DES DONN\u00c9ES PERSONNELLES Ce texte de [&hellip;]<\/p>\n","protected":false},"author":1,"featured_media":0,"parent":0,"menu_order":0,"comment_status":"closed","ping_status":"closed","template":"","meta":{"_acf_changed":false,"inline_featured_image":false,"footnotes":""},"class_list":["post-20830","page","type-page","status-publish","hentry"],"acf":[],"yoast_head":"<!-- This site is optimized with the Yoast SEO plugin v27.4 - https:\/\/yoast.com\/product\/yoast-seo-wordpress\/ -->\n<title>Texte de clarification - OSSD - The New Educator<\/title>\n<meta name=\"robots\" content=\"index, follow, max-snippet:-1, max-image-preview:large, max-video-preview:-1\" \/>\n<link rel=\"canonical\" href=\"https:\/\/theneweducator.com\/fr\/texte-de-clarification\/\" \/>\n<meta property=\"og:locale\" content=\"fr_FR\" \/>\n<meta property=\"og:type\" content=\"article\" \/>\n<meta property=\"og:title\" content=\"Texte de clarification - OSSD - The New Educator\" \/>\n<meta property=\"og:description\" content=\"ARITHMETIC EDUCATION AND TRAINING CONSULTANCY AND PUBLISHING CO. TEXTE DE DIVULGATION SUR LE TRAITEMENT DES DONN\u00c9ES PERSONNELLES Ce texte de [&hellip;]\" \/>\n<meta property=\"og:url\" content=\"https:\/\/theneweducator.com\/fr\/texte-de-clarification\/\" \/>\n<meta property=\"og:site_name\" content=\"OSSD - The New Educator\" \/>\n<meta property=\"article:modified_time\" content=\"2025-12-11T12:54:36+00:00\" \/>\n<meta name=\"twitter:card\" content=\"summary_large_image\" \/>\n<meta name=\"twitter:label1\" content=\"Dur\u00e9e de lecture estim\u00e9e\" \/>\n\t<meta name=\"twitter:data1\" content=\"9 minutes\" \/>\n<script type=\"application\/ld+json\" class=\"yoast-schema-graph\">{\"@context\":\"https:\\\/\\\/schema.org\",\"@graph\":[{\"@type\":\"WebPage\",\"@id\":\"https:\\\/\\\/theneweducator.com\\\/fr\\\/texte-de-clarification\\\/\",\"url\":\"https:\\\/\\\/theneweducator.com\\\/fr\\\/texte-de-clarification\\\/\",\"name\":\"Texte de clarification - OSSD - The New Educator\",\"isPartOf\":{\"@id\":\"https:\\\/\\\/theneweducator.com\\\/fr\\\/#website\"},\"datePublished\":\"2025-05-12T07:53:57+00:00\",\"dateModified\":\"2025-12-11T12:54:36+00:00\",\"breadcrumb\":{\"@id\":\"https:\\\/\\\/theneweducator.com\\\/fr\\\/texte-de-clarification\\\/#breadcrumb\"},\"inLanguage\":\"fr-FR\",\"potentialAction\":[{\"@type\":\"ReadAction\",\"target\":[\"https:\\\/\\\/theneweducator.com\\\/fr\\\/texte-de-clarification\\\/\"]}]},{\"@type\":\"BreadcrumbList\",\"@id\":\"https:\\\/\\\/theneweducator.com\\\/fr\\\/texte-de-clarification\\\/#breadcrumb\",\"itemListElement\":[{\"@type\":\"ListItem\",\"position\":1,\"name\":\"Anasayfa\",\"item\":\"https:\\\/\\\/theneweducator.com\\\/fr\\\/\"},{\"@type\":\"ListItem\",\"position\":2,\"name\":\"Texte de clarification\"}]},{\"@type\":\"WebSite\",\"@id\":\"https:\\\/\\\/theneweducator.com\\\/fr\\\/#website\",\"url\":\"https:\\\/\\\/theneweducator.com\\\/fr\\\/\",\"name\":\"Ontario Secondary School Diploma - The New Educator\",\"description\":\"\u00dcniversitelere S\u0131navs\u0131z &amp; Direkt Ba\u015fvuru Hakk\u0131n\u0131z Olsun\",\"publisher\":{\"@id\":\"https:\\\/\\\/theneweducator.com\\\/fr\\\/#organization\"},\"alternateName\":\"OSSD Kanada Lise Diplomas\u0131\",\"potentialAction\":[{\"@type\":\"SearchAction\",\"target\":{\"@type\":\"EntryPoint\",\"urlTemplate\":\"https:\\\/\\\/theneweducator.com\\\/fr\\\/?s={search_term_string}\"},\"query-input\":{\"@type\":\"PropertyValueSpecification\",\"valueRequired\":true,\"valueName\":\"search_term_string\"}}],\"inLanguage\":\"fr-FR\"},{\"@type\":\"Organization\",\"@id\":\"https:\\\/\\\/theneweducator.com\\\/fr\\\/#organization\",\"name\":\"OSSD Ontario Secondary School Diploma - The New Educator\",\"url\":\"https:\\\/\\\/theneweducator.com\\\/fr\\\/\",\"logo\":{\"@type\":\"ImageObject\",\"inLanguage\":\"fr-FR\",\"@id\":\"https:\\\/\\\/theneweducator.com\\\/fr\\\/#\\\/schema\\\/logo\\\/image\\\/\",\"url\":\"https:\\\/\\\/theneweducator.com\\\/wp-content\\\/uploads\\\/2025\\\/01\\\/logo-new-1.png\",\"contentUrl\":\"https:\\\/\\\/theneweducator.com\\\/wp-content\\\/uploads\\\/2025\\\/01\\\/logo-new-1.png\",\"width\":1128,\"height\":318,\"caption\":\"OSSD Ontario Secondary School Diploma - The New Educator\"},\"image\":{\"@id\":\"https:\\\/\\\/theneweducator.com\\\/fr\\\/#\\\/schema\\\/logo\\\/image\\\/\"}}]}<\/script>\n<!-- \/ Yoast SEO plugin. -->","yoast_head_json":{"title":"Texte de clarification - OSSD - The New Educator","robots":{"index":"index","follow":"follow","max-snippet":"max-snippet:-1","max-image-preview":"max-image-preview:large","max-video-preview":"max-video-preview:-1"},"canonical":"https:\/\/theneweducator.com\/fr\/texte-de-clarification\/","og_locale":"fr_FR","og_type":"article","og_title":"Texte de clarification - OSSD - The New Educator","og_description":"ARITHMETIC EDUCATION AND TRAINING CONSULTANCY AND PUBLISHING CO. TEXTE DE DIVULGATION SUR LE TRAITEMENT DES DONN\u00c9ES PERSONNELLES Ce texte de [&hellip;]","og_url":"https:\/\/theneweducator.com\/fr\/texte-de-clarification\/","og_site_name":"OSSD - The New Educator","article_modified_time":"2025-12-11T12:54:36+00:00","twitter_card":"summary_large_image","twitter_misc":{"Dur\u00e9e de lecture estim\u00e9e":"9 minutes"},"schema":{"@context":"https:\/\/schema.org","@graph":[{"@type":"WebPage","@id":"https:\/\/theneweducator.com\/fr\/texte-de-clarification\/","url":"https:\/\/theneweducator.com\/fr\/texte-de-clarification\/","name":"Texte de clarification - OSSD - The New Educator","isPartOf":{"@id":"https:\/\/theneweducator.com\/fr\/#website"},"datePublished":"2025-05-12T07:53:57+00:00","dateModified":"2025-12-11T12:54:36+00:00","breadcrumb":{"@id":"https:\/\/theneweducator.com\/fr\/texte-de-clarification\/#breadcrumb"},"inLanguage":"fr-FR","potentialAction":[{"@type":"ReadAction","target":["https:\/\/theneweducator.com\/fr\/texte-de-clarification\/"]}]},{"@type":"BreadcrumbList","@id":"https:\/\/theneweducator.com\/fr\/texte-de-clarification\/#breadcrumb","itemListElement":[{"@type":"ListItem","position":1,"name":"Anasayfa","item":"https:\/\/theneweducator.com\/fr\/"},{"@type":"ListItem","position":2,"name":"Texte de clarification"}]},{"@type":"WebSite","@id":"https:\/\/theneweducator.com\/fr\/#website","url":"https:\/\/theneweducator.com\/fr\/","name":"Ontario Secondary School Diploma - The New Educator","description":"\u00dcniversitelere S\u0131navs\u0131z &amp; Direkt Ba\u015fvuru Hakk\u0131n\u0131z Olsun","publisher":{"@id":"https:\/\/theneweducator.com\/fr\/#organization"},"alternateName":"OSSD Kanada Lise Diplomas\u0131","potentialAction":[{"@type":"SearchAction","target":{"@type":"EntryPoint","urlTemplate":"https:\/\/theneweducator.com\/fr\/?s={search_term_string}"},"query-input":{"@type":"PropertyValueSpecification","valueRequired":true,"valueName":"search_term_string"}}],"inLanguage":"fr-FR"},{"@type":"Organization","@id":"https:\/\/theneweducator.com\/fr\/#organization","name":"OSSD Ontario Secondary School Diploma - The New Educator","url":"https:\/\/theneweducator.com\/fr\/","logo":{"@type":"ImageObject","inLanguage":"fr-FR","@id":"https:\/\/theneweducator.com\/fr\/#\/schema\/logo\/image\/","url":"https:\/\/theneweducator.com\/wp-content\/uploads\/2025\/01\/logo-new-1.png","contentUrl":"https:\/\/theneweducator.com\/wp-content\/uploads\/2025\/01\/logo-new-1.png","width":1128,"height":318,"caption":"OSSD Ontario Secondary School Diploma - The New Educator"},"image":{"@id":"https:\/\/theneweducator.com\/fr\/#\/schema\/logo\/image\/"}}]}},"_links":{"self":[{"href":"https:\/\/theneweducator.com\/fr\/wp-json\/wp\/v2\/pages\/20830","targetHints":{"allow":["GET"]}}],"collection":[{"href":"https:\/\/theneweducator.com\/fr\/wp-json\/wp\/v2\/pages"}],"about":[{"href":"https:\/\/theneweducator.com\/fr\/wp-json\/wp\/v2\/types\/page"}],"author":[{"embeddable":true,"href":"https:\/\/theneweducator.com\/fr\/wp-json\/wp\/v2\/users\/1"}],"replies":[{"embeddable":true,"href":"https:\/\/theneweducator.com\/fr\/wp-json\/wp\/v2\/comments?post=20830"}],"version-history":[{"count":1,"href":"https:\/\/theneweducator.com\/fr\/wp-json\/wp\/v2\/pages\/20830\/revisions"}],"predecessor-version":[{"id":20831,"href":"https:\/\/theneweducator.com\/fr\/wp-json\/wp\/v2\/pages\/20830\/revisions\/20831"}],"wp:attachment":[{"href":"https:\/\/theneweducator.com\/fr\/wp-json\/wp\/v2\/media?parent=20830"}],"curies":[{"name":"wp","href":"https:\/\/api.w.org\/{rel}","templated":true}]}}