{"id":20828,"date":"2025-05-12T10:58:01","date_gmt":"2025-05-12T07:58:01","guid":{"rendered":"https:\/\/theneweducator.com\/politique-en-matiere-de-cookies\/"},"modified":"2025-12-11T15:54:06","modified_gmt":"2025-12-11T12:54:06","slug":"politique-en-matiere-de-cookies","status":"publish","type":"page","link":"https:\/\/theneweducator.com\/fr\/politique-en-matiere-de-cookies\/","title":{"rendered":"Politique en mati\u00e8re de cookies"},"content":{"rendered":"\n<p class=\"has-text-align-center has-medium-font-size\"><strong>LE NOUVEL \u00c9DUCATEUR NOTRE POLITIQUE EN MATI\u00c8RE DE \u00ab\u00a0COOKIES\u00a0\u00bb \/ \u00ab\u00a0T\u00c9MOINS DE CONNEXION<\/strong><\/p>\n\n<h1 class=\"wp-block-heading\"><strong>Notre politique en mati\u00e8re de cookies<\/strong><\/h1>\n\n<p>Nous utilisons des cookies \u00e0 diverses fins sur notre site web et dans nos messages \u00e9lectroniques afin de fournir nos services de mani\u00e8re efficace et d&rsquo;am\u00e9liorer votre exp\u00e9rience en tant que consommateur. Nous d\u00e9veloppons \u00e9galement un moyen pour nos partenaires de confiance de partager leurs exp\u00e9riences et d&rsquo;am\u00e9liorer la qualit\u00e9 de l&rsquo;exp\u00e9rience client sur leurs sites web. Cette politique explique les cat\u00e9gories de cookies que nous utilisons (et que nos partenaires utilisent), les raisons pour lesquelles ils sont utilis\u00e9s et comment vous pouvez modifier vos pr\u00e9f\u00e9rences.  <\/p>\n\n<h1 class=\"wp-block-heading\">Qu&rsquo;est-ce qu&rsquo;un \u00ab\u00a0cookie\u00a0\u00bb ?<\/h1>\n\n<p>Les cookies sont de petits \u00e9l\u00e9ments d&rsquo;information stock\u00e9s par votre navigateur sur le disque dur de votre ordinateur. Chaque fois que vous revenez sur notre site web, votre navigateur nous envoie des cookies afin que nous puissions mieux r\u00e9pondre \u00e0 vos int\u00e9r\u00eats et pr\u00e9f\u00e9rences ou vous identifier pour profiter de nos services, ce qui nous permet de personnaliser votre exp\u00e9rience d&rsquo;utilisateur. <\/p>\n\n<h1 class=\"wp-block-heading\">Quels sont les cookies que nous utilisons ?<\/h1>\n\n<p>Les cookies que nous utilisons nous permettent d&rsquo;identifier chaque consommateur qui visite \u00e0 nouveau notre site, de sorte que vous n&rsquo;ayez pas \u00e0 saisir plusieurs fois les m\u00eames informations. Les cookies nous aident \u00e9galement \u00e0 comprendre les habitudes des visiteurs de notre site web afin d&rsquo;en am\u00e9liorer la convivialit\u00e9. <\/p>\n\n<h1 class=\"wp-block-heading\">Voici quelques types de cookies utilis\u00e9s sur notre site web :<\/h1>\n\n<p>Biscuits de base<\/p>\n\n<p>Des cookies de base peuvent \u00eatre utilis\u00e9s pour vous permettre de recevoir les services que vous avez demand\u00e9s sur notre site web. Sans ces cookies, nous ne pouvons pas vous fournir les services que vous avez demand\u00e9s. Par exemple, ces cookies peuvent \u00eatre utilis\u00e9s aux fins suivantes :  <\/p>\n\n<ul class=\"wp-block-list\">\n<li>vous permettre d&rsquo;acc\u00e9der \u00e0 des zones s\u00e9curis\u00e9es de notre site web sans avoir \u00e0 vous connecter en permanence au service<\/li>\n\n\n\n<li>Au cours de la m\u00eame session, lorsque vous vous rendez sur une page pr\u00e9c\u00e9dente, nous nous souvenons des actions que vous avez d\u00e9j\u00e0 effectu\u00e9es (par exemple, remplir des formulaires en ligne).<\/li>\n<\/ul>\n\n<h1 class=\"wp-block-heading\">Modules de cookies de performance<\/h1>\n\n<p>Les cookies de performance peuvent \u00eatre utilis\u00e9s pour collecter des informations sur la mani\u00e8re dont notre site web, nos publicit\u00e9s et nos messages \u00e9lectroniques sont utilis\u00e9s et pour nous avertir en cas d&rsquo;erreur. Ces cookies peuvent \u00eatre utilis\u00e9s pour collecter des informations techniques tr\u00e8s d\u00e9taill\u00e9es telles que la derni\u00e8re page visit\u00e9e, le nombre de pages visit\u00e9es, si les messages \u00e9lectroniques ont \u00e9t\u00e9 ouverts, sur quelles parties de notre site web ou de nos messages \u00e9lectroniques vous avez cliqu\u00e9 et le temps qui s&rsquo;est \u00e9coul\u00e9 entre les clics. Bien que ces informations puissent \u00eatre associ\u00e9es \u00e0 des d\u00e9tails tels que votre adresse IP, votre domaine ou les informations de votre navigateur, elles ne sont analys\u00e9es qu&rsquo;en combinaison avec les informations d&rsquo;autres utilisateurs sans vous identifier directement.  <\/p>\n\n<h1 class=\"wp-block-heading\">Par exemple, ces cookies peuvent \u00eatre utilis\u00e9s sur notre site web aux fins suivantes :<\/h1>\n\n<ul class=\"wp-block-list\">\n<li>analyser et am\u00e9liorer les performances et la conception de notre site web, de nos publicit\u00e9s et de nos messages \u00e9lectroniques<\/li>\n\n\n\n<li>Calculer le nombre de retours pour nos publicit\u00e9s afin d&rsquo;am\u00e9liorer notre efficacit\u00e9 publicitaire.<\/li>\n<\/ul>\n\n<ul class=\"wp-block-list\">\n<li>\u00e9valuer les erreurs qui se produisent sur notre site web afin d&rsquo;am\u00e9liorer notre service et de traiter les plaintes re\u00e7ues<\/li>\n<\/ul>\n\n<h1 class=\"wp-block-heading\">Cookies de redirection<\/h1>\n\n<p>Nous pouvons vous donner acc\u00e8s aux cookies de r\u00e9f\u00e9rence envoy\u00e9s \u00e0 votre appareil par les sites Web de nos partenaires commerciaux. Ces cookies sont utilis\u00e9s pour identifier chaque visiteur dirig\u00e9 vers notre site web par nos partenaires commerciaux et pour comprendre si ces visiteurs ont b\u00e9n\u00e9fici\u00e9 d&rsquo;un produit ou d&rsquo;un service de THE NEW EDUCATOR. Ces informations peuvent \u00eatre partag\u00e9es avec nos partenaires commerciaux, \u00e0 condition qu&rsquo;elles soient anonymes et utilis\u00e9es de mani\u00e8re \u00e0 ce que votre identit\u00e9 ne soit pas directement r\u00e9v\u00e9l\u00e9e.  <\/p>\n\n<p>Nous utilisons ces informations pour remplir nos obligations contractuelles envers nos partenaires commerciaux et pour les aider \u00e0 am\u00e9liorer l&rsquo;efficacit\u00e9 de leurs sites web.<\/p>\n\n<h1 class=\"wp-block-heading\">Cookies fonctionnels<\/h1>\n\n<p>Afin d&rsquo;activer diverses fonctions utiles disponibles sur notre site web, nous pouvons utiliser des cookies fonctionnels non obligatoires.<\/p>\n\n<p>Par exemple, ces cookies peuvent \u00eatre utilis\u00e9s sur notre site web aux fins suivantes :<\/p>\n\n<ul class=\"wp-block-list\">\n<li>m\u00e9moriser vos pr\u00e9f\u00e9rences, telles que le pays\/la langue que vous avez choisi lors de votre derni\u00e8re visite sur notre site web, vos centres d&rsquo;int\u00e9r\u00eat et la pr\u00e9sentation de notre site web (mise en page, taille de la police, couleurs, etc.) afin que vous n&rsquo;ayez pas \u00e0 saisir ces informations \u00e0 chaque fois<\/li>\n\n\n\n<li>la m\u00e9morisation de ces r\u00e9ponses afin que vous n&rsquo;ayez pas \u00e0 r\u00e9pondre \u00e0 nouveau aux questions pos\u00e9es par notre site web, par exemple si vous ne souhaitez pas participer \u00e0 l&rsquo;enqu\u00eate de satisfaction de la client\u00e8le<\/li>\n\n\n\n<li>D\u00e9terminer si un service tel que l&rsquo;assistance en ligne vous a d\u00e9j\u00e0 \u00e9t\u00e9 propos\u00e9.<\/li>\n\n\n\n<li>Fournir des informations pour permettre le fonctionnement d&rsquo;un service \u00e0 la demande, tel que regarder une vid\u00e9o en ligne ou commenter un blog.<\/li>\n<\/ul>\n\n<h1 class=\"wp-block-heading\">Cookies \u00e0 des fins de ciblage ou de publicit\u00e9<\/h1>\n\n<p>Des cookies cibl\u00e9s ou publicitaires peuvent \u00eatre utilis\u00e9s sur notre site web pour diffuser des publicit\u00e9s sur des sujets qui correspondent le mieux \u00e0 vos centres d&rsquo;int\u00e9r\u00eat. Ces cookies peuvent collecter des informations tr\u00e8s d\u00e9taill\u00e9es sur vos habitudes de navigation (comme les produits et services sur lesquels vous avez cliqu\u00e9) lorsque vous \u00eates sur notre site web. En outre, ces cookies peuvent \u00eatre utilis\u00e9s pour vous reconna\u00eetre lorsque vous visitez \u00e0 nouveau notre site web et\/ou l&rsquo;un des sites web appartenant au r\u00e9seau de nos partenaires publicitaires.  <\/p>\n\n<p>Par exemple, ces cookies peuvent \u00eatre utilis\u00e9s pour collecter des informations sur les produits et services de THE NEW EDUCATOR que vous consultez sur notre site web :<\/p>\n\n<ul class=\"wp-block-list\">\n<li>Ils peuvent vous proposer des publicit\u00e9s sur leur site web pour les produits et services de THE NEW EDUCATOR que vous consultez.<\/li>\n\n\n\n<li>Personnaliser les messages \u00e9lectroniques et autres messages de marketing direct que vous recevez.<\/li>\n\n\n\n<li>Nos partenaires publicitaires peuvent vous donner acc\u00e8s \u00e0 des publicit\u00e9s pour les produits et services de THE NEW EDUCATOR que vous consultez sur d&rsquo;autres sites web de leurs r\u00e9seaux publicitaires.<\/li>\n\n\n\n<li>En plus de pouvoir mesurer l&rsquo;efficacit\u00e9 d&rsquo;une campagne publicitaire, nous pouvons limiter le nombre de fois o\u00f9 vous voyez la m\u00eame publicit\u00e9.<\/li>\n<\/ul>\n\n<p>THE NEW EDUCATOR et\/ou nos partenaires publicitaires peuvent stocker et acc\u00e9der \u00e0 ces cookies.<\/p>\n\n<h1 class=\"wp-block-heading\">Cookies de tiers<\/h1>\n\n<p>Lors de l&rsquo;utilisation de notre site web, certains cookies non contr\u00f4l\u00e9s par THE NEW EDUCATOR peuvent \u00eatre stock\u00e9s sur votre ordinateur. C&rsquo;est le cas lorsque la page que vous visitez contient du contenu provenant d&rsquo;un site web tiers et que des cookies de ces services tiers sont stock\u00e9s sur votre ordinateur. Cependant, aucune information personnelle n&rsquo;est stock\u00e9e dans ces cookies \u00e0 moins que vous ne vous connectiez \u00e0 votre compte.  <\/p>\n\n<p>Par exemple, les sources de ces cookies pourraient \u00eatre :<\/p>\n\n<ul class=\"wp-block-list\">\n<li>YouTube, Instagram, Google ou Facebook<\/li>\n\n\n\n<li>Des op\u00e9rateurs fiables<\/li>\n\n\n\n<li>Organismes de m\u00e9dias payants<\/li>\n\n\n\n<li>Activit\u00e9s de marketing de THE NEW EDUCATOR<\/li>\n<\/ul>\n\n<p>THE NEW EDUCATOR ne contr\u00f4le pas le stockage ou l&rsquo;acc\u00e8s \u00e0 ces cookies. Vous devez consulter les politiques de confidentialit\u00e9 et de cookies de ces services pour savoir comment ces tiers utilisent les cookies. <\/p>\n\n<h1 class=\"wp-block-heading\">Modifier vos param\u00e8tres de cookies<\/h1>\n\n<p>La plupart des navigateurs vous permettent de supprimer les cookies du disque dur de votre ordinateur, d&#8217;emp\u00eacher l&rsquo;acceptation des cookies ou de recevoir un avertissement avant qu&rsquo;un cookie ne soit stock\u00e9.<\/p>\n\n<h1 class=\"wp-block-heading\">Que se passe-t-il si les cookies sont d\u00e9sactiv\u00e9s ?<\/h1>\n\n<p>Si vous bloquez ou supprimez les cookies, il se peut que nous ne soyons pas en mesure de r\u00e9tablir les pr\u00e9f\u00e9rences ou les param\u00e8tres de personnalisation que vous avez d\u00e9finis pr\u00e9c\u00e9demment et nous serons limit\u00e9s dans notre capacit\u00e9 \u00e0 adapter votre utilisation en ligne \u00e0 vos besoins.<\/p>\n","protected":false},"excerpt":{"rendered":"<p>LE NOUVEL \u00c9DUCATEUR NOTRE POLITIQUE EN MATI\u00c8RE DE \u00ab\u00a0COOKIES\u00a0\u00bb \/ \u00ab\u00a0T\u00c9MOINS DE CONNEXION Notre politique en mati\u00e8re de cookies Nous [&hellip;]<\/p>\n","protected":false},"author":1,"featured_media":0,"parent":0,"menu_order":0,"comment_status":"closed","ping_status":"closed","template":"","meta":{"_acf_changed":false,"inline_featured_image":false,"footnotes":""},"class_list":["post-20828","page","type-page","status-publish","hentry"],"acf":[],"yoast_head":"<!-- This site is optimized with the Yoast SEO plugin v27.4 - https:\/\/yoast.com\/product\/yoast-seo-wordpress\/ -->\n<title>Politique en mati\u00e8re de cookies - OSSD - The New Educator<\/title>\n<meta name=\"robots\" content=\"index, follow, max-snippet:-1, max-image-preview:large, max-video-preview:-1\" \/>\n<link rel=\"canonical\" href=\"https:\/\/theneweducator.com\/fr\/politique-en-matiere-de-cookies\/\" \/>\n<meta property=\"og:locale\" content=\"fr_FR\" \/>\n<meta property=\"og:type\" content=\"article\" \/>\n<meta property=\"og:title\" content=\"Politique en mati\u00e8re de cookies - OSSD - The New Educator\" \/>\n<meta property=\"og:description\" content=\"LE NOUVEL \u00c9DUCATEUR NOTRE POLITIQUE EN MATI\u00c8RE DE \u00ab\u00a0COOKIES\u00a0\u00bb \/ \u00ab\u00a0T\u00c9MOINS DE CONNEXION Notre politique en mati\u00e8re de cookies Nous [&hellip;]\" \/>\n<meta property=\"og:url\" content=\"https:\/\/theneweducator.com\/fr\/politique-en-matiere-de-cookies\/\" \/>\n<meta property=\"og:site_name\" content=\"OSSD - The New Educator\" \/>\n<meta property=\"article:modified_time\" content=\"2025-12-11T12:54:06+00:00\" \/>\n<meta name=\"twitter:card\" content=\"summary_large_image\" \/>\n<meta name=\"twitter:label1\" content=\"Dur\u00e9e de lecture estim\u00e9e\" \/>\n\t<meta name=\"twitter:data1\" content=\"7 minutes\" \/>\n<script type=\"application\/ld+json\" class=\"yoast-schema-graph\">{\"@context\":\"https:\\\/\\\/schema.org\",\"@graph\":[{\"@type\":\"WebPage\",\"@id\":\"https:\\\/\\\/theneweducator.com\\\/fr\\\/politique-en-matiere-de-cookies\\\/\",\"url\":\"https:\\\/\\\/theneweducator.com\\\/fr\\\/politique-en-matiere-de-cookies\\\/\",\"name\":\"Politique en mati\u00e8re de cookies - OSSD - The New Educator\",\"isPartOf\":{\"@id\":\"https:\\\/\\\/theneweducator.com\\\/fr\\\/#website\"},\"datePublished\":\"2025-05-12T07:58:01+00:00\",\"dateModified\":\"2025-12-11T12:54:06+00:00\",\"breadcrumb\":{\"@id\":\"https:\\\/\\\/theneweducator.com\\\/fr\\\/politique-en-matiere-de-cookies\\\/#breadcrumb\"},\"inLanguage\":\"fr-FR\",\"potentialAction\":[{\"@type\":\"ReadAction\",\"target\":[\"https:\\\/\\\/theneweducator.com\\\/fr\\\/politique-en-matiere-de-cookies\\\/\"]}]},{\"@type\":\"BreadcrumbList\",\"@id\":\"https:\\\/\\\/theneweducator.com\\\/fr\\\/politique-en-matiere-de-cookies\\\/#breadcrumb\",\"itemListElement\":[{\"@type\":\"ListItem\",\"position\":1,\"name\":\"Anasayfa\",\"item\":\"https:\\\/\\\/theneweducator.com\\\/fr\\\/\"},{\"@type\":\"ListItem\",\"position\":2,\"name\":\"Politique en mati\u00e8re de cookies\"}]},{\"@type\":\"WebSite\",\"@id\":\"https:\\\/\\\/theneweducator.com\\\/fr\\\/#website\",\"url\":\"https:\\\/\\\/theneweducator.com\\\/fr\\\/\",\"name\":\"Ontario Secondary School Diploma - The New Educator\",\"description\":\"\u00dcniversitelere S\u0131navs\u0131z &amp; Direkt Ba\u015fvuru Hakk\u0131n\u0131z Olsun\",\"publisher\":{\"@id\":\"https:\\\/\\\/theneweducator.com\\\/fr\\\/#organization\"},\"alternateName\":\"OSSD Kanada Lise Diplomas\u0131\",\"potentialAction\":[{\"@type\":\"SearchAction\",\"target\":{\"@type\":\"EntryPoint\",\"urlTemplate\":\"https:\\\/\\\/theneweducator.com\\\/fr\\\/?s={search_term_string}\"},\"query-input\":{\"@type\":\"PropertyValueSpecification\",\"valueRequired\":true,\"valueName\":\"search_term_string\"}}],\"inLanguage\":\"fr-FR\"},{\"@type\":\"Organization\",\"@id\":\"https:\\\/\\\/theneweducator.com\\\/fr\\\/#organization\",\"name\":\"OSSD Ontario Secondary School Diploma - The New Educator\",\"url\":\"https:\\\/\\\/theneweducator.com\\\/fr\\\/\",\"logo\":{\"@type\":\"ImageObject\",\"inLanguage\":\"fr-FR\",\"@id\":\"https:\\\/\\\/theneweducator.com\\\/fr\\\/#\\\/schema\\\/logo\\\/image\\\/\",\"url\":\"https:\\\/\\\/theneweducator.com\\\/wp-content\\\/uploads\\\/2025\\\/01\\\/logo-new-1.png\",\"contentUrl\":\"https:\\\/\\\/theneweducator.com\\\/wp-content\\\/uploads\\\/2025\\\/01\\\/logo-new-1.png\",\"width\":1128,\"height\":318,\"caption\":\"OSSD Ontario Secondary School Diploma - The New Educator\"},\"image\":{\"@id\":\"https:\\\/\\\/theneweducator.com\\\/fr\\\/#\\\/schema\\\/logo\\\/image\\\/\"}}]}<\/script>\n<!-- \/ Yoast SEO plugin. -->","yoast_head_json":{"title":"Politique en mati\u00e8re de cookies - OSSD - The New Educator","robots":{"index":"index","follow":"follow","max-snippet":"max-snippet:-1","max-image-preview":"max-image-preview:large","max-video-preview":"max-video-preview:-1"},"canonical":"https:\/\/theneweducator.com\/fr\/politique-en-matiere-de-cookies\/","og_locale":"fr_FR","og_type":"article","og_title":"Politique en mati\u00e8re de cookies - OSSD - The New Educator","og_description":"LE NOUVEL \u00c9DUCATEUR NOTRE POLITIQUE EN MATI\u00c8RE DE \u00ab\u00a0COOKIES\u00a0\u00bb \/ \u00ab\u00a0T\u00c9MOINS DE CONNEXION Notre politique en mati\u00e8re de cookies Nous [&hellip;]","og_url":"https:\/\/theneweducator.com\/fr\/politique-en-matiere-de-cookies\/","og_site_name":"OSSD - The New Educator","article_modified_time":"2025-12-11T12:54:06+00:00","twitter_card":"summary_large_image","twitter_misc":{"Dur\u00e9e de lecture estim\u00e9e":"7 minutes"},"schema":{"@context":"https:\/\/schema.org","@graph":[{"@type":"WebPage","@id":"https:\/\/theneweducator.com\/fr\/politique-en-matiere-de-cookies\/","url":"https:\/\/theneweducator.com\/fr\/politique-en-matiere-de-cookies\/","name":"Politique en mati\u00e8re de cookies - OSSD - The New Educator","isPartOf":{"@id":"https:\/\/theneweducator.com\/fr\/#website"},"datePublished":"2025-05-12T07:58:01+00:00","dateModified":"2025-12-11T12:54:06+00:00","breadcrumb":{"@id":"https:\/\/theneweducator.com\/fr\/politique-en-matiere-de-cookies\/#breadcrumb"},"inLanguage":"fr-FR","potentialAction":[{"@type":"ReadAction","target":["https:\/\/theneweducator.com\/fr\/politique-en-matiere-de-cookies\/"]}]},{"@type":"BreadcrumbList","@id":"https:\/\/theneweducator.com\/fr\/politique-en-matiere-de-cookies\/#breadcrumb","itemListElement":[{"@type":"ListItem","position":1,"name":"Anasayfa","item":"https:\/\/theneweducator.com\/fr\/"},{"@type":"ListItem","position":2,"name":"Politique en mati\u00e8re de cookies"}]},{"@type":"WebSite","@id":"https:\/\/theneweducator.com\/fr\/#website","url":"https:\/\/theneweducator.com\/fr\/","name":"Ontario Secondary School Diploma - The New Educator","description":"\u00dcniversitelere S\u0131navs\u0131z &amp; Direkt Ba\u015fvuru Hakk\u0131n\u0131z Olsun","publisher":{"@id":"https:\/\/theneweducator.com\/fr\/#organization"},"alternateName":"OSSD Kanada Lise Diplomas\u0131","potentialAction":[{"@type":"SearchAction","target":{"@type":"EntryPoint","urlTemplate":"https:\/\/theneweducator.com\/fr\/?s={search_term_string}"},"query-input":{"@type":"PropertyValueSpecification","valueRequired":true,"valueName":"search_term_string"}}],"inLanguage":"fr-FR"},{"@type":"Organization","@id":"https:\/\/theneweducator.com\/fr\/#organization","name":"OSSD Ontario Secondary School Diploma - The New Educator","url":"https:\/\/theneweducator.com\/fr\/","logo":{"@type":"ImageObject","inLanguage":"fr-FR","@id":"https:\/\/theneweducator.com\/fr\/#\/schema\/logo\/image\/","url":"https:\/\/theneweducator.com\/wp-content\/uploads\/2025\/01\/logo-new-1.png","contentUrl":"https:\/\/theneweducator.com\/wp-content\/uploads\/2025\/01\/logo-new-1.png","width":1128,"height":318,"caption":"OSSD Ontario Secondary School Diploma - The New Educator"},"image":{"@id":"https:\/\/theneweducator.com\/fr\/#\/schema\/logo\/image\/"}}]}},"_links":{"self":[{"href":"https:\/\/theneweducator.com\/fr\/wp-json\/wp\/v2\/pages\/20828","targetHints":{"allow":["GET"]}}],"collection":[{"href":"https:\/\/theneweducator.com\/fr\/wp-json\/wp\/v2\/pages"}],"about":[{"href":"https:\/\/theneweducator.com\/fr\/wp-json\/wp\/v2\/types\/page"}],"author":[{"embeddable":true,"href":"https:\/\/theneweducator.com\/fr\/wp-json\/wp\/v2\/users\/1"}],"replies":[{"embeddable":true,"href":"https:\/\/theneweducator.com\/fr\/wp-json\/wp\/v2\/comments?post=20828"}],"version-history":[{"count":1,"href":"https:\/\/theneweducator.com\/fr\/wp-json\/wp\/v2\/pages\/20828\/revisions"}],"predecessor-version":[{"id":20829,"href":"https:\/\/theneweducator.com\/fr\/wp-json\/wp\/v2\/pages\/20828\/revisions\/20829"}],"wp:attachment":[{"href":"https:\/\/theneweducator.com\/fr\/wp-json\/wp\/v2\/media?parent=20828"}],"curies":[{"name":"wp","href":"https:\/\/api.w.org\/{rel}","templated":true}]}}