{"id":20046,"date":"2025-09-25T13:36:22","date_gmt":"2025-09-25T10:36:22","guid":{"rendered":"https:\/\/theneweducator.com\/registration\/"},"modified":"2026-05-12T17:55:30","modified_gmt":"2026-05-12T14:55:30","slug":"registration","status":"publish","type":"page","link":"https:\/\/theneweducator.com\/en\/enrollment\/","title":{"rendered":"Registration"},"content":{"rendered":"\t\t<div data-elementor-type=\"wp-page\" data-elementor-id=\"20046\" class=\"elementor elementor-20046 elementor-20012\" data-elementor-post-type=\"page\">\n\t\t\t\t<div class=\"elementor-element elementor-element-f05eb52 e-flex e-con-boxed e-con e-parent\" data-id=\"f05eb52\" data-element_type=\"container\" data-e-type=\"container\">\n\t\t\t\t\t<div class=\"e-con-inner\">\n\t\t<div class=\"elementor-element elementor-element-a70d9da e-con-full e-flex e-con e-child\" data-id=\"a70d9da\" data-element_type=\"container\" data-e-type=\"container\">\n\t\t\t\t<div class=\"elementor-element elementor-element-0ec9ca8 animated-slow elementor-invisible elementor-widget elementor-widget-heading\" data-id=\"0ec9ca8\" data-element_type=\"widget\" data-e-type=\"widget\" data-settings=\"{&quot;_animation&quot;:&quot;fadeInUp&quot;}\" data-widget_type=\"heading.default\">\n\t\t\t\t<div class=\"elementor-widget-container\">\n\t\t\t\t\t<h2 class=\"elementor-heading-title elementor-size-default\">REGISTER TO GET YOUR CANADA OSSD DIPLOMA!<\/h2>\t\t\t\t<\/div>\n\t\t\t\t<\/div>\n\t\t\t\t<div class=\"elementor-element elementor-element-e5b7b05 elementor-button-align-stretch elementor-widget elementor-widget-form\" data-id=\"e5b7b05\" data-element_type=\"widget\" data-e-type=\"widget\" data-settings=\"{&quot;step_next_label&quot;:&quot;Previous&quot;,&quot;step_previous_label&quot;:&quot;Next&quot;,&quot;button_width&quot;:&quot;100&quot;,&quot;step_type&quot;:&quot;number_text&quot;,&quot;step_icon_shape&quot;:&quot;circle&quot;}\" data-widget_type=\"form.default\">\n\t\t\t\t<div class=\"elementor-widget-container\">\n\t\t\t\t\t\t\t<form class=\"elementor-form\" method=\"post\" name=\"Contact Form\" aria-label=\"Contact Form\">\n\t\t\t<input type=\"hidden\" name=\"post_id\" value=\"20046\"\/>\n\t\t\t<input type=\"hidden\" name=\"form_id\" value=\"e5b7b05\"\/>\n\t\t\t<input type=\"hidden\" name=\"referer_title\" value=\"OSSD &#8211; The New Educator\" \/>\n\n\t\t\t\n\t\t\t<div class=\"elementor-form-fields-wrapper elementor-labels-above\">\n\t\t\t\t\t\t\t\t<div class=\"elementor-field-type-text elementor-field-group elementor-column elementor-field-group-studentname elementor-col-100 elementor-field-required elementor-mark-required\">\n\t\t\t\t\t\t\t\t\t\t\t\t<label for=\"form-field-studentname\" class=\"elementor-field-label\">\n\t\t\t\t\t\t\t\tStudent's Name and Surname\t\t\t\t\t\t\t<\/label>\n\t\t\t\t\t\t\t\t\t\t\t\t\t\t<input size=\"1\" type=\"text\" name=\"form_fields[studentname]\" id=\"form-field-studentname\" class=\"elementor-field elementor-size-sm  elementor-field-textual\" placeholder=\"Student&#039;s Name and Surname *\" required=\"required\">\n\t\t\t\t\t\t\t\t\t\t\t<\/div>\n\t\t\t\t\t\t\t\t<div class=\"elementor-field-type-text elementor-field-group elementor-column elementor-field-group-name elementor-col-100 elementor-field-required elementor-mark-required\">\n\t\t\t\t\t\t\t\t\t\t\t\t<label for=\"form-field-name\" class=\"elementor-field-label\">\n\t\t\t\t\t\t\t\tParent Name Surname\t\t\t\t\t\t\t<\/label>\n\t\t\t\t\t\t\t\t\t\t\t\t\t\t<input size=\"1\" type=\"text\" name=\"form_fields[name]\" id=\"form-field-name\" class=\"elementor-field elementor-size-sm  elementor-field-textual\" placeholder=\"Parent Name Surname *\" required=\"required\">\n\t\t\t\t\t\t\t\t\t\t\t<\/div>\n\t\t\t\t\t\t\t\t<div class=\"elementor-field-type-upload elementor-field-group elementor-column elementor-field-group-field_0ef7a68 elementor-col-100 elementor-field-required elementor-mark-required\">\n\t\t\t\t\t\t\t\t\t\t\t\t<label for=\"form-field-field_0ef7a68\" class=\"elementor-field-label\">\n\t\t\t\t\t\t\t\tStudent ID or Passport Photo\t\t\t\t\t\t\t<\/label>\n\t\t\t\t\t\t\t\t<input type=\"file\" name=\"form_fields[field_0ef7a68]\" id=\"form-field-field_0ef7a68\" class=\"elementor-field elementor-size-sm  elementor-upload-field\" required=\"required\">\n\n\t\t\t\t\t\t<\/div>\n\t\t\t\t\t\t\t\t<div class=\"elementor-field-type-upload elementor-field-group elementor-column elementor-field-group-field_3cf550c elementor-col-100 elementor-field-required elementor-mark-required\">\n\t\t\t\t\t\t\t\t\t\t\t\t<label for=\"form-field-field_3cf550c\" class=\"elementor-field-label\">\n\t\t\t\t\t\t\t\tStudent's English Transcript\t\t\t\t\t\t\t<\/label>\n\t\t\t\t\t\t\t\t<input type=\"file\" name=\"form_fields[field_3cf550c]\" id=\"form-field-field_3cf550c\" class=\"elementor-field elementor-size-sm  elementor-upload-field\" required=\"required\">\n\n\t\t\t\t\t\t<\/div>\n\t\t\t\t\t\t\t\t<div class=\"elementor-field-type-upload elementor-field-group elementor-column elementor-field-group-field_7fd45ce elementor-col-100 elementor-field-required elementor-mark-required\">\n\t\t\t\t\t\t\t\t\t\t\t\t<label for=\"form-field-field_7fd45ce\" class=\"elementor-field-label\">\n\t\t\t\t\t\t\t\tStudent's Selfie Photo for School ID\t\t\t\t\t\t\t<\/label>\n\t\t\t\t\t\t\t\t<input type=\"file\" name=\"form_fields[field_7fd45ce]\" id=\"form-field-field_7fd45ce\" class=\"elementor-field elementor-size-sm  elementor-upload-field\" required=\"required\">\n\n\t\t\t\t\t\t<\/div>\n\t\t\t\t\t\t\t\t<div class=\"elementor-field-type-recaptcha elementor-field-group elementor-column elementor-field-group-field_78811b2 elementor-col-100\">\n\t\t\t\t\t<div class=\"elementor-field\" id=\"form-field-field_78811b2\"><div class=\"elementor-g-recaptcha\" data-sitekey=\"6LcNizYrAAAAACwHiTc1kT3RKycVnNeJyRiGpj5I\" data-type=\"v2_checkbox\" data-theme=\"light\" data-size=\"normal\"><\/div><\/div>\t\t\t\t<\/div>\n\t\t\t\t\t\t\t\t<div class=\"elementor-field-type-acceptance elementor-field-group elementor-column elementor-field-group-field_e7d1df7 elementor-col-100 elementor-field-required elementor-mark-required\">\n\t\t\t\t\t\t\t\t\t\t\t\t<label for=\"form-field-field_e7d1df7\" class=\"elementor-field-label\">\n\t\t\t\t\t\t\t\tAcceptance\t\t\t\t\t\t\t<\/label>\n\t\t\t\t\t\t\t\t<div class=\"elementor-field-subgroup\">\n\t\t\t<span class=\"elementor-field-option\">\n\t\t\t\t<input type=\"checkbox\" name=\"form_fields[field_e7d1df7]\" id=\"form-field-field_e7d1df7\" class=\"elementor-field elementor-size-sm  elementor-acceptance-field\" required=\"required\">\n\t\t\t\t<label for=\"form-field-field_e7d1df7\">You are required to read and accept the <a href=\"https:\/\/theneweducator.com\/en\/clarification-text\/\" target=\"_blank\" rel=\"noopener\">KVKK Clarification Text<\/a>.<\/label>\t\t\t<\/span>\n\t\t<\/div>\n\t\t\t\t\t\t<\/div>\n\t\t\t\t\t\t\t\t<div class=\"elementor-field-group elementor-column elementor-field-type-submit elementor-col-100 e-form__buttons\">\n\t\t\t\t\t<button class=\"elementor-button elementor-size-sm\" type=\"submit\">\n\t\t\t\t\t\t<span class=\"elementor-button-content-wrapper\">\n\t\t\t\t\t\t\t\t\t\t\t\t\t\t\t\t\t\t\t\t\t\t<span class=\"elementor-button-text\">Send<\/span>\n\t\t\t\t\t\t\t\t\t\t\t\t\t<\/span>\n\t\t\t\t\t<\/button>\n\t\t\t\t<\/div>\n\t\t\t<\/div>\n\t\t<\/form>\n\t\t\t\t\t\t<\/div>\n\t\t\t\t<\/div>\n\t\t\t\t<\/div>\n\t\t<div class=\"elementor-element elementor-element-1f847c9 e-con-full e-flex e-con e-child\" data-id=\"1f847c9\" data-element_type=\"container\" data-e-type=\"container\">\n\t\t\t\t<div class=\"elementor-element elementor-element-ceac311 elementor-widget elementor-widget-heading\" data-id=\"ceac311\" data-element_type=\"widget\" data-e-type=\"widget\" data-widget_type=\"heading.default\">\n\t\t\t\t<div class=\"elementor-widget-container\">\n\t\t\t\t\t<h2 class=\"elementor-heading-title elementor-size-default\">Advantages of the OSSD Diploma<\/h2>\t\t\t\t<\/div>\n\t\t\t\t<\/div>\n\t\t\t\t<div class=\"elementor-element elementor-element-4ab233a elementor-widget elementor-widget-text-editor\" data-id=\"4ab233a\" data-element_type=\"widget\" data-e-type=\"widget\" data-widget_type=\"text-editor.default\">\n\t\t\t\t<div class=\"elementor-widget-container\">\n\t\t\t\t\t\t\t\t\t<p>The OSSD diploma is more flexible and advantageous in terms of academic qualification than other high school diplomas. Main advantages <\/p><ul><li>It has a wide acceptance network in countries such as Canada, the US, the UK and Australia.<\/li><li>Equivalent to AP (Advanced Placement) and IB (International Baccalaureate).<\/li><li>It provides flexibility for international students by offering the opportunity to complete online.<\/li><li>It offers the opportunity to obtain exemptions from additional language proficiency exams such as IELTS and TOEFL.<\/li><\/ul>\t\t\t\t\t\t\t\t<\/div>\n\t\t\t\t<\/div>\n\t\t\t\t<div class=\"elementor-element elementor-element-164383c elementor-widget elementor-widget-image\" data-id=\"164383c\" data-element_type=\"widget\" data-e-type=\"widget\" data-widget_type=\"image.default\">\n\t\t\t\t<div class=\"elementor-widget-container\">\n\t\t\t\t\t\t\t\t\t\t\t\t\t\t\t<img fetchpriority=\"high\" decoding=\"async\" width=\"750\" height=\"1000\" src=\"https:\/\/theneweducator.com\/wp-content\/uploads\/2025\/03\/2148505265-1.jpg\" class=\"attachment-full size-full wp-image-18142\" alt=\"Academic Freedom with Online OSSD: Time and Space Independent Education\" srcset=\"https:\/\/theneweducator.com\/wp-content\/uploads\/2025\/03\/2148505265-1.jpg 750w, https:\/\/theneweducator.com\/wp-content\/uploads\/2025\/03\/2148505265-1-600x800.jpg 600w, https:\/\/theneweducator.com\/wp-content\/uploads\/2025\/03\/2148505265-1-225x300.jpg 225w\" sizes=\"(max-width: 750px) 100vw, 750px\" \/>\t\t\t\t\t\t\t\t\t\t\t\t\t\t\t<\/div>\n\t\t\t\t<\/div>\n\t\t\t\t<\/div>\n\t\t\t\t\t<\/div>\n\t\t\t\t<\/div>\n\t\t\t\t<\/div>\n\t\t","protected":false},"excerpt":{"rendered":"<p>REGISTER TO GET YOUR CANADA OSSD DIPLOMA! Advantages of the OSSD Diploma The OSSD diploma is more flexible and advantageous [&hellip;]<\/p>\n","protected":false},"author":1,"featured_media":17662,"parent":0,"menu_order":0,"comment_status":"closed","ping_status":"closed","template":"template-homepage.php","meta":{"_acf_changed":false,"inline_featured_image":false,"footnotes":""},"class_list":["post-20046","page","type-page","status-publish","has-post-thumbnail","hentry"],"acf":[],"yoast_head":"<!-- This site is optimized with the Yoast SEO plugin v27.5 - https:\/\/yoast.com\/product\/yoast-seo-wordpress\/ -->\n<title>OSSD Price Info | Get Free Consultation | Diploma Reviews<\/title>\n<meta name=\"description\" content=\"Contact us regarding OSSD diploma price information, double diploma from Canada and Ontario International High School reviews.\" \/>\n<meta name=\"robots\" content=\"index, follow, max-snippet:-1, max-image-preview:large, max-video-preview:-1\" \/>\n<link rel=\"canonical\" href=\"https:\/\/theneweducator.com\/en\/enrollment\/\" \/>\n<meta property=\"og:locale\" content=\"en_US\" \/>\n<meta property=\"og:type\" content=\"article\" \/>\n<meta property=\"og:title\" content=\"OSSD Price Info | Get Free Consultation | Diploma Reviews\" \/>\n<meta property=\"og:description\" content=\"Contact us regarding OSSD diploma price information, double diploma from Canada and Ontario International High School reviews.\" \/>\n<meta property=\"og:url\" content=\"https:\/\/theneweducator.com\/en\/enrollment\/\" \/>\n<meta property=\"og:site_name\" content=\"OSSD - The New Educator\" \/>\n<meta property=\"article:modified_time\" content=\"2026-05-12T14:55:30+00:00\" \/>\n<meta property=\"og:image\" content=\"https:\/\/theneweducator.com\/wp-content\/uploads\/2024\/10\/event-detail-min.jpg\" \/>\n\t<meta property=\"og:image:width\" content=\"1410\" \/>\n\t<meta property=\"og:image:height\" content=\"600\" \/>\n\t<meta property=\"og:image:type\" content=\"image\/jpeg\" \/>\n<meta name=\"twitter:card\" content=\"summary_large_image\" \/>\n<meta name=\"twitter:label1\" content=\"Est. reading time\" \/>\n\t<meta name=\"twitter:data1\" content=\"1 minute\" \/>\n<script type=\"application\/ld+json\" class=\"yoast-schema-graph\">{\"@context\":\"https:\\\/\\\/schema.org\",\"@graph\":[{\"@type\":\"WebPage\",\"@id\":\"https:\\\/\\\/theneweducator.com\\\/en\\\/enrollment\\\/\",\"url\":\"https:\\\/\\\/theneweducator.com\\\/en\\\/enrollment\\\/\",\"name\":\"OSSD Price Info | Get Free Consultation | Diploma Reviews\",\"isPartOf\":{\"@id\":\"https:\\\/\\\/theneweducator.com\\\/en\\\/#website\"},\"primaryImageOfPage\":{\"@id\":\"https:\\\/\\\/theneweducator.com\\\/en\\\/enrollment\\\/#primaryimage\"},\"image\":{\"@id\":\"https:\\\/\\\/theneweducator.com\\\/en\\\/enrollment\\\/#primaryimage\"},\"thumbnailUrl\":\"https:\\\/\\\/theneweducator.com\\\/wp-content\\\/uploads\\\/2024\\\/10\\\/event-detail-min.jpg\",\"datePublished\":\"2025-09-25T10:36:22+00:00\",\"dateModified\":\"2026-05-12T14:55:30+00:00\",\"description\":\"Contact us regarding OSSD diploma price information, double diploma from Canada and Ontario International High School reviews.\",\"breadcrumb\":{\"@id\":\"https:\\\/\\\/theneweducator.com\\\/en\\\/enrollment\\\/#breadcrumb\"},\"inLanguage\":\"en-US\",\"potentialAction\":[{\"@type\":\"ReadAction\",\"target\":[\"https:\\\/\\\/theneweducator.com\\\/en\\\/enrollment\\\/\"]}]},{\"@type\":\"ImageObject\",\"inLanguage\":\"en-US\",\"@id\":\"https:\\\/\\\/theneweducator.com\\\/en\\\/enrollment\\\/#primaryimage\",\"url\":\"https:\\\/\\\/theneweducator.com\\\/wp-content\\\/uploads\\\/2024\\\/10\\\/event-detail-min.jpg\",\"contentUrl\":\"https:\\\/\\\/theneweducator.com\\\/wp-content\\\/uploads\\\/2024\\\/10\\\/event-detail-min.jpg\",\"width\":1410,\"height\":600,\"caption\":\"ossd price\"},{\"@type\":\"BreadcrumbList\",\"@id\":\"https:\\\/\\\/theneweducator.com\\\/en\\\/enrollment\\\/#breadcrumb\",\"itemListElement\":[{\"@type\":\"ListItem\",\"position\":1,\"name\":\"Anasayfa\",\"item\":\"https:\\\/\\\/theneweducator.com\\\/en\\\/\"},{\"@type\":\"ListItem\",\"position\":2,\"name\":\"Registration\"}]},{\"@type\":\"WebSite\",\"@id\":\"https:\\\/\\\/theneweducator.com\\\/en\\\/#website\",\"url\":\"https:\\\/\\\/theneweducator.com\\\/en\\\/\",\"name\":\"Ontario Secondary School Diploma - The New Educator\",\"description\":\"\u00dcniversitelere S\u0131navs\u0131z &amp; Direkt Ba\u015fvuru Hakk\u0131n\u0131z Olsun\",\"publisher\":{\"@id\":\"https:\\\/\\\/theneweducator.com\\\/en\\\/#organization\"},\"alternateName\":\"OSSD Kanada Lise Diplomas\u0131\",\"potentialAction\":[{\"@type\":\"SearchAction\",\"target\":{\"@type\":\"EntryPoint\",\"urlTemplate\":\"https:\\\/\\\/theneweducator.com\\\/en\\\/?s={search_term_string}\"},\"query-input\":{\"@type\":\"PropertyValueSpecification\",\"valueRequired\":true,\"valueName\":\"search_term_string\"}}],\"inLanguage\":\"en-US\"},{\"@type\":\"Organization\",\"@id\":\"https:\\\/\\\/theneweducator.com\\\/en\\\/#organization\",\"name\":\"OSSD Ontario Secondary School Diploma - The New Educator\",\"url\":\"https:\\\/\\\/theneweducator.com\\\/en\\\/\",\"logo\":{\"@type\":\"ImageObject\",\"inLanguage\":\"en-US\",\"@id\":\"https:\\\/\\\/theneweducator.com\\\/en\\\/#\\\/schema\\\/logo\\\/image\\\/\",\"url\":\"https:\\\/\\\/theneweducator.com\\\/wp-content\\\/uploads\\\/2025\\\/01\\\/logo-new-1.png\",\"contentUrl\":\"https:\\\/\\\/theneweducator.com\\\/wp-content\\\/uploads\\\/2025\\\/01\\\/logo-new-1.png\",\"width\":1128,\"height\":318,\"caption\":\"OSSD Ontario Secondary School Diploma - The New Educator\"},\"image\":{\"@id\":\"https:\\\/\\\/theneweducator.com\\\/en\\\/#\\\/schema\\\/logo\\\/image\\\/\"}}]}<\/script>\n<!-- \/ Yoast SEO plugin. -->","yoast_head_json":{"title":"OSSD Price Info | Get Free Consultation | Diploma Reviews","description":"Contact us regarding OSSD diploma price information, double diploma from Canada and Ontario International High School reviews.","robots":{"index":"index","follow":"follow","max-snippet":"max-snippet:-1","max-image-preview":"max-image-preview:large","max-video-preview":"max-video-preview:-1"},"canonical":"https:\/\/theneweducator.com\/en\/enrollment\/","og_locale":"en_US","og_type":"article","og_title":"OSSD Price Info | Get Free Consultation | Diploma Reviews","og_description":"Contact us regarding OSSD diploma price information, double diploma from Canada and Ontario International High School reviews.","og_url":"https:\/\/theneweducator.com\/en\/enrollment\/","og_site_name":"OSSD - The New Educator","article_modified_time":"2026-05-12T14:55:30+00:00","og_image":[{"width":1410,"height":600,"url":"https:\/\/theneweducator.com\/wp-content\/uploads\/2024\/10\/event-detail-min.jpg","type":"image\/jpeg"}],"twitter_card":"summary_large_image","twitter_misc":{"Est. reading time":"1 minute"},"schema":{"@context":"https:\/\/schema.org","@graph":[{"@type":"WebPage","@id":"https:\/\/theneweducator.com\/en\/enrollment\/","url":"https:\/\/theneweducator.com\/en\/enrollment\/","name":"OSSD Price Info | Get Free Consultation | Diploma Reviews","isPartOf":{"@id":"https:\/\/theneweducator.com\/en\/#website"},"primaryImageOfPage":{"@id":"https:\/\/theneweducator.com\/en\/enrollment\/#primaryimage"},"image":{"@id":"https:\/\/theneweducator.com\/en\/enrollment\/#primaryimage"},"thumbnailUrl":"https:\/\/theneweducator.com\/wp-content\/uploads\/2024\/10\/event-detail-min.jpg","datePublished":"2025-09-25T10:36:22+00:00","dateModified":"2026-05-12T14:55:30+00:00","description":"Contact us regarding OSSD diploma price information, double diploma from Canada and Ontario International High School reviews.","breadcrumb":{"@id":"https:\/\/theneweducator.com\/en\/enrollment\/#breadcrumb"},"inLanguage":"en-US","potentialAction":[{"@type":"ReadAction","target":["https:\/\/theneweducator.com\/en\/enrollment\/"]}]},{"@type":"ImageObject","inLanguage":"en-US","@id":"https:\/\/theneweducator.com\/en\/enrollment\/#primaryimage","url":"https:\/\/theneweducator.com\/wp-content\/uploads\/2024\/10\/event-detail-min.jpg","contentUrl":"https:\/\/theneweducator.com\/wp-content\/uploads\/2024\/10\/event-detail-min.jpg","width":1410,"height":600,"caption":"ossd price"},{"@type":"BreadcrumbList","@id":"https:\/\/theneweducator.com\/en\/enrollment\/#breadcrumb","itemListElement":[{"@type":"ListItem","position":1,"name":"Anasayfa","item":"https:\/\/theneweducator.com\/en\/"},{"@type":"ListItem","position":2,"name":"Registration"}]},{"@type":"WebSite","@id":"https:\/\/theneweducator.com\/en\/#website","url":"https:\/\/theneweducator.com\/en\/","name":"Ontario Secondary School Diploma - The New Educator","description":"\u00dcniversitelere S\u0131navs\u0131z &amp; Direkt Ba\u015fvuru Hakk\u0131n\u0131z Olsun","publisher":{"@id":"https:\/\/theneweducator.com\/en\/#organization"},"alternateName":"OSSD Kanada Lise Diplomas\u0131","potentialAction":[{"@type":"SearchAction","target":{"@type":"EntryPoint","urlTemplate":"https:\/\/theneweducator.com\/en\/?s={search_term_string}"},"query-input":{"@type":"PropertyValueSpecification","valueRequired":true,"valueName":"search_term_string"}}],"inLanguage":"en-US"},{"@type":"Organization","@id":"https:\/\/theneweducator.com\/en\/#organization","name":"OSSD Ontario Secondary School Diploma - The New Educator","url":"https:\/\/theneweducator.com\/en\/","logo":{"@type":"ImageObject","inLanguage":"en-US","@id":"https:\/\/theneweducator.com\/en\/#\/schema\/logo\/image\/","url":"https:\/\/theneweducator.com\/wp-content\/uploads\/2025\/01\/logo-new-1.png","contentUrl":"https:\/\/theneweducator.com\/wp-content\/uploads\/2025\/01\/logo-new-1.png","width":1128,"height":318,"caption":"OSSD Ontario Secondary School Diploma - The New Educator"},"image":{"@id":"https:\/\/theneweducator.com\/en\/#\/schema\/logo\/image\/"}}]}},"_links":{"self":[{"href":"https:\/\/theneweducator.com\/en\/wp-json\/wp\/v2\/pages\/20046","targetHints":{"allow":["GET"]}}],"collection":[{"href":"https:\/\/theneweducator.com\/en\/wp-json\/wp\/v2\/pages"}],"about":[{"href":"https:\/\/theneweducator.com\/en\/wp-json\/wp\/v2\/types\/page"}],"author":[{"embeddable":true,"href":"https:\/\/theneweducator.com\/en\/wp-json\/wp\/v2\/users\/1"}],"replies":[{"embeddable":true,"href":"https:\/\/theneweducator.com\/en\/wp-json\/wp\/v2\/comments?post=20046"}],"version-history":[{"count":5,"href":"https:\/\/theneweducator.com\/en\/wp-json\/wp\/v2\/pages\/20046\/revisions"}],"predecessor-version":[{"id":20056,"href":"https:\/\/theneweducator.com\/en\/wp-json\/wp\/v2\/pages\/20046\/revisions\/20056"}],"wp:featuredmedia":[{"embeddable":true,"href":"https:\/\/theneweducator.com\/en\/wp-json\/wp\/v2\/media\/17662"}],"wp:attachment":[{"href":"https:\/\/theneweducator.com\/en\/wp-json\/wp\/v2\/media?parent=20046"}],"curies":[{"name":"wp","href":"https:\/\/api.w.org\/{rel}","templated":true}]}}